{"id":5430,"date":"2025-10-27T14:50:48","date_gmt":"2025-10-27T14:50:48","guid":{"rendered":"https:\/\/homix-ks.com\/?post_type=product&#038;p=5430"},"modified":"2026-01-22T08:26:28","modified_gmt":"2026-01-22T08:26:28","slug":"tavoline-salloni-k47-662-2","status":"publish","type":"product","link":"https:\/\/homix-ks.com\/en\/product\/tavoline-salloni-k47-662-2\/","title":{"rendered":"Tavolin\u00eb Salloni &#8211; K47-662"},"content":{"rendered":"<p>Tavolina e madhe ka diamet\u00ebr 80 cm dhe lart\u00ebsi 45 cm, ideale si qend\u00ebr e dhom\u00ebs s\u00eb ndenjjes p\u00ebr vendosjen e dekorimeve apo pijeve. Tavolina e vog\u00ebl, me diamet\u00ebr 60 cm dhe lart\u00ebsi 36 cm, \u00ebsht\u00eb e p\u00ebrshtatshme p\u00ebr an\u00ebsose pran\u00eb divanit ose p\u00ebr shtes\u00eb estetike pran\u00eb tavolin\u00ebs kryesore.<\/p>","protected":false},"excerpt":{"rendered":"<p>P\u00ebrfundimi i sip\u00ebrfaqes mermeri n\u00eb ngjyr\u00eb t\u00eb bardh\u00eb me damar\u00eb gri sjell nj\u00eb ndjesi luksi, nd\u00ebrsa bazamenti metalik n\u00eb ngjyr\u00eb t\u00eb zez\u00eb mat i jep q\u00ebndrueshm\u00ebri dhe kontrast modern. Dizajni minimalist dhe linjat gjeometrike e b\u00ebjn\u00eb k\u00ebt\u00eb set t\u00eb p\u00ebrshtatet n\u00eb \u00e7do ambient bashk\u00ebkohor, duke shtuar sofistikim dhe stil urban n\u00eb hap\u00ebsir\u00eb.<\/p>","protected":false},"featured_media":5431,"comment_status":"open","ping_status":"closed","template":"","meta":{"_eb_attr":"","content-type":""},"etheme_brands":[],"product_brand":[],"product_cat":[85,87],"product_tag":[],"class_list":{"0":"post-5430","1":"product","2":"type-product","3":"status-publish","4":"has-post-thumbnail","6":"product_cat-dhome-e-ndejnjes","7":"product_cat-tavolina-dhome-te-ndenjes","9":"first","10":"outofstock","11":"sale","12":"shipping-taxable","13":"purchasable","14":"product-type-simple"},"_links":{"self":[{"href":"https:\/\/homix-ks.com\/en\/wp-json\/wp\/v2\/product\/5430","targetHints":{"allow":["GET"]}}],"collection":[{"href":"https:\/\/homix-ks.com\/en\/wp-json\/wp\/v2\/product"}],"about":[{"href":"https:\/\/homix-ks.com\/en\/wp-json\/wp\/v2\/types\/product"}],"replies":[{"embeddable":true,"href":"https:\/\/homix-ks.com\/en\/wp-json\/wp\/v2\/comments?post=5430"}],"version-history":[{"count":1,"href":"https:\/\/homix-ks.com\/en\/wp-json\/wp\/v2\/product\/5430\/revisions"}],"predecessor-version":[{"id":5433,"href":"https:\/\/homix-ks.com\/en\/wp-json\/wp\/v2\/product\/5430\/revisions\/5433"}],"wp:featuredmedia":[{"embeddable":true,"href":"https:\/\/homix-ks.com\/en\/wp-json\/wp\/v2\/media\/5431"}],"wp:attachment":[{"href":"https:\/\/homix-ks.com\/en\/wp-json\/wp\/v2\/media?parent=5430"}],"wp:term":[{"taxonomy":"brand","embeddable":true,"href":"https:\/\/homix-ks.com\/en\/wp-json\/wp\/v2\/etheme_brands?post=5430"},{"taxonomy":"product_brand","embeddable":true,"href":"https:\/\/homix-ks.com\/en\/wp-json\/wp\/v2\/product_brand?post=5430"},{"taxonomy":"product_cat","embeddable":true,"href":"https:\/\/homix-ks.com\/en\/wp-json\/wp\/v2\/product_cat?post=5430"},{"taxonomy":"product_tag","embeddable":true,"href":"https:\/\/homix-ks.com\/en\/wp-json\/wp\/v2\/product_tag?post=5430"}],"curies":[{"name":"wp","href":"https:\/\/api.w.org\/{rel}","templated":true}]}}