{"id":5408,"date":"2025-10-27T14:07:03","date_gmt":"2025-10-27T14:07:03","guid":{"rendered":"https:\/\/homix-ks.com\/?post_type=product&#038;p=5408"},"modified":"2025-11-12T10:31:42","modified_gmt":"2025-11-12T10:31:42","slug":"tavoline-salloni-k47-662","status":"publish","type":"product","link":"https:\/\/homix-ks.com\/en\/product\/tavoline-salloni-k47-662\/","title":{"rendered":"Tavolin\u00eb Salloni &#8211; K47-662"},"content":{"rendered":"<p>Set tavolinash elegante p\u00ebr ambiente moderne. Tavolina e madhe ka <strong>diamet\u00ebr 80 cm<\/strong> dhe <strong>lart\u00ebsi 45 cm<\/strong>, me sip\u00ebrfaqe xhami t\u00eb tejdukshme q\u00eb shton drit\u00eb dhe stil. Tavolina e vog\u00ebl, <strong>60 cm <\/strong>diamet\u00ebr dhe <strong>36 cm<\/strong> lart\u00ebsi, vjen me sip\u00ebrfaqe mermeri artificial p\u00ebr nj\u00eb prekje luksi.<\/p>","protected":false},"excerpt":{"rendered":"<p>\u2728 Kombinimi perfekt i <strong>dizajnit modern dhe eleganc\u00ebs,<\/strong> q\u00eb sjell bukuri dhe funksionalitet n\u00eb \u00e7do dhom\u00eb ndenjeje.<\/p>","protected":false},"featured_media":5409,"comment_status":"open","ping_status":"closed","template":"","meta":{"_eb_attr":"","content-type":""},"etheme_brands":[],"product_brand":[],"product_cat":[72],"product_tag":[],"class_list":{"0":"post-5408","1":"product","2":"type-product","3":"status-publish","4":"has-post-thumbnail","6":"product_cat-pajisje-per-shtepi","8":"first","9":"instock","10":"sale","11":"shipping-taxable","12":"purchasable","13":"product-type-simple"},"_links":{"self":[{"href":"https:\/\/homix-ks.com\/en\/wp-json\/wp\/v2\/product\/5408","targetHints":{"allow":["GET"]}}],"collection":[{"href":"https:\/\/homix-ks.com\/en\/wp-json\/wp\/v2\/product"}],"about":[{"href":"https:\/\/homix-ks.com\/en\/wp-json\/wp\/v2\/types\/product"}],"replies":[{"embeddable":true,"href":"https:\/\/homix-ks.com\/en\/wp-json\/wp\/v2\/comments?post=5408"}],"version-history":[{"count":5,"href":"https:\/\/homix-ks.com\/en\/wp-json\/wp\/v2\/product\/5408\/revisions"}],"predecessor-version":[{"id":5429,"href":"https:\/\/homix-ks.com\/en\/wp-json\/wp\/v2\/product\/5408\/revisions\/5429"}],"wp:featuredmedia":[{"embeddable":true,"href":"https:\/\/homix-ks.com\/en\/wp-json\/wp\/v2\/media\/5409"}],"wp:attachment":[{"href":"https:\/\/homix-ks.com\/en\/wp-json\/wp\/v2\/media?parent=5408"}],"wp:term":[{"taxonomy":"brand","embeddable":true,"href":"https:\/\/homix-ks.com\/en\/wp-json\/wp\/v2\/etheme_brands?post=5408"},{"taxonomy":"product_brand","embeddable":true,"href":"https:\/\/homix-ks.com\/en\/wp-json\/wp\/v2\/product_brand?post=5408"},{"taxonomy":"product_cat","embeddable":true,"href":"https:\/\/homix-ks.com\/en\/wp-json\/wp\/v2\/product_cat?post=5408"},{"taxonomy":"product_tag","embeddable":true,"href":"https:\/\/homix-ks.com\/en\/wp-json\/wp\/v2\/product_tag?post=5408"}],"curies":[{"name":"wp","href":"https:\/\/api.w.org\/{rel}","templated":true}]}}