{"id":5358,"date":"2025-10-20T12:20:27","date_gmt":"2025-10-20T12:20:27","guid":{"rendered":"https:\/\/homix-ks.com\/?post_type=product&#038;p=5358"},"modified":"2026-04-15T12:38:54","modified_gmt":"2026-04-15T12:38:54","slug":"ndricues-gm5-6","status":"publish","type":"product","link":"https:\/\/homix-ks.com\/en\/product\/ndricues-gm5-6\/","title":{"rendered":"Ndri\u00e7ues &#8211; GM5-6"},"content":{"rendered":"<p>Ky ndri\u00e7ues LED modern kombinon form\u00ebn artistike me funksionalitetin praktik. Me linja t\u00eb harkuara dhe drit\u00eb t\u00eb bardh\u00eb t\u00eb but\u00eb, ai p\u00ebrshtatet n\u00eb m\u00ebnyr\u00eb perfekte n\u00eb hap\u00ebsira bashk\u00ebkohore dhe elegante.<\/p>","protected":false},"excerpt":{"rendered":"<p>Ndri\u00e7ues modern LED me dizajn t\u00eb harkuar, i varur n\u00eb mur, q\u00eb sjell drit\u00eb elegante dhe stil minimalist n\u00eb \u00e7do ambient.<\/p>","protected":false},"featured_media":5359,"comment_status":"open","ping_status":"closed","template":"","meta":{"_eb_attr":"","content-type":""},"etheme_brands":[],"product_brand":[],"product_cat":[84,81,83,76],"product_tag":[],"class_list":{"0":"post-5358","1":"product","2":"type-product","3":"status-publish","4":"has-post-thumbnail","6":"product_cat-dhome-e-ndenjes-ndricim","7":"product_cat-dhome-gjumi","8":"product_cat-kuzhine-ndricim","9":"product_cat-ndricim","11":"first","12":"instock","13":"sale","14":"shipping-taxable","15":"purchasable","16":"product-type-simple"},"_links":{"self":[{"href":"https:\/\/homix-ks.com\/en\/wp-json\/wp\/v2\/product\/5358","targetHints":{"allow":["GET"]}}],"collection":[{"href":"https:\/\/homix-ks.com\/en\/wp-json\/wp\/v2\/product"}],"about":[{"href":"https:\/\/homix-ks.com\/en\/wp-json\/wp\/v2\/types\/product"}],"replies":[{"embeddable":true,"href":"https:\/\/homix-ks.com\/en\/wp-json\/wp\/v2\/comments?post=5358"}],"version-history":[{"count":2,"href":"https:\/\/homix-ks.com\/en\/wp-json\/wp\/v2\/product\/5358\/revisions"}],"predecessor-version":[{"id":5363,"href":"https:\/\/homix-ks.com\/en\/wp-json\/wp\/v2\/product\/5358\/revisions\/5363"}],"wp:featuredmedia":[{"embeddable":true,"href":"https:\/\/homix-ks.com\/en\/wp-json\/wp\/v2\/media\/5359"}],"wp:attachment":[{"href":"https:\/\/homix-ks.com\/en\/wp-json\/wp\/v2\/media?parent=5358"}],"wp:term":[{"taxonomy":"brand","embeddable":true,"href":"https:\/\/homix-ks.com\/en\/wp-json\/wp\/v2\/etheme_brands?post=5358"},{"taxonomy":"product_brand","embeddable":true,"href":"https:\/\/homix-ks.com\/en\/wp-json\/wp\/v2\/product_brand?post=5358"},{"taxonomy":"product_cat","embeddable":true,"href":"https:\/\/homix-ks.com\/en\/wp-json\/wp\/v2\/product_cat?post=5358"},{"taxonomy":"product_tag","embeddable":true,"href":"https:\/\/homix-ks.com\/en\/wp-json\/wp\/v2\/product_tag?post=5358"}],"curies":[{"name":"wp","href":"https:\/\/api.w.org\/{rel}","templated":true}]}}