{"id":5330,"date":"2025-10-17T09:55:39","date_gmt":"2025-10-17T09:55:39","guid":{"rendered":"https:\/\/homix-ks.com\/?post_type=product&#038;p=5330"},"modified":"2026-01-09T20:26:53","modified_gmt":"2026-01-09T20:26:53","slug":"mikser-dore-dhe-qendrues-2-ne-1-dessini-ds-6288-700w","status":"publish","type":"product","link":"https:\/\/homix-ks.com\/en\/product\/mikser-dore-dhe-qendrues-2-ne-1-dessini-ds-6288-700w\/","title":{"rendered":"Mikser Dore dhe Q\u00ebndrues 2-n\u00eb-1 &#8211; DESSINI DS-6288 700W"},"content":{"rendered":"<p data-start=\"629\" data-end=\"661\">Specifikat:<\/p>\n<ul data-start=\"1320\" data-end=\"1541\">\n<li data-start=\"663\" data-end=\"686\">\n<p data-start=\"665\" data-end=\"686\"><strong data-start=\"665\" data-end=\"676\">Modeli:<\/strong> DS-6288<\/p>\n<\/li>\n<li data-start=\"687\" data-end=\"735\">\n<p data-start=\"689\" data-end=\"735\"><strong data-start=\"689\" data-end=\"699\">Lloji:<\/strong> Mikser dore dhe q\u00ebndrues (2-n\u00eb-1)<\/p>\n<\/li>\n<li data-start=\"736\" data-end=\"782\">\n<p data-start=\"738\" data-end=\"782\"><strong data-start=\"738\" data-end=\"748\">Fuqia:<\/strong> 700W (motor me bak\u00ebr t\u00eb past\u00ebr)<\/p>\n<\/li>\n<li data-start=\"819\" data-end=\"1067\">\n<p data-start=\"821\" data-end=\"863\"><strong data-start=\"821\" data-end=\"835\">Shpejt\u00ebsi:<\/strong> 5 nivele t\u00eb rregullueshme<\/p>\n<ul data-start=\"866\" data-end=\"1067\">\n<li data-start=\"866\" data-end=\"940\">\n<p data-start=\"868\" data-end=\"940\"><strong data-start=\"868\" data-end=\"883\">Niveli 1-2:<\/strong> P\u00ebr p\u00ebrzierje pluhuri ushqimor (miell, yndyr\u00eb, patate)<\/p>\n<\/li>\n<li data-start=\"943\" data-end=\"1002\">\n<p data-start=\"945\" data-end=\"1002\"><strong data-start=\"945\" data-end=\"960\">Niveli 3-4:<\/strong> P\u00ebr materiale t\u00eb l\u00ebngshme (salc\u00eb, etj.)<\/p>\n<\/li>\n<li data-start=\"1005\" data-end=\"1067\">\n<p data-start=\"1007\" data-end=\"1067\"><strong data-start=\"1007\" data-end=\"1020\">Niveli 5:<\/strong> P\u00ebr p\u00ebrzierje t\u00eb trash\u00eb (brum\u00eb, torta, etj.)<\/p>\n<\/li>\n<\/ul>\n<\/li>\n<li data-start=\"1068\" data-end=\"1103\">\n<p data-start=\"1070\" data-end=\"1103\"><strong data-start=\"1070\" data-end=\"1093\">Kapaciteti i tasit:<\/strong> 3 litra<\/p>\n<\/li>\n<li data-start=\"1104\" data-end=\"1151\">\n<p data-start=\"1106\" data-end=\"1151\"><strong data-start=\"1106\" data-end=\"1121\">Materialet:<\/strong> Thika dhe grepa \u00e7eliku inox<\/p>\n<\/li>\n<li data-start=\"1216\" data-end=\"1288\">\n<p data-start=\"1218\" data-end=\"1288\"><strong data-start=\"1218\" data-end=\"1232\">Funksione:<\/strong> P\u00ebr vez\u00eb, krem, brum\u00eb, p\u00ebrzierje t\u00eb \u00ebmb\u00eblsirave, etj.<\/p>\n<\/li>\n<\/ul>","protected":false},"excerpt":{"rendered":"<p><strong data-start=\"170\" data-end=\"189\">DESSINI DS-6288<\/strong> \u00ebsht\u00eb nj\u00eb mikser 2-n\u00eb-1 me funksion dore dhe q\u00ebndrues, i pajisur me motor 700W bakri t\u00eb past\u00ebr dhe 5 nivele shpejt\u00ebsie p\u00ebr p\u00ebrgatitje perfekte t\u00eb \u00e7do recete.<\/p>","protected":false},"featured_media":5333,"comment_status":"open","ping_status":"closed","template":"","meta":{"_eb_attr":"","content-type":""},"etheme_brands":[],"product_brand":[78],"product_cat":[92,86,73],"product_tag":[],"class_list":{"0":"post-5330","1":"product","2":"type-product","3":"status-publish","4":"has-post-thumbnail","6":"product_brand-dessini","7":"product_cat-hapja-e-madhe","8":"product_cat-mikser","9":"product_cat-pajisje-kuzhine","11":"first","12":"outofstock","13":"sale","14":"shipping-taxable","15":"purchasable","16":"product-type-simple"},"_links":{"self":[{"href":"https:\/\/homix-ks.com\/en\/wp-json\/wp\/v2\/product\/5330","targetHints":{"allow":["GET"]}}],"collection":[{"href":"https:\/\/homix-ks.com\/en\/wp-json\/wp\/v2\/product"}],"about":[{"href":"https:\/\/homix-ks.com\/en\/wp-json\/wp\/v2\/types\/product"}],"replies":[{"embeddable":true,"href":"https:\/\/homix-ks.com\/en\/wp-json\/wp\/v2\/comments?post=5330"}],"version-history":[{"count":1,"href":"https:\/\/homix-ks.com\/en\/wp-json\/wp\/v2\/product\/5330\/revisions"}],"predecessor-version":[{"id":5336,"href":"https:\/\/homix-ks.com\/en\/wp-json\/wp\/v2\/product\/5330\/revisions\/5336"}],"wp:featuredmedia":[{"embeddable":true,"href":"https:\/\/homix-ks.com\/en\/wp-json\/wp\/v2\/media\/5333"}],"wp:attachment":[{"href":"https:\/\/homix-ks.com\/en\/wp-json\/wp\/v2\/media?parent=5330"}],"wp:term":[{"taxonomy":"brand","embeddable":true,"href":"https:\/\/homix-ks.com\/en\/wp-json\/wp\/v2\/etheme_brands?post=5330"},{"taxonomy":"product_brand","embeddable":true,"href":"https:\/\/homix-ks.com\/en\/wp-json\/wp\/v2\/product_brand?post=5330"},{"taxonomy":"product_cat","embeddable":true,"href":"https:\/\/homix-ks.com\/en\/wp-json\/wp\/v2\/product_cat?post=5330"},{"taxonomy":"product_tag","embeddable":true,"href":"https:\/\/homix-ks.com\/en\/wp-json\/wp\/v2\/product_tag?post=5330"}],"curies":[{"name":"wp","href":"https:\/\/api.w.org\/{rel}","templated":true}]}}