{"id":5240,"date":"2025-10-16T12:39:33","date_gmt":"2025-10-16T12:39:33","guid":{"rendered":"https:\/\/homix-ks.com\/?post_type=product&#038;p=5240"},"modified":"2025-11-13T18:52:18","modified_gmt":"2025-11-13T18:52:18","slug":"mini-furre-dessini-ds-5960","status":"publish","type":"product","link":"https:\/\/homix-ks.com\/en\/product\/mini-furre-dessini-ds-5960\/","title":{"rendered":"Mini Furre &#8211; DESSINI DS-5960"},"content":{"rendered":"<div><strong>Specifikimet Teknike:<\/strong><\/div>\n<div><\/div>\n<div><strong>Kapaciteti<\/strong>: 60 litra<\/div>\n<div><strong>Fuqia:<\/strong> 2000 W<\/div>\n<div>Koh\u00ebmat\u00ebs 60-minut\u00ebsh me zile (sinjal p\u00ebrfundimi)<\/div>\n<div><strong>Temperatura:<\/strong> E rregullueshme nga 70\u00b0C deri n\u00eb 250\u00b0C<\/div>\n<div><strong>Opsionet e ngrohjes:<\/strong><\/div>\n<div>Vet\u00ebm ngrohje e sip\u00ebrme<\/div>\n<div>Vet\u00ebm ngrohje e poshtme<\/div>\n<div>Ngrohje e sip\u00ebrme dhe poshtme nj\u00ebkoh\u00ebsisht<\/div>\n<div><strong>Aksesor\u00ebt baz\u00eb t\u00eb p\u00ebrfshir\u00eb:<\/strong><\/div>\n<div>Tabaka p\u00ebr pjekje \u00d71<\/div>\n<div>Rrjet\u00eb p\u00ebr pjekje \u00d71<\/div>\n<div>Dorez\u00eb p\u00ebr nxjerrjen e tabakas\u00eb \u00d71<\/div>\n<div>Set p\u00ebr rrotisserie (p\u00ebr pjekje me rrotullim) \u00d71<\/div>\n<div>P\u00ebrmasat e paketimit: 622 \u00d7 470 \u00d7 465 mm<\/div>","protected":false},"excerpt":{"rendered":"<p>Eksperienco gatimin modern me furr\u00ebn elektrike Dessini, t\u00eb dizajnuar p\u00ebr komoditet, shpejt\u00ebsi dhe rezultate t\u00eb p\u00ebrsosura. Ideale p\u00ebr \u00e7do kuzhin\u00eb familjare apo profesionale!<\/p>","protected":false},"featured_media":5245,"comment_status":"open","ping_status":"closed","template":"","meta":{"_eb_attr":"","content-type":""},"etheme_brands":[],"product_brand":[78],"product_cat":[92,73],"product_tag":[],"class_list":{"0":"post-5240","1":"product","2":"type-product","3":"status-publish","4":"has-post-thumbnail","6":"product_brand-dessini","7":"product_cat-hapja-e-madhe","8":"product_cat-pajisje-kuzhine","10":"first","11":"instock","12":"sale","13":"shipping-taxable","14":"purchasable","15":"product-type-simple"},"_links":{"self":[{"href":"https:\/\/homix-ks.com\/en\/wp-json\/wp\/v2\/product\/5240","targetHints":{"allow":["GET"]}}],"collection":[{"href":"https:\/\/homix-ks.com\/en\/wp-json\/wp\/v2\/product"}],"about":[{"href":"https:\/\/homix-ks.com\/en\/wp-json\/wp\/v2\/types\/product"}],"replies":[{"embeddable":true,"href":"https:\/\/homix-ks.com\/en\/wp-json\/wp\/v2\/comments?post=5240"}],"version-history":[{"count":2,"href":"https:\/\/homix-ks.com\/en\/wp-json\/wp\/v2\/product\/5240\/revisions"}],"predecessor-version":[{"id":5248,"href":"https:\/\/homix-ks.com\/en\/wp-json\/wp\/v2\/product\/5240\/revisions\/5248"}],"wp:featuredmedia":[{"embeddable":true,"href":"https:\/\/homix-ks.com\/en\/wp-json\/wp\/v2\/media\/5245"}],"wp:attachment":[{"href":"https:\/\/homix-ks.com\/en\/wp-json\/wp\/v2\/media?parent=5240"}],"wp:term":[{"taxonomy":"brand","embeddable":true,"href":"https:\/\/homix-ks.com\/en\/wp-json\/wp\/v2\/etheme_brands?post=5240"},{"taxonomy":"product_brand","embeddable":true,"href":"https:\/\/homix-ks.com\/en\/wp-json\/wp\/v2\/product_brand?post=5240"},{"taxonomy":"product_cat","embeddable":true,"href":"https:\/\/homix-ks.com\/en\/wp-json\/wp\/v2\/product_cat?post=5240"},{"taxonomy":"product_tag","embeddable":true,"href":"https:\/\/homix-ks.com\/en\/wp-json\/wp\/v2\/product_tag?post=5240"}],"curies":[{"name":"wp","href":"https:\/\/api.w.org\/{rel}","templated":true}]}}