{"id":5235,"date":"2025-10-16T11:49:57","date_gmt":"2025-10-16T11:49:57","guid":{"rendered":"https:\/\/homix-ks.com\/?post_type=product&#038;p=5235"},"modified":"2025-11-12T10:32:25","modified_gmt":"2025-11-12T10:32:25","slug":"ndricues-gm3-8","status":"publish","type":"product","link":"https:\/\/homix-ks.com\/en\/product\/ndricues-gm3-8\/","title":{"rendered":"Ndri\u00e7ues &#8211; GM3-8"},"content":{"rendered":"<p>Ky ndri\u00e7ues modern me form\u00eb rrethore \u00ebsht\u00eb nj\u00eb element elegant q\u00eb bashkon funksionalitetin me estetik\u00ebn bashk\u00ebkohore. Korniza e tij e bardh\u00eb me dizajn t\u00eb val\u00ebzuar i jep nj\u00eb ndjesi sofistikimi, nd\u00ebrsa drita e but\u00eb dhe e ngroht\u00eb krijon nj\u00eb atmosfer\u00eb relaksuese dhe t\u00eb k\u00ebndshme n\u00eb \u00e7do ambient.<br \/>\nI p\u00ebrshtatsh\u00ebm p\u00ebr mure me ton neutral, ky ndri\u00e7ues ofron ndri\u00e7im t\u00eb barabart\u00eb dhe delikat, duke sjell\u00eb qet\u00ebsi dhe harmoni vizuale n\u00eb hap\u00ebsir\u00ebn tuaj. Ideal p\u00ebr ambiente moderne, minimaliste apo klasike q\u00eb k\u00ebrkojn\u00eb nj\u00eb prekje fines\u00eb.<\/p>","protected":false},"excerpt":{"rendered":"<p>Ndri\u00e7ues modern me drit\u00eb t\u00eb ngroht\u00eb dhe dizajn elegant rrethor, perfekt p\u00ebr mure me stil minimalist dhe atmosfer\u00eb t\u00eb qet\u00eb.<\/p>","protected":false},"featured_media":5352,"comment_status":"open","ping_status":"closed","template":"","meta":{"_eb_attr":"","content-type":""},"etheme_brands":[],"product_brand":[75],"product_cat":[76],"product_tag":[],"class_list":{"0":"post-5235","1":"product","2":"type-product","3":"status-publish","4":"has-post-thumbnail","6":"product_brand-hoffmans","7":"product_cat-ndricim","9":"first","10":"instock","11":"sale","12":"shipping-taxable","13":"purchasable","14":"product-type-simple"},"_links":{"self":[{"href":"https:\/\/homix-ks.com\/en\/wp-json\/wp\/v2\/product\/5235","targetHints":{"allow":["GET"]}}],"collection":[{"href":"https:\/\/homix-ks.com\/en\/wp-json\/wp\/v2\/product"}],"about":[{"href":"https:\/\/homix-ks.com\/en\/wp-json\/wp\/v2\/types\/product"}],"replies":[{"embeddable":true,"href":"https:\/\/homix-ks.com\/en\/wp-json\/wp\/v2\/comments?post=5235"}],"version-history":[{"count":1,"href":"https:\/\/homix-ks.com\/en\/wp-json\/wp\/v2\/product\/5235\/revisions"}],"predecessor-version":[{"id":5239,"href":"https:\/\/homix-ks.com\/en\/wp-json\/wp\/v2\/product\/5235\/revisions\/5239"}],"wp:featuredmedia":[{"embeddable":true,"href":"https:\/\/homix-ks.com\/en\/wp-json\/wp\/v2\/media\/5352"}],"wp:attachment":[{"href":"https:\/\/homix-ks.com\/en\/wp-json\/wp\/v2\/media?parent=5235"}],"wp:term":[{"taxonomy":"brand","embeddable":true,"href":"https:\/\/homix-ks.com\/en\/wp-json\/wp\/v2\/etheme_brands?post=5235"},{"taxonomy":"product_brand","embeddable":true,"href":"https:\/\/homix-ks.com\/en\/wp-json\/wp\/v2\/product_brand?post=5235"},{"taxonomy":"product_cat","embeddable":true,"href":"https:\/\/homix-ks.com\/en\/wp-json\/wp\/v2\/product_cat?post=5235"},{"taxonomy":"product_tag","embeddable":true,"href":"https:\/\/homix-ks.com\/en\/wp-json\/wp\/v2\/product_tag?post=5235"}],"curies":[{"name":"wp","href":"https:\/\/api.w.org\/{rel}","templated":true}]}}