{"id":5229,"date":"2025-10-16T09:52:53","date_gmt":"2025-10-16T09:52:53","guid":{"rendered":"https:\/\/homix-ks.com\/?post_type=product&#038;p=5229"},"modified":"2025-11-12T10:32:34","modified_gmt":"2025-11-12T10:32:34","slug":"ndricues-gm2-4-2","status":"publish","type":"product","link":"https:\/\/homix-ks.com\/en\/product\/ndricues-gm2-4-2\/","title":{"rendered":"Ndri\u00e7ues &#8211; GM3-7"},"content":{"rendered":"<p>Ky ndri\u00e7ues modern ka nj\u00eb dizajn elegant dhe minimalist, me form\u00eb rrethore dhe struktur\u00eb t\u00eb val\u00ebzuar n\u00eb skaj q\u00eb i jep nj\u00eb pamje unike. Drita e ngroht\u00eb dhe e but\u00eb krijon nj\u00eb atmosfer\u00eb t\u00eb qet\u00eb dhe harmonike, perfekte p\u00ebr \u00e7do ambient bashk\u00ebkohor. Ideal p\u00ebr mure ose tavane me stil neutral, ky ndri\u00e7ues sjell ndri\u00e7im t\u00eb k\u00ebndsh\u00ebm dhe estetik\u00eb moderne n\u00eb \u00e7do hap\u00ebsir\u00eb.<\/p>","protected":false},"excerpt":{"rendered":"<p>Ndri\u00e7ues modern me drit\u00eb t\u00eb ngroht\u00eb dhe dizajn elegant rrethor, perfekt p\u00ebr mure me stil minimalist dhe atmosfer\u00eb t\u00eb qet\u00eb.<\/p>","protected":false},"featured_media":5230,"comment_status":"open","ping_status":"closed","template":"","meta":{"_eb_attr":"","content-type":""},"etheme_brands":[],"product_brand":[77],"product_cat":[76],"product_tag":[],"class_list":{"0":"post-5229","1":"product","2":"type-product","3":"status-publish","4":"has-post-thumbnail","6":"product_brand-homix","7":"product_cat-ndricim","9":"first","10":"instock","11":"sale","12":"shipping-taxable","13":"purchasable","14":"product-type-simple"},"_links":{"self":[{"href":"https:\/\/homix-ks.com\/en\/wp-json\/wp\/v2\/product\/5229","targetHints":{"allow":["GET"]}}],"collection":[{"href":"https:\/\/homix-ks.com\/en\/wp-json\/wp\/v2\/product"}],"about":[{"href":"https:\/\/homix-ks.com\/en\/wp-json\/wp\/v2\/types\/product"}],"replies":[{"embeddable":true,"href":"https:\/\/homix-ks.com\/en\/wp-json\/wp\/v2\/comments?post=5229"}],"version-history":[{"count":2,"href":"https:\/\/homix-ks.com\/en\/wp-json\/wp\/v2\/product\/5229\/revisions"}],"predecessor-version":[{"id":5234,"href":"https:\/\/homix-ks.com\/en\/wp-json\/wp\/v2\/product\/5229\/revisions\/5234"}],"wp:featuredmedia":[{"embeddable":true,"href":"https:\/\/homix-ks.com\/en\/wp-json\/wp\/v2\/media\/5230"}],"wp:attachment":[{"href":"https:\/\/homix-ks.com\/en\/wp-json\/wp\/v2\/media?parent=5229"}],"wp:term":[{"taxonomy":"brand","embeddable":true,"href":"https:\/\/homix-ks.com\/en\/wp-json\/wp\/v2\/etheme_brands?post=5229"},{"taxonomy":"product_brand","embeddable":true,"href":"https:\/\/homix-ks.com\/en\/wp-json\/wp\/v2\/product_brand?post=5229"},{"taxonomy":"product_cat","embeddable":true,"href":"https:\/\/homix-ks.com\/en\/wp-json\/wp\/v2\/product_cat?post=5229"},{"taxonomy":"product_tag","embeddable":true,"href":"https:\/\/homix-ks.com\/en\/wp-json\/wp\/v2\/product_tag?post=5229"}],"curies":[{"name":"wp","href":"https:\/\/api.w.org\/{rel}","templated":true}]}}