{"id":5224,"date":"2025-10-16T09:28:16","date_gmt":"2025-10-16T09:28:16","guid":{"rendered":"https:\/\/homix-ks.com\/?post_type=product&#038;p=5224"},"modified":"2025-11-12T10:32:42","modified_gmt":"2025-11-12T10:32:42","slug":"ndricues-gm2-4","status":"publish","type":"product","link":"https:\/\/homix-ks.com\/en\/product\/ndricues-gm2-4\/","title":{"rendered":"Ndri\u00e7ues &#8211; GM2-4"},"content":{"rendered":"<p>Ky ndri\u00e7ues modern \u00ebsht\u00eb i dizajnuar me linja t\u00eb pastra dhe nj\u00eb form\u00eb rrethore q\u00eb shp\u00ebrndan drit\u00eb t\u00eb but\u00eb dhe uniforme n\u00eb t\u00eb gjith\u00eb hap\u00ebsir\u00ebn. Korniza e holl\u00eb me nuanc\u00eb natyrale i jep nj\u00eb prekje elegance minimaliste, nd\u00ebrsa ndri\u00e7imi LED siguron efikasitet t\u00eb lart\u00eb dhe ngroht\u00ebsi vizuale. Perfekt p\u00ebr ambiente bashk\u00ebkohore, dhoma ndenjeje apo zyra moderne, ky ndri\u00e7ues sjell qet\u00ebsi, stil dhe funksionalitet n\u00eb \u00e7do hap\u00ebsir\u00eb.<\/p>","protected":false},"excerpt":{"rendered":"<p>Ndri\u00e7ues elegant dhe modern me dizajn minimalist rrethor q\u00eb shp\u00ebrndan drit\u00eb t\u00eb but\u00eb dhe t\u00eb ngroht\u00eb, perfekt p\u00ebr ambiente bashk\u00ebkohore.<\/p>","protected":false},"featured_media":5226,"comment_status":"open","ping_status":"closed","template":"","meta":{"_eb_attr":"","content-type":""},"etheme_brands":[],"product_brand":[77],"product_cat":[76],"product_tag":[],"class_list":{"0":"post-5224","1":"product","2":"type-product","3":"status-publish","4":"has-post-thumbnail","6":"product_brand-homix","7":"product_cat-ndricim","9":"first","10":"instock","11":"sale","12":"shipping-taxable","13":"purchasable","14":"product-type-simple"},"_links":{"self":[{"href":"https:\/\/homix-ks.com\/en\/wp-json\/wp\/v2\/product\/5224","targetHints":{"allow":["GET"]}}],"collection":[{"href":"https:\/\/homix-ks.com\/en\/wp-json\/wp\/v2\/product"}],"about":[{"href":"https:\/\/homix-ks.com\/en\/wp-json\/wp\/v2\/types\/product"}],"replies":[{"embeddable":true,"href":"https:\/\/homix-ks.com\/en\/wp-json\/wp\/v2\/comments?post=5224"}],"version-history":[{"count":1,"href":"https:\/\/homix-ks.com\/en\/wp-json\/wp\/v2\/product\/5224\/revisions"}],"predecessor-version":[{"id":5228,"href":"https:\/\/homix-ks.com\/en\/wp-json\/wp\/v2\/product\/5224\/revisions\/5228"}],"wp:featuredmedia":[{"embeddable":true,"href":"https:\/\/homix-ks.com\/en\/wp-json\/wp\/v2\/media\/5226"}],"wp:attachment":[{"href":"https:\/\/homix-ks.com\/en\/wp-json\/wp\/v2\/media?parent=5224"}],"wp:term":[{"taxonomy":"brand","embeddable":true,"href":"https:\/\/homix-ks.com\/en\/wp-json\/wp\/v2\/etheme_brands?post=5224"},{"taxonomy":"product_brand","embeddable":true,"href":"https:\/\/homix-ks.com\/en\/wp-json\/wp\/v2\/product_brand?post=5224"},{"taxonomy":"product_cat","embeddable":true,"href":"https:\/\/homix-ks.com\/en\/wp-json\/wp\/v2\/product_cat?post=5224"},{"taxonomy":"product_tag","embeddable":true,"href":"https:\/\/homix-ks.com\/en\/wp-json\/wp\/v2\/product_tag?post=5224"}],"curies":[{"name":"wp","href":"https:\/\/api.w.org\/{rel}","templated":true}]}}