{"id":5218,"date":"2025-10-16T08:41:02","date_gmt":"2025-10-16T08:41:02","guid":{"rendered":"https:\/\/homix-ks.com\/?post_type=product&#038;p=5218"},"modified":"2026-04-15T12:41:05","modified_gmt":"2026-04-15T12:41:05","slug":"ndricues-gm2-3","status":"publish","type":"product","link":"https:\/\/homix-ks.com\/en\/product\/ndricues-gm2-3\/","title":{"rendered":"Ndri\u00e7ues &#8211; GM2-3"},"content":{"rendered":"<p>Nj\u00eb ndri\u00e7ues modern me dizajn elegant dhe korniz\u00eb argjendi, q\u00eb reflekton drit\u00eb t\u00eb but\u00eb dhe t\u00eb ngroht\u00eb mbi murin neutral. Forma rrethore dhe detajet e rafinuara e b\u00ebjn\u00eb ideal p\u00ebr ambiente bashk\u00ebkohore, duke shtuar nj\u00eb prekje luksoze dhe harmonike n\u00eb \u00e7do hap\u00ebsir\u00eb. Perfect p\u00ebr sallone, dhoma gjumi apo ambiente pritjeje q\u00eb k\u00ebrkojn\u00eb ndri\u00e7im t\u00eb qet\u00eb dhe stil t\u00eb sofistikuar.<\/p>","protected":false},"excerpt":{"rendered":"<p>Ndri\u00e7ues modern me korniz\u00eb argjendi dhe drit\u00eb t\u00eb ngroht\u00eb, q\u00eb sjell eleganc\u00eb dhe stil n\u00eb \u00e7do ambient.<\/p>","protected":false},"featured_media":5221,"comment_status":"open","ping_status":"closed","template":"","meta":{"_eb_attr":"","content-type":""},"etheme_brands":[],"product_brand":[77],"product_cat":[76],"product_tag":[],"class_list":{"0":"post-5218","1":"product","2":"type-product","3":"status-publish","4":"has-post-thumbnail","6":"product_brand-homix","7":"product_cat-ndricim","9":"first","10":"instock","11":"sale","12":"shipping-taxable","13":"purchasable","14":"product-type-simple"},"_links":{"self":[{"href":"https:\/\/homix-ks.com\/en\/wp-json\/wp\/v2\/product\/5218","targetHints":{"allow":["GET"]}}],"collection":[{"href":"https:\/\/homix-ks.com\/en\/wp-json\/wp\/v2\/product"}],"about":[{"href":"https:\/\/homix-ks.com\/en\/wp-json\/wp\/v2\/types\/product"}],"replies":[{"embeddable":true,"href":"https:\/\/homix-ks.com\/en\/wp-json\/wp\/v2\/comments?post=5218"}],"version-history":[{"count":1,"href":"https:\/\/homix-ks.com\/en\/wp-json\/wp\/v2\/product\/5218\/revisions"}],"predecessor-version":[{"id":5222,"href":"https:\/\/homix-ks.com\/en\/wp-json\/wp\/v2\/product\/5218\/revisions\/5222"}],"wp:featuredmedia":[{"embeddable":true,"href":"https:\/\/homix-ks.com\/en\/wp-json\/wp\/v2\/media\/5221"}],"wp:attachment":[{"href":"https:\/\/homix-ks.com\/en\/wp-json\/wp\/v2\/media?parent=5218"}],"wp:term":[{"taxonomy":"brand","embeddable":true,"href":"https:\/\/homix-ks.com\/en\/wp-json\/wp\/v2\/etheme_brands?post=5218"},{"taxonomy":"product_brand","embeddable":true,"href":"https:\/\/homix-ks.com\/en\/wp-json\/wp\/v2\/product_brand?post=5218"},{"taxonomy":"product_cat","embeddable":true,"href":"https:\/\/homix-ks.com\/en\/wp-json\/wp\/v2\/product_cat?post=5218"},{"taxonomy":"product_tag","embeddable":true,"href":"https:\/\/homix-ks.com\/en\/wp-json\/wp\/v2\/product_tag?post=5218"}],"curies":[{"name":"wp","href":"https:\/\/api.w.org\/{rel}","templated":true}]}}