{"id":5211,"date":"2025-10-16T08:25:59","date_gmt":"2025-10-16T08:25:59","guid":{"rendered":"https:\/\/homix-ks.com\/?post_type=product&#038;p=5211"},"modified":"2026-01-31T10:19:38","modified_gmt":"2026-01-31T10:19:38","slug":"ndricues-gm2-2","status":"publish","type":"product","link":"https:\/\/homix-ks.com\/en\/product\/ndricues-gm2-2\/","title":{"rendered":"Ndri\u00e7ues &#8211; GM2-2"},"content":{"rendered":"<p>Ndri\u00e7ues modern n\u00eb form\u00eb reje, me dizajn elegant dhe drit\u00eb t\u00eb but\u00eb q\u00eb p\u00ebrshtatet n\u00eb \u00e7do ambient bashk\u00ebkohor. I thjesht\u00eb, estetik dhe perfekt p\u00ebr ndri\u00e7im t\u00eb qet\u00eb e harmonik.<\/p>","protected":false},"excerpt":{"rendered":"<p>Drit\u00eb moderne me form\u00eb kreative reje, q\u00eb sjell ndri\u00e7im t\u00eb but\u00eb dhe stil minimalist n\u00eb \u00e7do hap\u00ebsir\u00eb. Ideale p\u00ebr ambiente elegante.<\/p>","protected":false},"featured_media":5354,"comment_status":"open","ping_status":"closed","template":"","meta":{"_eb_attr":"","content-type":""},"etheme_brands":[],"product_brand":[77],"product_cat":[76],"product_tag":[],"class_list":{"0":"post-5211","1":"product","2":"type-product","3":"status-publish","4":"has-post-thumbnail","6":"product_brand-homix","7":"product_cat-ndricim","9":"first","10":"instock","11":"sale","12":"shipping-taxable","13":"purchasable","14":"product-type-simple"},"_links":{"self":[{"href":"https:\/\/homix-ks.com\/en\/wp-json\/wp\/v2\/product\/5211","targetHints":{"allow":["GET"]}}],"collection":[{"href":"https:\/\/homix-ks.com\/en\/wp-json\/wp\/v2\/product"}],"about":[{"href":"https:\/\/homix-ks.com\/en\/wp-json\/wp\/v2\/types\/product"}],"replies":[{"embeddable":true,"href":"https:\/\/homix-ks.com\/en\/wp-json\/wp\/v2\/comments?post=5211"}],"version-history":[{"count":1,"href":"https:\/\/homix-ks.com\/en\/wp-json\/wp\/v2\/product\/5211\/revisions"}],"predecessor-version":[{"id":5215,"href":"https:\/\/homix-ks.com\/en\/wp-json\/wp\/v2\/product\/5211\/revisions\/5215"}],"wp:featuredmedia":[{"embeddable":true,"href":"https:\/\/homix-ks.com\/en\/wp-json\/wp\/v2\/media\/5354"}],"wp:attachment":[{"href":"https:\/\/homix-ks.com\/en\/wp-json\/wp\/v2\/media?parent=5211"}],"wp:term":[{"taxonomy":"brand","embeddable":true,"href":"https:\/\/homix-ks.com\/en\/wp-json\/wp\/v2\/etheme_brands?post=5211"},{"taxonomy":"product_brand","embeddable":true,"href":"https:\/\/homix-ks.com\/en\/wp-json\/wp\/v2\/product_brand?post=5211"},{"taxonomy":"product_cat","embeddable":true,"href":"https:\/\/homix-ks.com\/en\/wp-json\/wp\/v2\/product_cat?post=5211"},{"taxonomy":"product_tag","embeddable":true,"href":"https:\/\/homix-ks.com\/en\/wp-json\/wp\/v2\/product_tag?post=5211"}],"curies":[{"name":"wp","href":"https:\/\/api.w.org\/{rel}","templated":true}]}}