{"id":5177,"date":"2025-10-15T14:57:52","date_gmt":"2025-10-15T14:57:52","guid":{"rendered":"https:\/\/homix-ks.com\/?post_type=product&#038;p=5177"},"modified":"2026-04-15T12:40:19","modified_gmt":"2026-04-15T12:40:19","slug":"ndricues-gm2-1","status":"publish","type":"product","link":"https:\/\/homix-ks.com\/en\/product\/ndricues-gm2-1\/","title":{"rendered":"Ndri\u00e7ues &#8211; GM2-1"},"content":{"rendered":"<p>Ky ndri\u00e7ues modern kombinon dizajnin minimalist me ndri\u00e7imin elegant. Forma e rrumbullak\u00ebt dhe rrezja e bardh\u00eb e but\u00eb krijojn\u00eb nj\u00eb atmosfer\u00eb t\u00eb ngroht\u00eb e harmonike n\u00eb \u00e7do hap\u00ebsir\u00eb. Idealisht i p\u00ebrshtatsh\u00ebm p\u00ebr dhoma ndenjeje apo ambiente t\u00eb vogla, ofron ndri\u00e7im t\u00eb barabart\u00eb dhe estetik\u00eb t\u00eb past\u00ebr, pa detaje druri, p\u00ebr nj\u00eb pamje moderne dhe t\u00eb rafinuar.<\/p>","protected":false},"excerpt":{"rendered":"<p>Ndri\u00e7ues modern me dizajn t\u00eb thjesht\u00eb dhe drit\u00eb t\u00eb bardh\u00eb elegante \u2014 ideal p\u00ebr ambiente t\u00eb vogla dhe moderne.<\/p>","protected":false},"featured_media":5179,"comment_status":"open","ping_status":"closed","template":"","meta":{"_eb_attr":"","content-type":""},"etheme_brands":[],"product_brand":[77],"product_cat":[76],"product_tag":[],"class_list":{"0":"post-5177","1":"product","2":"type-product","3":"status-publish","4":"has-post-thumbnail","6":"product_brand-homix","7":"product_cat-ndricim","9":"first","10":"instock","11":"sale","12":"shipping-taxable","13":"purchasable","14":"product-type-simple"},"_links":{"self":[{"href":"https:\/\/homix-ks.com\/en\/wp-json\/wp\/v2\/product\/5177","targetHints":{"allow":["GET"]}}],"collection":[{"href":"https:\/\/homix-ks.com\/en\/wp-json\/wp\/v2\/product"}],"about":[{"href":"https:\/\/homix-ks.com\/en\/wp-json\/wp\/v2\/types\/product"}],"replies":[{"embeddable":true,"href":"https:\/\/homix-ks.com\/en\/wp-json\/wp\/v2\/comments?post=5177"}],"version-history":[{"count":1,"href":"https:\/\/homix-ks.com\/en\/wp-json\/wp\/v2\/product\/5177\/revisions"}],"predecessor-version":[{"id":5180,"href":"https:\/\/homix-ks.com\/en\/wp-json\/wp\/v2\/product\/5177\/revisions\/5180"}],"wp:featuredmedia":[{"embeddable":true,"href":"https:\/\/homix-ks.com\/en\/wp-json\/wp\/v2\/media\/5179"}],"wp:attachment":[{"href":"https:\/\/homix-ks.com\/en\/wp-json\/wp\/v2\/media?parent=5177"}],"wp:term":[{"taxonomy":"brand","embeddable":true,"href":"https:\/\/homix-ks.com\/en\/wp-json\/wp\/v2\/etheme_brands?post=5177"},{"taxonomy":"product_brand","embeddable":true,"href":"https:\/\/homix-ks.com\/en\/wp-json\/wp\/v2\/product_brand?post=5177"},{"taxonomy":"product_cat","embeddable":true,"href":"https:\/\/homix-ks.com\/en\/wp-json\/wp\/v2\/product_cat?post=5177"},{"taxonomy":"product_tag","embeddable":true,"href":"https:\/\/homix-ks.com\/en\/wp-json\/wp\/v2\/product_tag?post=5177"}],"curies":[{"name":"wp","href":"https:\/\/api.w.org\/{rel}","templated":true}]}}