{"id":5172,"date":"2025-10-15T14:33:38","date_gmt":"2025-10-15T14:33:38","guid":{"rendered":"https:\/\/homix-ks.com\/?post_type=product&#038;p=5172"},"modified":"2026-04-15T12:42:53","modified_gmt":"2026-04-15T12:42:53","slug":"ndricues-gm2-6","status":"publish","type":"product","link":"https:\/\/homix-ks.com\/en\/product\/ndricues-gm2-6\/","title":{"rendered":"Ndri\u00e7ues &#8211; GM2-6"},"content":{"rendered":"<p>Ndri\u00e7ues modern me dizajn elegant rrethor, kombinim i ngjyr\u00ebs s\u00eb zez\u00eb me detaj t\u00eb art\u00eb t\u00eb brendsh\u00ebm, q\u00eb jep drit\u00eb t\u00eb but\u00eb dhe t\u00eb ngroht\u00eb, ideal p\u00ebr ambiente bashk\u00ebkohore dhe minimaliste.<\/p>","protected":false},"excerpt":{"rendered":"<p>Ndri\u00e7ues modern me form\u00eb rrethore, dizajn minimalist dhe drit\u00eb t\u00eb bardh\u00eb t\u00eb but\u00eb q\u00eb sjell eleganc\u00eb dhe ndri\u00e7im t\u00eb nj\u00ebtrajtsh\u00ebm n\u00eb \u00e7do hap\u00ebsir\u00eb.<\/p>","protected":false},"featured_media":5173,"comment_status":"open","ping_status":"closed","template":"","meta":{"_eb_attr":"","content-type":""},"etheme_brands":[],"product_brand":[77],"product_cat":[76],"product_tag":[],"class_list":{"0":"post-5172","1":"product","2":"type-product","3":"status-publish","4":"has-post-thumbnail","6":"product_brand-homix","7":"product_cat-ndricim","9":"first","10":"instock","11":"sale","12":"shipping-taxable","13":"purchasable","14":"product-type-simple"},"_links":{"self":[{"href":"https:\/\/homix-ks.com\/en\/wp-json\/wp\/v2\/product\/5172","targetHints":{"allow":["GET"]}}],"collection":[{"href":"https:\/\/homix-ks.com\/en\/wp-json\/wp\/v2\/product"}],"about":[{"href":"https:\/\/homix-ks.com\/en\/wp-json\/wp\/v2\/types\/product"}],"replies":[{"embeddable":true,"href":"https:\/\/homix-ks.com\/en\/wp-json\/wp\/v2\/comments?post=5172"}],"version-history":[{"count":1,"href":"https:\/\/homix-ks.com\/en\/wp-json\/wp\/v2\/product\/5172\/revisions"}],"predecessor-version":[{"id":5175,"href":"https:\/\/homix-ks.com\/en\/wp-json\/wp\/v2\/product\/5172\/revisions\/5175"}],"wp:featuredmedia":[{"embeddable":true,"href":"https:\/\/homix-ks.com\/en\/wp-json\/wp\/v2\/media\/5173"}],"wp:attachment":[{"href":"https:\/\/homix-ks.com\/en\/wp-json\/wp\/v2\/media?parent=5172"}],"wp:term":[{"taxonomy":"brand","embeddable":true,"href":"https:\/\/homix-ks.com\/en\/wp-json\/wp\/v2\/etheme_brands?post=5172"},{"taxonomy":"product_brand","embeddable":true,"href":"https:\/\/homix-ks.com\/en\/wp-json\/wp\/v2\/product_brand?post=5172"},{"taxonomy":"product_cat","embeddable":true,"href":"https:\/\/homix-ks.com\/en\/wp-json\/wp\/v2\/product_cat?post=5172"},{"taxonomy":"product_tag","embeddable":true,"href":"https:\/\/homix-ks.com\/en\/wp-json\/wp\/v2\/product_tag?post=5172"}],"curies":[{"name":"wp","href":"https:\/\/api.w.org\/{rel}","templated":true}]}}