{"id":5168,"date":"2025-10-15T14:10:23","date_gmt":"2025-10-15T14:10:23","guid":{"rendered":"https:\/\/homix-ks.com\/?post_type=product&#038;p=5168"},"modified":"2026-01-31T10:20:35","modified_gmt":"2026-01-31T10:20:35","slug":"ndricues-gm3-2","status":"publish","type":"product","link":"https:\/\/homix-ks.com\/en\/product\/ndricues-gm3-2\/","title":{"rendered":"Ndri\u00e7ues &#8211; GM3-2"},"content":{"rendered":"<p>Ndri\u00e7ues modern me dizajn elegant, form\u00eb rrethore dhe drit\u00eb t\u00eb ngroht\u00eb. Kombinon skajin e art\u00eb druri me trupin e zi mat p\u00ebr nj\u00eb pamje luksoze dhe t\u00eb sofistikuar \u2013 ideal p\u00ebr ambiente moderne dhe minimaliste.<\/p>","protected":false},"excerpt":{"rendered":"<p>Ndri\u00e7ues modern me dizajn elegant rrethor, kombinim i ngjyr\u00ebs s\u00eb zez\u00eb me detaj t\u00eb art\u00eb t\u00eb brendsh\u00ebm, q\u00eb jep drit\u00eb t\u00eb but\u00eb dhe t\u00eb ngroht\u00eb, ideal p\u00ebr ambiente bashk\u00ebkohore dhe minimaliste.<\/p>","protected":false},"featured_media":5169,"comment_status":"open","ping_status":"closed","template":"","meta":{"_eb_attr":"","content-type":""},"etheme_brands":[],"product_brand":[77],"product_cat":[76],"product_tag":[],"class_list":{"0":"post-5168","1":"product","2":"type-product","3":"status-publish","4":"has-post-thumbnail","6":"product_brand-homix","7":"product_cat-ndricim","9":"first","10":"instock","11":"sale","12":"shipping-taxable","13":"purchasable","14":"product-type-simple"},"_links":{"self":[{"href":"https:\/\/homix-ks.com\/en\/wp-json\/wp\/v2\/product\/5168","targetHints":{"allow":["GET"]}}],"collection":[{"href":"https:\/\/homix-ks.com\/en\/wp-json\/wp\/v2\/product"}],"about":[{"href":"https:\/\/homix-ks.com\/en\/wp-json\/wp\/v2\/types\/product"}],"replies":[{"embeddable":true,"href":"https:\/\/homix-ks.com\/en\/wp-json\/wp\/v2\/comments?post=5168"}],"version-history":[{"count":1,"href":"https:\/\/homix-ks.com\/en\/wp-json\/wp\/v2\/product\/5168\/revisions"}],"predecessor-version":[{"id":5171,"href":"https:\/\/homix-ks.com\/en\/wp-json\/wp\/v2\/product\/5168\/revisions\/5171"}],"wp:featuredmedia":[{"embeddable":true,"href":"https:\/\/homix-ks.com\/en\/wp-json\/wp\/v2\/media\/5169"}],"wp:attachment":[{"href":"https:\/\/homix-ks.com\/en\/wp-json\/wp\/v2\/media?parent=5168"}],"wp:term":[{"taxonomy":"brand","embeddable":true,"href":"https:\/\/homix-ks.com\/en\/wp-json\/wp\/v2\/etheme_brands?post=5168"},{"taxonomy":"product_brand","embeddable":true,"href":"https:\/\/homix-ks.com\/en\/wp-json\/wp\/v2\/product_brand?post=5168"},{"taxonomy":"product_cat","embeddable":true,"href":"https:\/\/homix-ks.com\/en\/wp-json\/wp\/v2\/product_cat?post=5168"},{"taxonomy":"product_tag","embeddable":true,"href":"https:\/\/homix-ks.com\/en\/wp-json\/wp\/v2\/product_tag?post=5168"}],"curies":[{"name":"wp","href":"https:\/\/api.w.org\/{rel}","templated":true}]}}