{"id":5161,"date":"2025-10-15T13:47:14","date_gmt":"2025-10-15T13:47:14","guid":{"rendered":"https:\/\/homix-ks.com\/?post_type=product&#038;p=5161"},"modified":"2026-01-31T10:25:48","modified_gmt":"2026-01-31T10:25:48","slug":"ndricues-gm3-6","status":"publish","type":"product","link":"https:\/\/homix-ks.com\/en\/product\/ndricues-gm3-6\/","title":{"rendered":"Ndri\u00e7ues &#8211; GM3-6"},"content":{"rendered":"<p>Ndri\u00e7ues modern me dizajn minimalist, i vendosur n\u00eb nj\u00eb dhom\u00eb t\u00eb vog\u00ebl e elegante. Drita e bardh\u00eb e but\u00eb krijon nj\u00eb atmosfer\u00eb t\u00eb qet\u00eb dhe t\u00eb ngroht\u00eb, perfekte p\u00ebr ambiente moderne dhe komode.<\/p>","protected":false},"excerpt":{"rendered":"<p>Lamp\u00eb moderne tavani me stil elegant dhe form\u00eb unike. Jep ndri\u00e7im t\u00eb past\u00ebr e harmonik n\u00eb nj\u00eb dhom\u00eb t\u00eb vog\u00ebl, duke sjell\u00eb ndjesi qet\u00ebsie dhe rafinimi pa detaje druri.<\/p>","protected":false},"featured_media":5163,"comment_status":"open","ping_status":"closed","template":"","meta":{"_eb_attr":"","content-type":""},"etheme_brands":[],"product_brand":[77],"product_cat":[76],"product_tag":[],"class_list":{"0":"post-5161","1":"product","2":"type-product","3":"status-publish","4":"has-post-thumbnail","6":"product_brand-homix","7":"product_cat-ndricim","9":"first","10":"instock","11":"sale","12":"shipping-taxable","13":"purchasable","14":"product-type-simple"},"_links":{"self":[{"href":"https:\/\/homix-ks.com\/en\/wp-json\/wp\/v2\/product\/5161","targetHints":{"allow":["GET"]}}],"collection":[{"href":"https:\/\/homix-ks.com\/en\/wp-json\/wp\/v2\/product"}],"about":[{"href":"https:\/\/homix-ks.com\/en\/wp-json\/wp\/v2\/types\/product"}],"replies":[{"embeddable":true,"href":"https:\/\/homix-ks.com\/en\/wp-json\/wp\/v2\/comments?post=5161"}],"version-history":[{"count":1,"href":"https:\/\/homix-ks.com\/en\/wp-json\/wp\/v2\/product\/5161\/revisions"}],"predecessor-version":[{"id":5167,"href":"https:\/\/homix-ks.com\/en\/wp-json\/wp\/v2\/product\/5161\/revisions\/5167"}],"wp:featuredmedia":[{"embeddable":true,"href":"https:\/\/homix-ks.com\/en\/wp-json\/wp\/v2\/media\/5163"}],"wp:attachment":[{"href":"https:\/\/homix-ks.com\/en\/wp-json\/wp\/v2\/media?parent=5161"}],"wp:term":[{"taxonomy":"brand","embeddable":true,"href":"https:\/\/homix-ks.com\/en\/wp-json\/wp\/v2\/etheme_brands?post=5161"},{"taxonomy":"product_brand","embeddable":true,"href":"https:\/\/homix-ks.com\/en\/wp-json\/wp\/v2\/product_brand?post=5161"},{"taxonomy":"product_cat","embeddable":true,"href":"https:\/\/homix-ks.com\/en\/wp-json\/wp\/v2\/product_cat?post=5161"},{"taxonomy":"product_tag","embeddable":true,"href":"https:\/\/homix-ks.com\/en\/wp-json\/wp\/v2\/product_tag?post=5161"}],"curies":[{"name":"wp","href":"https:\/\/api.w.org\/{rel}","templated":true}]}}