{"id":5155,"date":"2025-10-15T12:49:23","date_gmt":"2025-10-15T12:49:23","guid":{"rendered":"https:\/\/homix-ks.com\/?post_type=product&#038;p=5155"},"modified":"2025-11-12T10:34:14","modified_gmt":"2025-11-12T10:34:14","slug":"5155","status":"publish","type":"product","link":"https:\/\/homix-ks.com\/en\/product\/5155\/","title":{"rendered":"Ndri\u00e7ues &#8211; GM2-5"},"content":{"rendered":"<p>Drit\u00eb moderne tavani me dizajn elegant dhe minimalist, q\u00eb ndri\u00e7on dhom\u00ebn me nj\u00eb drit\u00eb t\u00eb but\u00eb dhe relaksuese. Kombinimi i mureve gri t\u00eb hapur, shtratit me mbules\u00eb t\u00eb bardh\u00eb dhe arredimit t\u00eb thjesht\u00eb krijon nj\u00eb ambient t\u00eb qet\u00eb dhe t\u00eb rafinuar \u2014 perfekt p\u00ebr nj\u00eb hap\u00ebsir\u00eb t\u00eb vog\u00ebl dhe moderne.<\/p>","protected":false},"excerpt":{"rendered":"<p>Drit\u00eb moderne tavani me ndri\u00e7im t\u00eb but\u00eb, q\u00eb sjell eleganc\u00eb dhe qet\u00ebsi n\u00eb nj\u00eb dhom\u00eb t\u00eb vog\u00ebl moderne.<\/p>","protected":false},"featured_media":5156,"comment_status":"open","ping_status":"closed","template":"","meta":{"_eb_attr":"","content-type":""},"etheme_brands":[],"product_brand":[77],"product_cat":[76],"product_tag":[],"class_list":{"0":"post-5155","1":"product","2":"type-product","3":"status-publish","4":"has-post-thumbnail","6":"product_brand-homix","7":"product_cat-ndricim","9":"first","10":"instock","11":"sale","12":"shipping-taxable","13":"purchasable","14":"product-type-simple"},"_links":{"self":[{"href":"https:\/\/homix-ks.com\/en\/wp-json\/wp\/v2\/product\/5155","targetHints":{"allow":["GET"]}}],"collection":[{"href":"https:\/\/homix-ks.com\/en\/wp-json\/wp\/v2\/product"}],"about":[{"href":"https:\/\/homix-ks.com\/en\/wp-json\/wp\/v2\/types\/product"}],"replies":[{"embeddable":true,"href":"https:\/\/homix-ks.com\/en\/wp-json\/wp\/v2\/comments?post=5155"}],"version-history":[{"count":2,"href":"https:\/\/homix-ks.com\/en\/wp-json\/wp\/v2\/product\/5155\/revisions"}],"predecessor-version":[{"id":5160,"href":"https:\/\/homix-ks.com\/en\/wp-json\/wp\/v2\/product\/5155\/revisions\/5160"}],"wp:featuredmedia":[{"embeddable":true,"href":"https:\/\/homix-ks.com\/en\/wp-json\/wp\/v2\/media\/5156"}],"wp:attachment":[{"href":"https:\/\/homix-ks.com\/en\/wp-json\/wp\/v2\/media?parent=5155"}],"wp:term":[{"taxonomy":"brand","embeddable":true,"href":"https:\/\/homix-ks.com\/en\/wp-json\/wp\/v2\/etheme_brands?post=5155"},{"taxonomy":"product_brand","embeddable":true,"href":"https:\/\/homix-ks.com\/en\/wp-json\/wp\/v2\/product_brand?post=5155"},{"taxonomy":"product_cat","embeddable":true,"href":"https:\/\/homix-ks.com\/en\/wp-json\/wp\/v2\/product_cat?post=5155"},{"taxonomy":"product_tag","embeddable":true,"href":"https:\/\/homix-ks.com\/en\/wp-json\/wp\/v2\/product_tag?post=5155"}],"curies":[{"name":"wp","href":"https:\/\/api.w.org\/{rel}","templated":true}]}}