{"id":5149,"date":"2025-10-15T12:31:28","date_gmt":"2025-10-15T12:31:28","guid":{"rendered":"https:\/\/homix-ks.com\/?post_type=product&#038;p=5149"},"modified":"2026-01-09T20:27:52","modified_gmt":"2026-01-09T20:27:52","slug":"ndricues-gm1-1","status":"publish","type":"product","link":"https:\/\/homix-ks.com\/en\/product\/ndricues-gm1-1\/","title":{"rendered":"Ndri\u00e7ues &#8211; GM1-1"},"content":{"rendered":"<p>Ndri\u00e7ues muri modern me form\u00eb rrethore dhe dizajn minimalist. Drita e bardh\u00eb e but\u00eb krijon nj\u00eb efekt elegant dhe t\u00eb qet\u00eb mbi murin neutral, duke shtuar ndjesin\u00eb e past\u00ebrtis\u00eb dhe stilit bashk\u00ebkohor. I p\u00ebrshtatsh\u00ebm p\u00ebr ambiente moderne, dhoma gjumi ose korridore me ton\u00eb t\u00eb hapura.<\/p>","protected":false},"excerpt":{"rendered":"<p>Ndri\u00e7ues muri modern me drit\u00eb t\u00eb bardh\u00eb t\u00eb but\u00eb \u2014 dizajn minimalist dhe elegant p\u00ebr ambiente moderne.<\/p>","protected":false},"featured_media":5151,"comment_status":"open","ping_status":"closed","template":"","meta":{"_eb_attr":"","content-type":""},"etheme_brands":[],"product_brand":[77],"product_cat":[76],"product_tag":[],"class_list":{"0":"post-5149","1":"product","2":"type-product","3":"status-publish","4":"has-post-thumbnail","6":"product_brand-homix","7":"product_cat-ndricim","9":"first","10":"outofstock","11":"sale","12":"shipping-taxable","13":"purchasable","14":"product-type-simple"},"_links":{"self":[{"href":"https:\/\/homix-ks.com\/en\/wp-json\/wp\/v2\/product\/5149","targetHints":{"allow":["GET"]}}],"collection":[{"href":"https:\/\/homix-ks.com\/en\/wp-json\/wp\/v2\/product"}],"about":[{"href":"https:\/\/homix-ks.com\/en\/wp-json\/wp\/v2\/types\/product"}],"replies":[{"embeddable":true,"href":"https:\/\/homix-ks.com\/en\/wp-json\/wp\/v2\/comments?post=5149"}],"version-history":[{"count":1,"href":"https:\/\/homix-ks.com\/en\/wp-json\/wp\/v2\/product\/5149\/revisions"}],"predecessor-version":[{"id":5153,"href":"https:\/\/homix-ks.com\/en\/wp-json\/wp\/v2\/product\/5149\/revisions\/5153"}],"wp:featuredmedia":[{"embeddable":true,"href":"https:\/\/homix-ks.com\/en\/wp-json\/wp\/v2\/media\/5151"}],"wp:attachment":[{"href":"https:\/\/homix-ks.com\/en\/wp-json\/wp\/v2\/media?parent=5149"}],"wp:term":[{"taxonomy":"brand","embeddable":true,"href":"https:\/\/homix-ks.com\/en\/wp-json\/wp\/v2\/etheme_brands?post=5149"},{"taxonomy":"product_brand","embeddable":true,"href":"https:\/\/homix-ks.com\/en\/wp-json\/wp\/v2\/product_brand?post=5149"},{"taxonomy":"product_cat","embeddable":true,"href":"https:\/\/homix-ks.com\/en\/wp-json\/wp\/v2\/product_cat?post=5149"},{"taxonomy":"product_tag","embeddable":true,"href":"https:\/\/homix-ks.com\/en\/wp-json\/wp\/v2\/product_tag?post=5149"}],"curies":[{"name":"wp","href":"https:\/\/api.w.org\/{rel}","templated":true}]}}