{"id":5144,"date":"2025-10-15T12:01:09","date_gmt":"2025-10-15T12:01:09","guid":{"rendered":"https:\/\/homix-ks.com\/?post_type=product&#038;p=5144"},"modified":"2025-11-12T10:34:30","modified_gmt":"2025-11-12T10:34:30","slug":"ndricues-gm1-8","status":"publish","type":"product","link":"https:\/\/homix-ks.com\/en\/product\/ndricues-gm1-8\/","title":{"rendered":"Ndri\u00e7ues &#8211; GM1-8"},"content":{"rendered":"<p>Ndri\u00e7ues modern me dizajn elegant dhe minimalist, me kat\u00ebr panele katrore q\u00eb l\u00ebshojn\u00eb drit\u00eb t\u00eb but\u00eb argjendt\u00eb. Pamja e past\u00ebr dhe sip\u00ebrfaqja e bardh\u00eb krijojn\u00eb nj\u00eb atmosfer\u00eb t\u00eb qet\u00eb dhe luksoze, perfekte p\u00ebr ambiente bashk\u00ebkohore si dhoma ndenjeje apo zyra moderne. Kombinon funksionalitetin me estetik\u00ebn, duke sjell\u00eb ndri\u00e7im t\u00eb rafinuar dhe stil modern n\u00eb \u00e7do hap\u00ebsir\u00eb.<\/p>","protected":false},"excerpt":{"rendered":"<p>Ndri\u00e7ues modern me drit\u00eb argjendt\u00eb, dizajn elegant dhe minimalist, sjell ndri\u00e7im t\u00eb past\u00ebr dhe stil bashk\u00ebkohor n\u00eb \u00e7do ambient.<\/p>","protected":false},"featured_media":5147,"comment_status":"open","ping_status":"closed","template":"","meta":{"_eb_attr":"","content-type":""},"etheme_brands":[],"product_brand":[77],"product_cat":[76],"product_tag":[],"class_list":{"0":"post-5144","1":"product","2":"type-product","3":"status-publish","4":"has-post-thumbnail","6":"product_brand-homix","7":"product_cat-ndricim","9":"first","10":"instock","11":"sale","12":"shipping-taxable","13":"purchasable","14":"product-type-simple"},"_links":{"self":[{"href":"https:\/\/homix-ks.com\/en\/wp-json\/wp\/v2\/product\/5144","targetHints":{"allow":["GET"]}}],"collection":[{"href":"https:\/\/homix-ks.com\/en\/wp-json\/wp\/v2\/product"}],"about":[{"href":"https:\/\/homix-ks.com\/en\/wp-json\/wp\/v2\/types\/product"}],"replies":[{"embeddable":true,"href":"https:\/\/homix-ks.com\/en\/wp-json\/wp\/v2\/comments?post=5144"}],"version-history":[{"count":1,"href":"https:\/\/homix-ks.com\/en\/wp-json\/wp\/v2\/product\/5144\/revisions"}],"predecessor-version":[{"id":5148,"href":"https:\/\/homix-ks.com\/en\/wp-json\/wp\/v2\/product\/5144\/revisions\/5148"}],"wp:featuredmedia":[{"embeddable":true,"href":"https:\/\/homix-ks.com\/en\/wp-json\/wp\/v2\/media\/5147"}],"wp:attachment":[{"href":"https:\/\/homix-ks.com\/en\/wp-json\/wp\/v2\/media?parent=5144"}],"wp:term":[{"taxonomy":"brand","embeddable":true,"href":"https:\/\/homix-ks.com\/en\/wp-json\/wp\/v2\/etheme_brands?post=5144"},{"taxonomy":"product_brand","embeddable":true,"href":"https:\/\/homix-ks.com\/en\/wp-json\/wp\/v2\/product_brand?post=5144"},{"taxonomy":"product_cat","embeddable":true,"href":"https:\/\/homix-ks.com\/en\/wp-json\/wp\/v2\/product_cat?post=5144"},{"taxonomy":"product_tag","embeddable":true,"href":"https:\/\/homix-ks.com\/en\/wp-json\/wp\/v2\/product_tag?post=5144"}],"curies":[{"name":"wp","href":"https:\/\/api.w.org\/{rel}","templated":true}]}}