{"id":5139,"date":"2025-10-15T09:17:35","date_gmt":"2025-10-15T09:17:35","guid":{"rendered":"https:\/\/homix-ks.com\/?post_type=product&#038;p=5139"},"modified":"2026-01-31T10:27:46","modified_gmt":"2026-01-31T10:27:46","slug":"ndricues-gm5-12","status":"publish","type":"product","link":"https:\/\/homix-ks.com\/en\/product\/ndricues-gm5-12\/","title":{"rendered":"Ndri\u00e7ues &#8211; GM5-12"},"content":{"rendered":"<p>Ndri\u00e7oni ambientin tuaj me eleganc\u00eb!<br data-start=\"102\" data-end=\"105\" \/>Ndricuesi modern me dy rrath\u00eb kristali ofron drit\u00eb t\u00eb ngroht\u00eb dhe shk\u00eblqim luksoz \u2013 perfekt p\u00ebr dhoma ngr\u00ebnieje apo ambiente mikprit\u00ebse. Dizajn i sofistikuar, ndri\u00e7im i but\u00eb, stil q\u00eb t\u00ebrheq v\u00ebmendje.<\/p>","protected":false},"excerpt":{"rendered":"<p>Ndri\u00e7im modern me kristale elegante \u2014 drit\u00eb e ngroht\u00eb, stil luksoz p\u00ebr \u00e7do ambient.<\/p>","protected":false},"featured_media":5141,"comment_status":"open","ping_status":"closed","template":"","meta":{"_eb_attr":"","content-type":""},"etheme_brands":[],"product_brand":[77],"product_cat":[76],"product_tag":[],"class_list":{"0":"post-5139","1":"product","2":"type-product","3":"status-publish","4":"has-post-thumbnail","6":"product_brand-homix","7":"product_cat-ndricim","9":"first","10":"instock","11":"sale","12":"shipping-taxable","13":"purchasable","14":"product-type-simple"},"_links":{"self":[{"href":"https:\/\/homix-ks.com\/en\/wp-json\/wp\/v2\/product\/5139","targetHints":{"allow":["GET"]}}],"collection":[{"href":"https:\/\/homix-ks.com\/en\/wp-json\/wp\/v2\/product"}],"about":[{"href":"https:\/\/homix-ks.com\/en\/wp-json\/wp\/v2\/types\/product"}],"replies":[{"embeddable":true,"href":"https:\/\/homix-ks.com\/en\/wp-json\/wp\/v2\/comments?post=5139"}],"version-history":[{"count":1,"href":"https:\/\/homix-ks.com\/en\/wp-json\/wp\/v2\/product\/5139\/revisions"}],"predecessor-version":[{"id":5142,"href":"https:\/\/homix-ks.com\/en\/wp-json\/wp\/v2\/product\/5139\/revisions\/5142"}],"wp:featuredmedia":[{"embeddable":true,"href":"https:\/\/homix-ks.com\/en\/wp-json\/wp\/v2\/media\/5141"}],"wp:attachment":[{"href":"https:\/\/homix-ks.com\/en\/wp-json\/wp\/v2\/media?parent=5139"}],"wp:term":[{"taxonomy":"brand","embeddable":true,"href":"https:\/\/homix-ks.com\/en\/wp-json\/wp\/v2\/etheme_brands?post=5139"},{"taxonomy":"product_brand","embeddable":true,"href":"https:\/\/homix-ks.com\/en\/wp-json\/wp\/v2\/product_brand?post=5139"},{"taxonomy":"product_cat","embeddable":true,"href":"https:\/\/homix-ks.com\/en\/wp-json\/wp\/v2\/product_cat?post=5139"},{"taxonomy":"product_tag","embeddable":true,"href":"https:\/\/homix-ks.com\/en\/wp-json\/wp\/v2\/product_tag?post=5139"}],"curies":[{"name":"wp","href":"https:\/\/api.w.org\/{rel}","templated":true}]}}