{"id":5128,"date":"2025-10-15T08:46:38","date_gmt":"2025-10-15T08:46:38","guid":{"rendered":"https:\/\/homix-ks.com\/?post_type=product&#038;p=5128"},"modified":"2025-11-12T10:34:45","modified_gmt":"2025-11-12T10:34:45","slug":"ndricues-gm4-1","status":"publish","type":"product","link":"https:\/\/homix-ks.com\/en\/product\/ndricues-gm4-1\/","title":{"rendered":"Ndri\u00e7ues &#8211; GM4-1"},"content":{"rendered":"<h6 class=\"sr-only\">Ndri\u00e7ues modern kristali me form\u00eb rrethore dhe drit\u00eb t\u00eb ngroht\u00eb, q\u00eb jep ndri\u00e7im elegant dhe atmosfer\u00eb luksoze.<\/h6>","protected":false},"excerpt":{"rendered":"<p>Ndri\u00e7ues modern kristali me form\u00eb rrethore dhe drit\u00eb t\u00eb ngroht\u00eb, q\u00eb jep ndri\u00e7im elegant dhe atmosfer\u00eb luksoze.<\/p>","protected":false},"featured_media":5133,"comment_status":"open","ping_status":"closed","template":"","meta":{"_eb_attr":"","content-type":""},"etheme_brands":[],"product_brand":[77],"product_cat":[76],"product_tag":[],"class_list":{"0":"post-5128","1":"product","2":"type-product","3":"status-publish","4":"has-post-thumbnail","6":"product_brand-homix","7":"product_cat-ndricim","9":"first","10":"instock","11":"sale","12":"shipping-taxable","13":"purchasable","14":"product-type-simple"},"_links":{"self":[{"href":"https:\/\/homix-ks.com\/en\/wp-json\/wp\/v2\/product\/5128","targetHints":{"allow":["GET"]}}],"collection":[{"href":"https:\/\/homix-ks.com\/en\/wp-json\/wp\/v2\/product"}],"about":[{"href":"https:\/\/homix-ks.com\/en\/wp-json\/wp\/v2\/types\/product"}],"replies":[{"embeddable":true,"href":"https:\/\/homix-ks.com\/en\/wp-json\/wp\/v2\/comments?post=5128"}],"version-history":[{"count":3,"href":"https:\/\/homix-ks.com\/en\/wp-json\/wp\/v2\/product\/5128\/revisions"}],"predecessor-version":[{"id":5138,"href":"https:\/\/homix-ks.com\/en\/wp-json\/wp\/v2\/product\/5128\/revisions\/5138"}],"wp:featuredmedia":[{"embeddable":true,"href":"https:\/\/homix-ks.com\/en\/wp-json\/wp\/v2\/media\/5133"}],"wp:attachment":[{"href":"https:\/\/homix-ks.com\/en\/wp-json\/wp\/v2\/media?parent=5128"}],"wp:term":[{"taxonomy":"brand","embeddable":true,"href":"https:\/\/homix-ks.com\/en\/wp-json\/wp\/v2\/etheme_brands?post=5128"},{"taxonomy":"product_brand","embeddable":true,"href":"https:\/\/homix-ks.com\/en\/wp-json\/wp\/v2\/product_brand?post=5128"},{"taxonomy":"product_cat","embeddable":true,"href":"https:\/\/homix-ks.com\/en\/wp-json\/wp\/v2\/product_cat?post=5128"},{"taxonomy":"product_tag","embeddable":true,"href":"https:\/\/homix-ks.com\/en\/wp-json\/wp\/v2\/product_tag?post=5128"}],"curies":[{"name":"wp","href":"https:\/\/api.w.org\/{rel}","templated":true}]}}