{"id":5126,"date":"2025-10-15T08:26:37","date_gmt":"2025-10-15T08:26:37","guid":{"rendered":"https:\/\/homix-ks.com\/?post_type=product&#038;p=5126"},"modified":"2026-01-31T10:26:39","modified_gmt":"2026-01-31T10:26:39","slug":"ndricues-gm4-6","status":"publish","type":"product","link":"https:\/\/homix-ks.com\/en\/product\/ndricues-gm4-6\/","title":{"rendered":"Ndri\u00e7ues &#8211; GM4-6"},"content":{"rendered":"<p>Ndri\u00e7ues modern me dizajn elegant n\u00eb form\u00eb spirale, i zbukuruar me kristale q\u00eb reflektojn\u00eb drit\u00ebn me shk\u00eblqim luksoz. I p\u00ebrshtatsh\u00ebm p\u00ebr dhoma ndenjeje me stil bashk\u00ebkohor, ky ndri\u00e7ues sjell ngroht\u00ebsi dhe eleganc\u00eb n\u00eb \u00e7do ambient.<\/p>","protected":false},"excerpt":{"rendered":"<p>Ndri\u00e7ues kristali modern \u2013 shk\u00eblqim, stil dhe luks p\u00ebr sht\u00ebpin\u00eb tuaj.<\/p>","protected":false},"featured_media":5129,"comment_status":"open","ping_status":"closed","template":"","meta":{"_eb_attr":"","content-type":""},"etheme_brands":[],"product_brand":[77],"product_cat":[76],"product_tag":[],"class_list":{"0":"post-5126","1":"product","2":"type-product","3":"status-publish","4":"has-post-thumbnail","6":"product_brand-homix","7":"product_cat-ndricim","9":"first","10":"instock","11":"sale","12":"shipping-taxable","13":"purchasable","14":"product-type-simple"},"_links":{"self":[{"href":"https:\/\/homix-ks.com\/en\/wp-json\/wp\/v2\/product\/5126","targetHints":{"allow":["GET"]}}],"collection":[{"href":"https:\/\/homix-ks.com\/en\/wp-json\/wp\/v2\/product"}],"about":[{"href":"https:\/\/homix-ks.com\/en\/wp-json\/wp\/v2\/types\/product"}],"replies":[{"embeddable":true,"href":"https:\/\/homix-ks.com\/en\/wp-json\/wp\/v2\/comments?post=5126"}],"version-history":[{"count":2,"href":"https:\/\/homix-ks.com\/en\/wp-json\/wp\/v2\/product\/5126\/revisions"}],"predecessor-version":[{"id":5355,"href":"https:\/\/homix-ks.com\/en\/wp-json\/wp\/v2\/product\/5126\/revisions\/5355"}],"wp:featuredmedia":[{"embeddable":true,"href":"https:\/\/homix-ks.com\/en\/wp-json\/wp\/v2\/media\/5129"}],"wp:attachment":[{"href":"https:\/\/homix-ks.com\/en\/wp-json\/wp\/v2\/media?parent=5126"}],"wp:term":[{"taxonomy":"brand","embeddable":true,"href":"https:\/\/homix-ks.com\/en\/wp-json\/wp\/v2\/etheme_brands?post=5126"},{"taxonomy":"product_brand","embeddable":true,"href":"https:\/\/homix-ks.com\/en\/wp-json\/wp\/v2\/product_brand?post=5126"},{"taxonomy":"product_cat","embeddable":true,"href":"https:\/\/homix-ks.com\/en\/wp-json\/wp\/v2\/product_cat?post=5126"},{"taxonomy":"product_tag","embeddable":true,"href":"https:\/\/homix-ks.com\/en\/wp-json\/wp\/v2\/product_tag?post=5126"}],"curies":[{"name":"wp","href":"https:\/\/api.w.org\/{rel}","templated":true}]}}