{"id":5121,"date":"2025-10-15T07:52:20","date_gmt":"2025-10-15T07:52:20","guid":{"rendered":"https:\/\/homix-ks.com\/?post_type=product&#038;p=5121"},"modified":"2026-01-31T10:17:30","modified_gmt":"2026-01-31T10:17:30","slug":"ndricues-gm4-8","status":"publish","type":"product","link":"https:\/\/homix-ks.com\/en\/product\/ndricues-gm4-8\/","title":{"rendered":"Ndri\u00e7ues &#8211; GM4-8"},"content":{"rendered":"<p>Ky ndri\u00e7ues elegant LED me dizajn modern n\u00eb form\u00eb rrethore i jep dhom\u00ebs nj\u00eb pamje luksoze dhe t\u00eb sofistikuar. Ngjyra e art\u00eb reflektuese kombinohet bukur me drit\u00ebn e ngroht\u00eb p\u00ebr t\u00eb krijuar nj\u00eb atmosfer\u00eb t\u00eb qet\u00eb dhe relaksuese.<\/p>","protected":false},"excerpt":{"rendered":"<p>Ndri\u00e7ues modern LED, q\u00eb jep drit\u00eb t\u00eb ngroht\u00eb dhe krijon nj\u00eb ambient elegant, minimal dhe relaksues.<\/p>","protected":false},"featured_media":5123,"comment_status":"open","ping_status":"closed","template":"","meta":{"_eb_attr":"","content-type":""},"etheme_brands":[],"product_brand":[77],"product_cat":[76],"product_tag":[],"class_list":{"0":"post-5121","1":"product","2":"type-product","3":"status-publish","4":"has-post-thumbnail","6":"product_brand-homix","7":"product_cat-ndricim","9":"first","10":"instock","11":"sale","12":"shipping-taxable","13":"purchasable","14":"product-type-simple"},"_links":{"self":[{"href":"https:\/\/homix-ks.com\/en\/wp-json\/wp\/v2\/product\/5121","targetHints":{"allow":["GET"]}}],"collection":[{"href":"https:\/\/homix-ks.com\/en\/wp-json\/wp\/v2\/product"}],"about":[{"href":"https:\/\/homix-ks.com\/en\/wp-json\/wp\/v2\/types\/product"}],"replies":[{"embeddable":true,"href":"https:\/\/homix-ks.com\/en\/wp-json\/wp\/v2\/comments?post=5121"}],"version-history":[{"count":1,"href":"https:\/\/homix-ks.com\/en\/wp-json\/wp\/v2\/product\/5121\/revisions"}],"predecessor-version":[{"id":5124,"href":"https:\/\/homix-ks.com\/en\/wp-json\/wp\/v2\/product\/5121\/revisions\/5124"}],"wp:featuredmedia":[{"embeddable":true,"href":"https:\/\/homix-ks.com\/en\/wp-json\/wp\/v2\/media\/5123"}],"wp:attachment":[{"href":"https:\/\/homix-ks.com\/en\/wp-json\/wp\/v2\/media?parent=5121"}],"wp:term":[{"taxonomy":"brand","embeddable":true,"href":"https:\/\/homix-ks.com\/en\/wp-json\/wp\/v2\/etheme_brands?post=5121"},{"taxonomy":"product_brand","embeddable":true,"href":"https:\/\/homix-ks.com\/en\/wp-json\/wp\/v2\/product_brand?post=5121"},{"taxonomy":"product_cat","embeddable":true,"href":"https:\/\/homix-ks.com\/en\/wp-json\/wp\/v2\/product_cat?post=5121"},{"taxonomy":"product_tag","embeddable":true,"href":"https:\/\/homix-ks.com\/en\/wp-json\/wp\/v2\/product_tag?post=5121"}],"curies":[{"name":"wp","href":"https:\/\/api.w.org\/{rel}","templated":true}]}}