{"id":5083,"date":"2025-10-15T07:43:09","date_gmt":"2025-10-15T07:43:09","guid":{"rendered":"https:\/\/homix-ks.com\/?post_type=product&#038;p=5083"},"modified":"2025-11-12T10:35:11","modified_gmt":"2025-11-12T10:35:11","slug":"ndricues-gm4-12","status":"publish","type":"product","link":"https:\/\/homix-ks.com\/en\/product\/ndricues-gm4-12\/","title":{"rendered":"Ndri\u00e7ues &#8211; GM4-12"},"content":{"rendered":"<p>Ndri\u00e7ues modern LED me dizajn elegant n\u00eb form\u00eb t\u00eb pafund\u00ebsis\u00eb, i p\u00ebrb\u00ebr\u00eb nga dy unaza kristali q\u00eb reflektojn\u00eb drit\u00eb t\u00eb ngroht\u00eb dhe shk\u00eblqim luksoz. Sfera qendrore me flluska t\u00eb vogla xhami shton efekt dekorativ dhe ndri\u00e7im t\u00eb but\u00eb, ideal p\u00ebr ambiente moderne dhe minimaliste.<\/p>","protected":false},"excerpt":{"rendered":"<p>Ndri\u00e7ues modern LED me dizajn elegant n\u00eb form\u00eb t\u00eb pafund\u00ebsis\u00eb, i p\u00ebrb\u00ebr\u00eb nga dy unaza kristali q\u00eb reflektojn\u00eb drit\u00eb t\u00eb ngroht\u00eb dhe shk\u00eblqim luksoz. Sfera&#8230;<\/p>","protected":false},"featured_media":5119,"comment_status":"open","ping_status":"closed","template":"","meta":{"_eb_attr":"","content-type":""},"etheme_brands":[],"product_brand":[77],"product_cat":[76],"product_tag":[],"class_list":{"0":"post-5083","1":"product","2":"type-product","3":"status-publish","4":"has-post-thumbnail","6":"product_brand-homix","7":"product_cat-ndricim","9":"first","10":"instock","11":"sale","12":"shipping-taxable","13":"purchasable","14":"product-type-simple"},"_links":{"self":[{"href":"https:\/\/homix-ks.com\/en\/wp-json\/wp\/v2\/product\/5083","targetHints":{"allow":["GET"]}}],"collection":[{"href":"https:\/\/homix-ks.com\/en\/wp-json\/wp\/v2\/product"}],"about":[{"href":"https:\/\/homix-ks.com\/en\/wp-json\/wp\/v2\/types\/product"}],"replies":[{"embeddable":true,"href":"https:\/\/homix-ks.com\/en\/wp-json\/wp\/v2\/comments?post=5083"}],"version-history":[{"count":1,"href":"https:\/\/homix-ks.com\/en\/wp-json\/wp\/v2\/product\/5083\/revisions"}],"predecessor-version":[{"id":5084,"href":"https:\/\/homix-ks.com\/en\/wp-json\/wp\/v2\/product\/5083\/revisions\/5084"}],"wp:featuredmedia":[{"embeddable":true,"href":"https:\/\/homix-ks.com\/en\/wp-json\/wp\/v2\/media\/5119"}],"wp:attachment":[{"href":"https:\/\/homix-ks.com\/en\/wp-json\/wp\/v2\/media?parent=5083"}],"wp:term":[{"taxonomy":"brand","embeddable":true,"href":"https:\/\/homix-ks.com\/en\/wp-json\/wp\/v2\/etheme_brands?post=5083"},{"taxonomy":"product_brand","embeddable":true,"href":"https:\/\/homix-ks.com\/en\/wp-json\/wp\/v2\/product_brand?post=5083"},{"taxonomy":"product_cat","embeddable":true,"href":"https:\/\/homix-ks.com\/en\/wp-json\/wp\/v2\/product_cat?post=5083"},{"taxonomy":"product_tag","embeddable":true,"href":"https:\/\/homix-ks.com\/en\/wp-json\/wp\/v2\/product_tag?post=5083"}],"curies":[{"name":"wp","href":"https:\/\/api.w.org\/{rel}","templated":true}]}}