{"id":5071,"date":"2025-10-14T12:16:52","date_gmt":"2025-10-14T12:16:52","guid":{"rendered":"https:\/\/homix-ks.com\/?post_type=product&#038;p=5071"},"modified":"2025-11-12T10:35:21","modified_gmt":"2025-11-12T10:35:21","slug":"ndriques-gm5-7","status":"publish","type":"product","link":"https:\/\/homix-ks.com\/en\/product\/ndriques-gm5-7\/","title":{"rendered":"Ndri\u00e7ues &#8211; GM5-7"},"content":{"rendered":"<p>Ky ndri\u00e7ues modern LED ka nj\u00eb dizajn elegant me forma t\u00eb lakuara q\u00eb krijojn\u00eb nj\u00eb efekt dritash t\u00eb buta dhe luksoze. Struktura metalike me p\u00ebrfundim t\u00eb art\u00eb pasqyron drit\u00ebn n\u00eb m\u00ebnyr\u00eb harmonike, duke i dh\u00ebn\u00eb ambientit ndjesin\u00eb e ngroht\u00ebsis\u00eb dhe rafinimit. Idealisht p\u00ebrshtatet p\u00ebr dhoma ndenjeje moderne, ku eleganca dhe minimalizmi bashkohen n\u00eb nj\u00eb pamje t\u00ebrheq\u00ebse.<\/p>","protected":false},"excerpt":{"rendered":"<p>Ndri\u00e7ues modern LED me dizajn t\u00eb lakuar dhe p\u00ebrfundim t\u00eb art\u00eb, q\u00eb jep drit\u00eb t\u00eb but\u00eb dhe pamje elegante p\u00ebr ambiente bashk\u00ebkohore.<\/p>","protected":false},"featured_media":5072,"comment_status":"open","ping_status":"closed","template":"","meta":{"_eb_attr":"","content-type":""},"etheme_brands":[],"product_brand":[77],"product_cat":[76],"product_tag":[],"class_list":{"0":"post-5071","1":"product","2":"type-product","3":"status-publish","4":"has-post-thumbnail","6":"product_brand-homix","7":"product_cat-ndricim","9":"first","10":"instock","11":"sale","12":"shipping-taxable","13":"purchasable","14":"product-type-simple"},"_links":{"self":[{"href":"https:\/\/homix-ks.com\/en\/wp-json\/wp\/v2\/product\/5071","targetHints":{"allow":["GET"]}}],"collection":[{"href":"https:\/\/homix-ks.com\/en\/wp-json\/wp\/v2\/product"}],"about":[{"href":"https:\/\/homix-ks.com\/en\/wp-json\/wp\/v2\/types\/product"}],"replies":[{"embeddable":true,"href":"https:\/\/homix-ks.com\/en\/wp-json\/wp\/v2\/comments?post=5071"}],"version-history":[{"count":5,"href":"https:\/\/homix-ks.com\/en\/wp-json\/wp\/v2\/product\/5071\/revisions"}],"predecessor-version":[{"id":5357,"href":"https:\/\/homix-ks.com\/en\/wp-json\/wp\/v2\/product\/5071\/revisions\/5357"}],"wp:featuredmedia":[{"embeddable":true,"href":"https:\/\/homix-ks.com\/en\/wp-json\/wp\/v2\/media\/5072"}],"wp:attachment":[{"href":"https:\/\/homix-ks.com\/en\/wp-json\/wp\/v2\/media?parent=5071"}],"wp:term":[{"taxonomy":"brand","embeddable":true,"href":"https:\/\/homix-ks.com\/en\/wp-json\/wp\/v2\/etheme_brands?post=5071"},{"taxonomy":"product_brand","embeddable":true,"href":"https:\/\/homix-ks.com\/en\/wp-json\/wp\/v2\/product_brand?post=5071"},{"taxonomy":"product_cat","embeddable":true,"href":"https:\/\/homix-ks.com\/en\/wp-json\/wp\/v2\/product_cat?post=5071"},{"taxonomy":"product_tag","embeddable":true,"href":"https:\/\/homix-ks.com\/en\/wp-json\/wp\/v2\/product_tag?post=5071"}],"curies":[{"name":"wp","href":"https:\/\/api.w.org\/{rel}","templated":true}]}}