{"id":5064,"date":"2025-10-14T11:55:35","date_gmt":"2025-10-14T11:55:35","guid":{"rendered":"https:\/\/homix-ks.com\/?post_type=product&#038;p=5064"},"modified":"2026-04-15T12:39:33","modified_gmt":"2026-04-15T12:39:33","slug":"ndriques-gm5-8","status":"publish","type":"product","link":"https:\/\/homix-ks.com\/en\/product\/ndriques-gm5-8\/","title":{"rendered":"Ndri\u00e7ues &#8211; GM5-8"},"content":{"rendered":"<p>Nj\u00eb ndri\u00e7ues modern LED me form\u00eb elegante dhe dizajn luksoz. Strukturat e harkuara me kristale ndri\u00e7uese reflektojn\u00eb drit\u00eb t\u00eb past\u00ebr dhe krijojn\u00eb nj\u00eb efekt shk\u00eblqimi mahnit\u00ebs. Tonet e arta i japin nj\u00eb prekje sofistikimi, nd\u00ebrsa forma dinamike e b\u00ebn t\u00eb p\u00ebrshtatsh\u00ebm p\u00ebr ambiente bashk\u00ebkohore dhe me stil.<\/p>","protected":false},"excerpt":{"rendered":"<p>Nj\u00eb ndri\u00e7ues modern me form\u00eb elegante rrethore dhe drit\u00eb t\u00eb ngroht\u00eb LED, q\u00eb sjell ndjesi luksi dhe qet\u00ebsie n\u00eb \u00e7do ambient bashk\u00ebkohor. I p\u00ebrsosur p\u00ebr dhoma ndenjeje me stil minimalist.<\/p>","protected":false},"featured_media":5068,"comment_status":"open","ping_status":"closed","template":"","meta":{"_eb_attr":"","content-type":""},"etheme_brands":[],"product_brand":[77],"product_cat":[76],"product_tag":[],"class_list":{"0":"post-5064","1":"product","2":"type-product","3":"status-publish","4":"has-post-thumbnail","6":"product_brand-homix","7":"product_cat-ndricim","9":"first","10":"instock","11":"sale","12":"shipping-taxable","13":"purchasable","14":"product-type-simple"},"_links":{"self":[{"href":"https:\/\/homix-ks.com\/en\/wp-json\/wp\/v2\/product\/5064","targetHints":{"allow":["GET"]}}],"collection":[{"href":"https:\/\/homix-ks.com\/en\/wp-json\/wp\/v2\/product"}],"about":[{"href":"https:\/\/homix-ks.com\/en\/wp-json\/wp\/v2\/types\/product"}],"replies":[{"embeddable":true,"href":"https:\/\/homix-ks.com\/en\/wp-json\/wp\/v2\/comments?post=5064"}],"version-history":[{"count":2,"href":"https:\/\/homix-ks.com\/en\/wp-json\/wp\/v2\/product\/5064\/revisions"}],"predecessor-version":[{"id":5086,"href":"https:\/\/homix-ks.com\/en\/wp-json\/wp\/v2\/product\/5064\/revisions\/5086"}],"wp:featuredmedia":[{"embeddable":true,"href":"https:\/\/homix-ks.com\/en\/wp-json\/wp\/v2\/media\/5068"}],"wp:attachment":[{"href":"https:\/\/homix-ks.com\/en\/wp-json\/wp\/v2\/media?parent=5064"}],"wp:term":[{"taxonomy":"brand","embeddable":true,"href":"https:\/\/homix-ks.com\/en\/wp-json\/wp\/v2\/etheme_brands?post=5064"},{"taxonomy":"product_brand","embeddable":true,"href":"https:\/\/homix-ks.com\/en\/wp-json\/wp\/v2\/product_brand?post=5064"},{"taxonomy":"product_cat","embeddable":true,"href":"https:\/\/homix-ks.com\/en\/wp-json\/wp\/v2\/product_cat?post=5064"},{"taxonomy":"product_tag","embeddable":true,"href":"https:\/\/homix-ks.com\/en\/wp-json\/wp\/v2\/product_tag?post=5064"}],"curies":[{"name":"wp","href":"https:\/\/api.w.org\/{rel}","templated":true}]}}