{"id":5048,"date":"2025-10-14T11:10:17","date_gmt":"2025-10-14T11:10:17","guid":{"rendered":"https:\/\/homix-ks.com\/?post_type=product&#038;p=5048"},"modified":"2026-04-15T12:26:59","modified_gmt":"2026-04-15T12:26:59","slug":"ndriques-gm1-6","status":"publish","type":"product","link":"https:\/\/homix-ks.com\/en\/product\/ndriques-gm1-6\/","title":{"rendered":"Ndri\u00e7ues &#8211; GM1-6"},"content":{"rendered":"<p>Ky ndri\u00e7ues elegant me dizajn modern ofron drit\u00eb t\u00eb but\u00eb dhe t\u00eb balancuar, ideale p\u00ebr ambiente bashk\u00ebkohore. Forma e tij e val\u00ebzuar sjell nj\u00eb prekje artistike dhe qet\u00ebsi vizuale, duke e b\u00ebr\u00eb qendr\u00ebn perfekte t\u00eb nj\u00eb dhome moderne apo salloni elegant.<\/p>","protected":false},"excerpt":{"rendered":"<p>Ndri\u00e7ues modern me form\u00eb elegante q\u00eb jep drit\u00eb t\u00eb but\u00eb dhe sjell stil e qet\u00ebsi n\u00eb ambient.<\/p>","protected":false},"featured_media":5050,"comment_status":"open","ping_status":"closed","template":"","meta":{"_eb_attr":"","content-type":""},"etheme_brands":[],"product_brand":[77],"product_cat":[76],"product_tag":[],"class_list":{"0":"post-5048","1":"product","2":"type-product","3":"status-publish","4":"has-post-thumbnail","6":"product_brand-homix","7":"product_cat-ndricim","9":"first","10":"instock","11":"sale","12":"shipping-taxable","13":"purchasable","14":"product-type-simple"},"_links":{"self":[{"href":"https:\/\/homix-ks.com\/en\/wp-json\/wp\/v2\/product\/5048","targetHints":{"allow":["GET"]}}],"collection":[{"href":"https:\/\/homix-ks.com\/en\/wp-json\/wp\/v2\/product"}],"about":[{"href":"https:\/\/homix-ks.com\/en\/wp-json\/wp\/v2\/types\/product"}],"replies":[{"embeddable":true,"href":"https:\/\/homix-ks.com\/en\/wp-json\/wp\/v2\/comments?post=5048"}],"version-history":[{"count":3,"href":"https:\/\/homix-ks.com\/en\/wp-json\/wp\/v2\/product\/5048\/revisions"}],"predecessor-version":[{"id":5089,"href":"https:\/\/homix-ks.com\/en\/wp-json\/wp\/v2\/product\/5048\/revisions\/5089"}],"wp:featuredmedia":[{"embeddable":true,"href":"https:\/\/homix-ks.com\/en\/wp-json\/wp\/v2\/media\/5050"}],"wp:attachment":[{"href":"https:\/\/homix-ks.com\/en\/wp-json\/wp\/v2\/media?parent=5048"}],"wp:term":[{"taxonomy":"brand","embeddable":true,"href":"https:\/\/homix-ks.com\/en\/wp-json\/wp\/v2\/etheme_brands?post=5048"},{"taxonomy":"product_brand","embeddable":true,"href":"https:\/\/homix-ks.com\/en\/wp-json\/wp\/v2\/product_brand?post=5048"},{"taxonomy":"product_cat","embeddable":true,"href":"https:\/\/homix-ks.com\/en\/wp-json\/wp\/v2\/product_cat?post=5048"},{"taxonomy":"product_tag","embeddable":true,"href":"https:\/\/homix-ks.com\/en\/wp-json\/wp\/v2\/product_tag?post=5048"}],"curies":[{"name":"wp","href":"https:\/\/api.w.org\/{rel}","templated":true}]}}