{"id":5041,"date":"2025-10-14T10:59:29","date_gmt":"2025-10-14T10:59:29","guid":{"rendered":"https:\/\/homix-ks.com\/?post_type=product&#038;p=5041"},"modified":"2026-01-31T10:13:57","modified_gmt":"2026-01-31T10:13:57","slug":"ndriques-gm1-9","status":"publish","type":"product","link":"https:\/\/homix-ks.com\/en\/product\/ndriques-gm1-9\/","title":{"rendered":"Ndriques &#8211; GM1-9"},"content":{"rendered":"<p>Nj\u00eb ndri\u00e7ues modern me form\u00eb unazore dhe dizajn val\u00ebzues elegant, q\u00eb ofron drit\u00eb t\u00eb but\u00eb dhe t\u00eb shp\u00ebrndar\u00eb n\u00eb m\u00ebnyr\u00eb t\u00eb barabart\u00eb. I p\u00ebrshtatsh\u00ebm p\u00ebr ambiente bashk\u00ebkohore si dhoma ndenjeje apo studio, ai kombinon minimalizmin me estetik\u00eb t\u00eb rafinuar p\u00ebr t\u00eb krijuar nj\u00eb atmosfer\u00eb t\u00eb ngroht\u00eb dhe relaksuese.<\/p>","protected":false},"excerpt":{"rendered":"<p>Nj\u00eb ndri\u00e7ues modern me form\u00eb rrethore dhe drit\u00eb t\u00eb ngroht\u00eb, q\u00eb sjell eleganc\u00eb dhe qet\u00ebsi n\u00eb \u00e7do ambient. Ideal p\u00ebr dhoma ndenjeje me stil minimalist dhe ton\u00eb neutrale.<\/p>","protected":false},"featured_media":5042,"comment_status":"open","ping_status":"closed","template":"","meta":{"_eb_attr":"","content-type":""},"etheme_brands":[],"product_brand":[77],"product_cat":[76],"product_tag":[],"class_list":{"0":"post-5041","1":"product","2":"type-product","3":"status-publish","4":"has-post-thumbnail","6":"product_brand-homix","7":"product_cat-ndricim","9":"first","10":"instock","11":"sale","12":"shipping-taxable","13":"purchasable","14":"product-type-simple"},"_links":{"self":[{"href":"https:\/\/homix-ks.com\/en\/wp-json\/wp\/v2\/product\/5041","targetHints":{"allow":["GET"]}}],"collection":[{"href":"https:\/\/homix-ks.com\/en\/wp-json\/wp\/v2\/product"}],"about":[{"href":"https:\/\/homix-ks.com\/en\/wp-json\/wp\/v2\/types\/product"}],"replies":[{"embeddable":true,"href":"https:\/\/homix-ks.com\/en\/wp-json\/wp\/v2\/comments?post=5041"}],"version-history":[{"count":2,"href":"https:\/\/homix-ks.com\/en\/wp-json\/wp\/v2\/product\/5041\/revisions"}],"predecessor-version":[{"id":5046,"href":"https:\/\/homix-ks.com\/en\/wp-json\/wp\/v2\/product\/5041\/revisions\/5046"}],"wp:featuredmedia":[{"embeddable":true,"href":"https:\/\/homix-ks.com\/en\/wp-json\/wp\/v2\/media\/5042"}],"wp:attachment":[{"href":"https:\/\/homix-ks.com\/en\/wp-json\/wp\/v2\/media?parent=5041"}],"wp:term":[{"taxonomy":"brand","embeddable":true,"href":"https:\/\/homix-ks.com\/en\/wp-json\/wp\/v2\/etheme_brands?post=5041"},{"taxonomy":"product_brand","embeddable":true,"href":"https:\/\/homix-ks.com\/en\/wp-json\/wp\/v2\/product_brand?post=5041"},{"taxonomy":"product_cat","embeddable":true,"href":"https:\/\/homix-ks.com\/en\/wp-json\/wp\/v2\/product_cat?post=5041"},{"taxonomy":"product_tag","embeddable":true,"href":"https:\/\/homix-ks.com\/en\/wp-json\/wp\/v2\/product_tag?post=5041"}],"curies":[{"name":"wp","href":"https:\/\/api.w.org\/{rel}","templated":true}]}}