{"id":5037,"date":"2025-10-14T10:16:10","date_gmt":"2025-10-14T10:16:10","guid":{"rendered":"https:\/\/homix-ks.com\/?post_type=product&#038;p=5037"},"modified":"2025-11-12T10:36:45","modified_gmt":"2025-11-12T10:36:45","slug":"ndricues-gm3-4","status":"publish","type":"product","link":"https:\/\/homix-ks.com\/en\/product\/ndricues-gm3-4\/","title":{"rendered":"Ndri\u00e7ues &#8211; GM3-4"},"content":{"rendered":"<p>Ndri\u00e7ues modern rrethor me dizajn elegant dhe minimalist, i punuar me korniz\u00eb t\u00eb zez\u00eb prej materiali cil\u00ebsor q\u00eb i jep nj\u00eb pamje t\u00eb sofistikuar. Drita LED e ngroht\u00eb shp\u00ebrndahet n\u00eb m\u00ebnyr\u00eb t\u00eb barabart\u00eb, duke krijuar nj\u00eb ndri\u00e7im t\u00eb but\u00eb dhe relaksues. I p\u00ebrshtatsh\u00ebm p\u00ebr dhoma ndenjeje, ambiente moderne apo hap\u00ebsira pune me stil bashk\u00ebkohor, ky ndri\u00e7ues kombinon estetik\u00ebn me funksionalitetin p\u00ebr nj\u00eb ndri\u00e7im t\u00eb p\u00ebrsosur dhe atmosfer\u00eb luksoze.<\/p>","protected":false},"excerpt":{"rendered":"<p>Ndri\u00e7ues modern rrethor me dizajn elegant, korniz\u00eb t\u00eb zez\u00eb dhe drit\u00eb t\u00eb ngroht\u00eb LED, ideal p\u00ebr ambiente bashk\u00ebkohore dhe luksoze.<\/p>","protected":false},"featured_media":5038,"comment_status":"open","ping_status":"closed","template":"","meta":{"_eb_attr":"","content-type":""},"etheme_brands":[],"product_brand":[77],"product_cat":[76],"product_tag":[],"class_list":{"0":"post-5037","1":"product","2":"type-product","3":"status-publish","4":"has-post-thumbnail","6":"product_brand-homix","7":"product_cat-ndricim","9":"first","10":"instock","11":"sale","12":"shipping-taxable","13":"purchasable","14":"product-type-simple"},"_links":{"self":[{"href":"https:\/\/homix-ks.com\/en\/wp-json\/wp\/v2\/product\/5037","targetHints":{"allow":["GET"]}}],"collection":[{"href":"https:\/\/homix-ks.com\/en\/wp-json\/wp\/v2\/product"}],"about":[{"href":"https:\/\/homix-ks.com\/en\/wp-json\/wp\/v2\/types\/product"}],"replies":[{"embeddable":true,"href":"https:\/\/homix-ks.com\/en\/wp-json\/wp\/v2\/comments?post=5037"}],"version-history":[{"count":2,"href":"https:\/\/homix-ks.com\/en\/wp-json\/wp\/v2\/product\/5037\/revisions"}],"predecessor-version":[{"id":5090,"href":"https:\/\/homix-ks.com\/en\/wp-json\/wp\/v2\/product\/5037\/revisions\/5090"}],"wp:featuredmedia":[{"embeddable":true,"href":"https:\/\/homix-ks.com\/en\/wp-json\/wp\/v2\/media\/5038"}],"wp:attachment":[{"href":"https:\/\/homix-ks.com\/en\/wp-json\/wp\/v2\/media?parent=5037"}],"wp:term":[{"taxonomy":"brand","embeddable":true,"href":"https:\/\/homix-ks.com\/en\/wp-json\/wp\/v2\/etheme_brands?post=5037"},{"taxonomy":"product_brand","embeddable":true,"href":"https:\/\/homix-ks.com\/en\/wp-json\/wp\/v2\/product_brand?post=5037"},{"taxonomy":"product_cat","embeddable":true,"href":"https:\/\/homix-ks.com\/en\/wp-json\/wp\/v2\/product_cat?post=5037"},{"taxonomy":"product_tag","embeddable":true,"href":"https:\/\/homix-ks.com\/en\/wp-json\/wp\/v2\/product_tag?post=5037"}],"curies":[{"name":"wp","href":"https:\/\/api.w.org\/{rel}","templated":true}]}}