{"id":5030,"date":"2025-10-14T10:08:01","date_gmt":"2025-10-14T10:08:01","guid":{"rendered":"https:\/\/homix-ks.com\/?post_type=product&#038;p=5030"},"modified":"2026-04-15T12:29:44","modified_gmt":"2026-04-15T12:29:44","slug":"ndricues-gm3-3","status":"publish","type":"product","link":"https:\/\/homix-ks.com\/en\/product\/ndricues-gm3-3\/","title":{"rendered":"Ndri\u00e7ues &#8211; GM3-3"},"content":{"rendered":"<p>Nj\u00eb ndri\u00e7ues modern i varur me form\u00eb rrethore ndri\u00e7on ambientin me nj\u00eb drit\u00eb t\u00eb ngroht\u00eb dhe elegante. Dizajni i tij minimalist, me ngjyr\u00eb t\u00eb zez\u00eb mat dhe linja t\u00eb pastra, e b\u00ebn t\u00eb p\u00ebrsosur p\u00ebr hap\u00ebsira bashk\u00ebkohore si sallone, zyra apo ambiente pritjeje.<\/p>","protected":false},"excerpt":{"rendered":"<p>Ndri\u00e7ues modern rrethor me drit\u00eb t\u00eb ngroht\u00eb, stil elegant dhe minimalist, perfekt p\u00ebr ambiente bashk\u00ebkohore.<\/p>","protected":false},"featured_media":5033,"comment_status":"open","ping_status":"closed","template":"","meta":{"_eb_attr":"","content-type":""},"etheme_brands":[],"product_brand":[77],"product_cat":[76],"product_tag":[],"class_list":{"0":"post-5030","1":"product","2":"type-product","3":"status-publish","4":"has-post-thumbnail","6":"product_brand-homix","7":"product_cat-ndricim","9":"first","10":"instock","11":"sale","12":"shipping-taxable","13":"purchasable","14":"product-type-simple"},"_links":{"self":[{"href":"https:\/\/homix-ks.com\/en\/wp-json\/wp\/v2\/product\/5030","targetHints":{"allow":["GET"]}}],"collection":[{"href":"https:\/\/homix-ks.com\/en\/wp-json\/wp\/v2\/product"}],"about":[{"href":"https:\/\/homix-ks.com\/en\/wp-json\/wp\/v2\/types\/product"}],"replies":[{"embeddable":true,"href":"https:\/\/homix-ks.com\/en\/wp-json\/wp\/v2\/comments?post=5030"}],"version-history":[{"count":3,"href":"https:\/\/homix-ks.com\/en\/wp-json\/wp\/v2\/product\/5030\/revisions"}],"predecessor-version":[{"id":5091,"href":"https:\/\/homix-ks.com\/en\/wp-json\/wp\/v2\/product\/5030\/revisions\/5091"}],"wp:featuredmedia":[{"embeddable":true,"href":"https:\/\/homix-ks.com\/en\/wp-json\/wp\/v2\/media\/5033"}],"wp:attachment":[{"href":"https:\/\/homix-ks.com\/en\/wp-json\/wp\/v2\/media?parent=5030"}],"wp:term":[{"taxonomy":"brand","embeddable":true,"href":"https:\/\/homix-ks.com\/en\/wp-json\/wp\/v2\/etheme_brands?post=5030"},{"taxonomy":"product_brand","embeddable":true,"href":"https:\/\/homix-ks.com\/en\/wp-json\/wp\/v2\/product_brand?post=5030"},{"taxonomy":"product_cat","embeddable":true,"href":"https:\/\/homix-ks.com\/en\/wp-json\/wp\/v2\/product_cat?post=5030"},{"taxonomy":"product_tag","embeddable":true,"href":"https:\/\/homix-ks.com\/en\/wp-json\/wp\/v2\/product_tag?post=5030"}],"curies":[{"name":"wp","href":"https:\/\/api.w.org\/{rel}","templated":true}]}}