{"id":5024,"date":"2025-10-14T09:43:50","date_gmt":"2025-10-14T09:43:50","guid":{"rendered":"https:\/\/homix-ks.com\/?post_type=product&#038;p=5024"},"modified":"2026-04-15T12:33:01","modified_gmt":"2026-04-15T12:33:01","slug":"ndricues-gm4-10","status":"publish","type":"product","link":"https:\/\/homix-ks.com\/en\/product\/ndricues-gm4-10\/","title":{"rendered":"Ndri\u00e7ues &#8211; GM4-10"},"content":{"rendered":"<p>Nj\u00eb ndri\u00e7ues modern LED me dizajn elegant dhe linja t\u00eb rrumbullakosura, i varur mbi nj\u00eb ambient luksoz me tone neutrale. Drita e ngroht\u00eb krijon nj\u00eb atmosfer\u00eb t\u00eb but\u00eb dhe relaksuese, duke reflektuar stilin minimalist dhe bashk\u00ebkohor t\u00eb dhom\u00ebs. Ky ndri\u00e7ues \u00ebsht\u00eb ideal p\u00ebr sallone apo ambiente pritjeje q\u00eb k\u00ebrkojn\u00eb eleganc\u00eb dhe ndri\u00e7im harmonik.<\/p>","protected":false},"excerpt":{"rendered":"<p>Nj\u00eb ndri\u00e7ues modern LED me dizajn elegant dhe form\u00eb gjeometrike ndri\u00e7on me ngjyra neutrale. Kombinimi i drit\u00ebs s\u00eb ngroht\u00eb me sip\u00ebrfaqet prej mermeri dhe elementet minimaliste krijon nj\u00eb ambient t\u00eb past\u00ebr dhe plot stil.<\/p>","protected":false},"featured_media":5025,"comment_status":"open","ping_status":"closed","template":"","meta":{"_eb_attr":"","content-type":""},"etheme_brands":[],"product_brand":[77],"product_cat":[76],"product_tag":[],"class_list":{"0":"post-5024","1":"product","2":"type-product","3":"status-publish","4":"has-post-thumbnail","6":"product_brand-homix","7":"product_cat-ndricim","9":"first","10":"instock","11":"sale","12":"shipping-taxable","13":"purchasable","14":"product-type-simple"},"_links":{"self":[{"href":"https:\/\/homix-ks.com\/en\/wp-json\/wp\/v2\/product\/5024","targetHints":{"allow":["GET"]}}],"collection":[{"href":"https:\/\/homix-ks.com\/en\/wp-json\/wp\/v2\/product"}],"about":[{"href":"https:\/\/homix-ks.com\/en\/wp-json\/wp\/v2\/types\/product"}],"replies":[{"embeddable":true,"href":"https:\/\/homix-ks.com\/en\/wp-json\/wp\/v2\/comments?post=5024"}],"version-history":[{"count":3,"href":"https:\/\/homix-ks.com\/en\/wp-json\/wp\/v2\/product\/5024\/revisions"}],"predecessor-version":[{"id":5092,"href":"https:\/\/homix-ks.com\/en\/wp-json\/wp\/v2\/product\/5024\/revisions\/5092"}],"wp:featuredmedia":[{"embeddable":true,"href":"https:\/\/homix-ks.com\/en\/wp-json\/wp\/v2\/media\/5025"}],"wp:attachment":[{"href":"https:\/\/homix-ks.com\/en\/wp-json\/wp\/v2\/media?parent=5024"}],"wp:term":[{"taxonomy":"brand","embeddable":true,"href":"https:\/\/homix-ks.com\/en\/wp-json\/wp\/v2\/etheme_brands?post=5024"},{"taxonomy":"product_brand","embeddable":true,"href":"https:\/\/homix-ks.com\/en\/wp-json\/wp\/v2\/product_brand?post=5024"},{"taxonomy":"product_cat","embeddable":true,"href":"https:\/\/homix-ks.com\/en\/wp-json\/wp\/v2\/product_cat?post=5024"},{"taxonomy":"product_tag","embeddable":true,"href":"https:\/\/homix-ks.com\/en\/wp-json\/wp\/v2\/product_tag?post=5024"}],"curies":[{"name":"wp","href":"https:\/\/api.w.org\/{rel}","templated":true}]}}