{"id":5018,"date":"2025-10-14T09:11:32","date_gmt":"2025-10-14T09:11:32","guid":{"rendered":"https:\/\/homix-ks.com\/?post_type=product&#038;p=5018"},"modified":"2026-01-06T20:12:58","modified_gmt":"2026-01-06T20:12:58","slug":"ndricues-gm1-3","status":"publish","type":"product","link":"https:\/\/homix-ks.com\/en\/product\/ndricues-gm1-3\/","title":{"rendered":"Ndri\u00e7ues &#8211; GM1-3"},"content":{"rendered":"<p>Ky ndri\u00e7ues modern me tre sfera ndri\u00e7uese sjell nj\u00eb ndjesi elegance dhe qet\u00ebsie n\u00eb ambient. Dizajni minimalist me drit\u00eb t\u00eb but\u00eb e t\u00eb ngroht\u00eb p\u00ebrshtatet n\u00eb m\u00ebnyr\u00eb perfekte me dhoma ndenjeje ose ngr\u00ebnieje, duke krijuar nj\u00eb atmosfer\u00eb t\u00eb k\u00ebndshme dhe bashk\u00ebkohore. Ideale p\u00ebr ambiente me stil modern e neutral, pa element\u00eb druri, ku ndri\u00e7imi b\u00ebhet pjes\u00eb e dekorit.<\/p>","protected":false},"excerpt":{"rendered":"<p>Me dizajn minimalist dhe kabllo t\u00eb holla metalike, p\u00ebrshtatet n\u00eb m\u00ebnyr\u00eb perfekte mbi nj\u00eb mur neutral, duke krijuar nj\u00eb atmosfer\u00eb t\u00eb qet\u00eb dhe bashk\u00ebkohore n\u00eb \u00e7do ambient.<\/p>","protected":false},"featured_media":5021,"comment_status":"open","ping_status":"closed","template":"","meta":{"_eb_attr":"","content-type":""},"etheme_brands":[],"product_brand":[77],"product_cat":[76],"product_tag":[],"class_list":{"0":"post-5018","1":"product","2":"type-product","3":"status-publish","4":"has-post-thumbnail","6":"product_brand-homix","7":"product_cat-ndricim","9":"first","10":"outofstock","11":"sale","12":"shipping-taxable","13":"purchasable","14":"product-type-simple"},"_links":{"self":[{"href":"https:\/\/homix-ks.com\/en\/wp-json\/wp\/v2\/product\/5018","targetHints":{"allow":["GET"]}}],"collection":[{"href":"https:\/\/homix-ks.com\/en\/wp-json\/wp\/v2\/product"}],"about":[{"href":"https:\/\/homix-ks.com\/en\/wp-json\/wp\/v2\/types\/product"}],"replies":[{"embeddable":true,"href":"https:\/\/homix-ks.com\/en\/wp-json\/wp\/v2\/comments?post=5018"}],"version-history":[{"count":2,"href":"https:\/\/homix-ks.com\/en\/wp-json\/wp\/v2\/product\/5018\/revisions"}],"predecessor-version":[{"id":5093,"href":"https:\/\/homix-ks.com\/en\/wp-json\/wp\/v2\/product\/5018\/revisions\/5093"}],"wp:featuredmedia":[{"embeddable":true,"href":"https:\/\/homix-ks.com\/en\/wp-json\/wp\/v2\/media\/5021"}],"wp:attachment":[{"href":"https:\/\/homix-ks.com\/en\/wp-json\/wp\/v2\/media?parent=5018"}],"wp:term":[{"taxonomy":"brand","embeddable":true,"href":"https:\/\/homix-ks.com\/en\/wp-json\/wp\/v2\/etheme_brands?post=5018"},{"taxonomy":"product_brand","embeddable":true,"href":"https:\/\/homix-ks.com\/en\/wp-json\/wp\/v2\/product_brand?post=5018"},{"taxonomy":"product_cat","embeddable":true,"href":"https:\/\/homix-ks.com\/en\/wp-json\/wp\/v2\/product_cat?post=5018"},{"taxonomy":"product_tag","embeddable":true,"href":"https:\/\/homix-ks.com\/en\/wp-json\/wp\/v2\/product_tag?post=5018"}],"curies":[{"name":"wp","href":"https:\/\/api.w.org\/{rel}","templated":true}]}}