{"id":5015,"date":"2025-10-14T08:51:39","date_gmt":"2025-10-14T08:51:39","guid":{"rendered":"https:\/\/homix-ks.com\/?post_type=product&#038;p=5015"},"modified":"2025-11-12T10:37:44","modified_gmt":"2025-11-12T10:37:44","slug":"ndricues-gm4-3","status":"publish","type":"product","link":"https:\/\/homix-ks.com\/en\/product\/ndricues-gm4-3\/","title":{"rendered":"Ndri\u00e7ues &#8211; GM4-3"},"content":{"rendered":"<p>Ndri\u00e7ues modern var\u00ebs me dizajn linear dhe unaz\u00eb rrethore dekorative, me drit\u00eb t\u00eb bardh\u00eb t\u00eb ngroht\u00eb dhe detaje elegante metalike, i p\u00ebrshtatsh\u00ebm p\u00ebr ambiente bashk\u00ebkohore dhe minimaliste.<\/p>","protected":false},"excerpt":{"rendered":"<p>Drit\u00eb var\u00ebse moderne me dizajn minimalist, n\u00eb form\u00eb vije LED me unaz\u00eb dekorative an\u00ebsore dhe ndri\u00e7im t\u00eb ngroht\u00eb elegant \u2013 perfekte p\u00ebr ambiente bashk\u00ebkohore.<\/p>","protected":false},"featured_media":5014,"comment_status":"open","ping_status":"closed","template":"","meta":{"_eb_attr":"","content-type":""},"etheme_brands":[],"product_brand":[77],"product_cat":[76],"product_tag":[],"class_list":{"0":"post-5015","1":"product","2":"type-product","3":"status-publish","4":"has-post-thumbnail","6":"product_brand-homix","7":"product_cat-ndricim","9":"first","10":"instock","11":"sale","12":"shipping-taxable","13":"purchasable","14":"product-type-simple"},"_links":{"self":[{"href":"https:\/\/homix-ks.com\/en\/wp-json\/wp\/v2\/product\/5015","targetHints":{"allow":["GET"]}}],"collection":[{"href":"https:\/\/homix-ks.com\/en\/wp-json\/wp\/v2\/product"}],"about":[{"href":"https:\/\/homix-ks.com\/en\/wp-json\/wp\/v2\/types\/product"}],"replies":[{"embeddable":true,"href":"https:\/\/homix-ks.com\/en\/wp-json\/wp\/v2\/comments?post=5015"}],"version-history":[{"count":3,"href":"https:\/\/homix-ks.com\/en\/wp-json\/wp\/v2\/product\/5015\/revisions"}],"predecessor-version":[{"id":5094,"href":"https:\/\/homix-ks.com\/en\/wp-json\/wp\/v2\/product\/5015\/revisions\/5094"}],"wp:featuredmedia":[{"embeddable":true,"href":"https:\/\/homix-ks.com\/en\/wp-json\/wp\/v2\/media\/5014"}],"wp:attachment":[{"href":"https:\/\/homix-ks.com\/en\/wp-json\/wp\/v2\/media?parent=5015"}],"wp:term":[{"taxonomy":"brand","embeddable":true,"href":"https:\/\/homix-ks.com\/en\/wp-json\/wp\/v2\/etheme_brands?post=5015"},{"taxonomy":"product_brand","embeddable":true,"href":"https:\/\/homix-ks.com\/en\/wp-json\/wp\/v2\/product_brand?post=5015"},{"taxonomy":"product_cat","embeddable":true,"href":"https:\/\/homix-ks.com\/en\/wp-json\/wp\/v2\/product_cat?post=5015"},{"taxonomy":"product_tag","embeddable":true,"href":"https:\/\/homix-ks.com\/en\/wp-json\/wp\/v2\/product_tag?post=5015"}],"curies":[{"name":"wp","href":"https:\/\/api.w.org\/{rel}","templated":true}]}}