{"id":5002,"date":"2025-10-14T08:27:07","date_gmt":"2025-10-14T08:27:07","guid":{"rendered":"https:\/\/homix-ks.com\/?post_type=product&#038;p=5002"},"modified":"2026-04-15T12:32:16","modified_gmt":"2026-04-15T12:32:16","slug":"ndricues-gm3-9","status":"publish","type":"product","link":"https:\/\/homix-ks.com\/en\/product\/ndricues-gm3-9\/","title":{"rendered":"Ndri\u00e7ues &#8211; GM3-9"},"content":{"rendered":"<p>Ky ndri\u00e7ues modern me form\u00eb unazeje sjell nj\u00eb ndjesi elegance dhe thjesht\u00ebsie n\u00eb dhom\u00eb. Me trup t\u00eb zi mat dhe drit\u00eb t\u00eb but\u00eb t\u00eb ngroht\u00eb, ai krijon nj\u00eb atmosfer\u00eb relaksuese dhe luksoze. I vendosur n\u00eb nj\u00eb ambient me mure neutrale dhe mobilje minimale, ndri\u00e7uesi b\u00ebhet pika qendrore q\u00eb i jep karakter hap\u00ebsir\u00ebs dhe p\u00ebrshtatet n\u00eb m\u00ebnyr\u00eb t\u00eb p\u00ebrkryer me stilin modern t\u00eb brendsh\u00ebm.<\/p>","protected":false},"excerpt":{"rendered":"<p>Ndri\u00e7ues modern n\u00eb form\u00eb unaze, me dizajn minimalist dhe drit\u00eb t\u00eb but\u00eb, i p\u00ebrshtatsh\u00ebm p\u00ebr ambiente elegante dhe bashk\u00ebkohore.<\/p>","protected":false},"featured_media":5004,"comment_status":"open","ping_status":"closed","template":"","meta":{"_eb_attr":"","content-type":""},"etheme_brands":[],"product_brand":[77],"product_cat":[76],"product_tag":[],"class_list":{"0":"post-5002","1":"product","2":"type-product","3":"status-publish","4":"has-post-thumbnail","6":"product_brand-homix","7":"product_cat-ndricim","9":"first","10":"instock","11":"sale","12":"shipping-taxable","13":"purchasable","14":"product-type-simple"},"_links":{"self":[{"href":"https:\/\/homix-ks.com\/en\/wp-json\/wp\/v2\/product\/5002","targetHints":{"allow":["GET"]}}],"collection":[{"href":"https:\/\/homix-ks.com\/en\/wp-json\/wp\/v2\/product"}],"about":[{"href":"https:\/\/homix-ks.com\/en\/wp-json\/wp\/v2\/types\/product"}],"replies":[{"embeddable":true,"href":"https:\/\/homix-ks.com\/en\/wp-json\/wp\/v2\/comments?post=5002"}],"version-history":[{"count":4,"href":"https:\/\/homix-ks.com\/en\/wp-json\/wp\/v2\/product\/5002\/revisions"}],"predecessor-version":[{"id":5095,"href":"https:\/\/homix-ks.com\/en\/wp-json\/wp\/v2\/product\/5002\/revisions\/5095"}],"wp:featuredmedia":[{"embeddable":true,"href":"https:\/\/homix-ks.com\/en\/wp-json\/wp\/v2\/media\/5004"}],"wp:attachment":[{"href":"https:\/\/homix-ks.com\/en\/wp-json\/wp\/v2\/media?parent=5002"}],"wp:term":[{"taxonomy":"brand","embeddable":true,"href":"https:\/\/homix-ks.com\/en\/wp-json\/wp\/v2\/etheme_brands?post=5002"},{"taxonomy":"product_brand","embeddable":true,"href":"https:\/\/homix-ks.com\/en\/wp-json\/wp\/v2\/product_brand?post=5002"},{"taxonomy":"product_cat","embeddable":true,"href":"https:\/\/homix-ks.com\/en\/wp-json\/wp\/v2\/product_cat?post=5002"},{"taxonomy":"product_tag","embeddable":true,"href":"https:\/\/homix-ks.com\/en\/wp-json\/wp\/v2\/product_tag?post=5002"}],"curies":[{"name":"wp","href":"https:\/\/api.w.org\/{rel}","templated":true}]}}