{"id":4989,"date":"2025-10-14T07:57:37","date_gmt":"2025-10-14T07:57:37","guid":{"rendered":"https:\/\/homix-ks.com\/?post_type=product&#038;p=4989"},"modified":"2026-04-15T12:34:51","modified_gmt":"2026-04-15T12:34:51","slug":"ndricues-gm4-11","status":"publish","type":"product","link":"https:\/\/homix-ks.com\/en\/product\/ndricues-gm4-11\/","title":{"rendered":"Ndri\u00e7ues &#8211; GM4-11"},"content":{"rendered":"<p>Ndri\u00e7ues modern me dizajn rrethor kristali, i p\u00ebrb\u00ebr\u00eb nga unaza ndri\u00e7uese me shk\u00eblqim elegant dhe struktur\u00eb metalike kromi. Jep drit\u00eb t\u00eb bardh\u00eb t\u00eb fort\u00eb dhe reflektime luksoze, perfekt p\u00ebr ambiente moderne dhe me stil.<\/p>","protected":false},"excerpt":{"rendered":"<p>Ndri\u00e7ues modern kristali me dizajn rrethor elegant, i varur me fije dhe drit\u00eb t\u00eb bardh\u00eb t\u00eb ndritshme q\u00eb pasqyron luks dhe fines\u00eb n\u00eb \u00e7do ambient.<\/p>","protected":false},"featured_media":4990,"comment_status":"open","ping_status":"closed","template":"","meta":{"_eb_attr":"","content-type":""},"etheme_brands":[],"product_brand":[77],"product_cat":[76],"product_tag":[],"class_list":{"0":"post-4989","1":"product","2":"type-product","3":"status-publish","4":"has-post-thumbnail","6":"product_brand-homix","7":"product_cat-ndricim","9":"first","10":"instock","11":"sale","12":"shipping-taxable","13":"purchasable","14":"product-type-simple"},"_links":{"self":[{"href":"https:\/\/homix-ks.com\/en\/wp-json\/wp\/v2\/product\/4989","targetHints":{"allow":["GET"]}}],"collection":[{"href":"https:\/\/homix-ks.com\/en\/wp-json\/wp\/v2\/product"}],"about":[{"href":"https:\/\/homix-ks.com\/en\/wp-json\/wp\/v2\/types\/product"}],"replies":[{"embeddable":true,"href":"https:\/\/homix-ks.com\/en\/wp-json\/wp\/v2\/comments?post=4989"}],"version-history":[{"count":2,"href":"https:\/\/homix-ks.com\/en\/wp-json\/wp\/v2\/product\/4989\/revisions"}],"predecessor-version":[{"id":5097,"href":"https:\/\/homix-ks.com\/en\/wp-json\/wp\/v2\/product\/4989\/revisions\/5097"}],"wp:featuredmedia":[{"embeddable":true,"href":"https:\/\/homix-ks.com\/en\/wp-json\/wp\/v2\/media\/4990"}],"wp:attachment":[{"href":"https:\/\/homix-ks.com\/en\/wp-json\/wp\/v2\/media?parent=4989"}],"wp:term":[{"taxonomy":"brand","embeddable":true,"href":"https:\/\/homix-ks.com\/en\/wp-json\/wp\/v2\/etheme_brands?post=4989"},{"taxonomy":"product_brand","embeddable":true,"href":"https:\/\/homix-ks.com\/en\/wp-json\/wp\/v2\/product_brand?post=4989"},{"taxonomy":"product_cat","embeddable":true,"href":"https:\/\/homix-ks.com\/en\/wp-json\/wp\/v2\/product_cat?post=4989"},{"taxonomy":"product_tag","embeddable":true,"href":"https:\/\/homix-ks.com\/en\/wp-json\/wp\/v2\/product_tag?post=4989"}],"curies":[{"name":"wp","href":"https:\/\/api.w.org\/{rel}","templated":true}]}}