{"id":4982,"date":"2025-10-14T07:38:02","date_gmt":"2025-10-14T07:38:02","guid":{"rendered":"https:\/\/homix-ks.com\/?post_type=product&#038;p=4982"},"modified":"2026-01-31T10:23:44","modified_gmt":"2026-01-31T10:23:44","slug":"ndricues-gm4-9","status":"publish","type":"product","link":"https:\/\/homix-ks.com\/en\/product\/ndricues-gm4-9\/","title":{"rendered":"Ndri\u00e7ues &#8211; GM4-9"},"content":{"rendered":"<p>Ndri\u00e7ues modern me dizajn elegant gjeometrik, i varur n\u00eb mur me drit\u00eb LED t\u00eb ngroht\u00eb. Kombinon elemente metalike dhe forma t\u00eb buta p\u00ebr nj\u00eb pamje bashk\u00ebkohore dhe minimaliste, perfekt p\u00ebr ambiente moderne.<\/p>","protected":false},"excerpt":{"rendered":"<p>Ndri\u00e7ues modern me dizajn elegant gjeometrik, i p\u00ebrshtatsh\u00ebm p\u00ebr kuzhina bashk\u00ebkohore. Jep ndri\u00e7im t\u00eb but\u00eb dhe uniform, duke shtuar stil dhe fines\u00eb n\u00eb ambient.<\/p>","protected":false},"featured_media":4986,"comment_status":"open","ping_status":"closed","template":"","meta":{"_eb_attr":"","content-type":""},"etheme_brands":[],"product_brand":[77],"product_cat":[76],"product_tag":[],"class_list":{"0":"post-4982","1":"product","2":"type-product","3":"status-publish","4":"has-post-thumbnail","6":"product_brand-homix","7":"product_cat-ndricim","9":"first","10":"instock","11":"sale","12":"shipping-taxable","13":"purchasable","14":"product-type-simple"},"_links":{"self":[{"href":"https:\/\/homix-ks.com\/en\/wp-json\/wp\/v2\/product\/4982","targetHints":{"allow":["GET"]}}],"collection":[{"href":"https:\/\/homix-ks.com\/en\/wp-json\/wp\/v2\/product"}],"about":[{"href":"https:\/\/homix-ks.com\/en\/wp-json\/wp\/v2\/types\/product"}],"replies":[{"embeddable":true,"href":"https:\/\/homix-ks.com\/en\/wp-json\/wp\/v2\/comments?post=4982"}],"version-history":[{"count":3,"href":"https:\/\/homix-ks.com\/en\/wp-json\/wp\/v2\/product\/4982\/revisions"}],"predecessor-version":[{"id":5098,"href":"https:\/\/homix-ks.com\/en\/wp-json\/wp\/v2\/product\/4982\/revisions\/5098"}],"wp:featuredmedia":[{"embeddable":true,"href":"https:\/\/homix-ks.com\/en\/wp-json\/wp\/v2\/media\/4986"}],"wp:attachment":[{"href":"https:\/\/homix-ks.com\/en\/wp-json\/wp\/v2\/media?parent=4982"}],"wp:term":[{"taxonomy":"brand","embeddable":true,"href":"https:\/\/homix-ks.com\/en\/wp-json\/wp\/v2\/etheme_brands?post=4982"},{"taxonomy":"product_brand","embeddable":true,"href":"https:\/\/homix-ks.com\/en\/wp-json\/wp\/v2\/product_brand?post=4982"},{"taxonomy":"product_cat","embeddable":true,"href":"https:\/\/homix-ks.com\/en\/wp-json\/wp\/v2\/product_cat?post=4982"},{"taxonomy":"product_tag","embeddable":true,"href":"https:\/\/homix-ks.com\/en\/wp-json\/wp\/v2\/product_tag?post=4982"}],"curies":[{"name":"wp","href":"https:\/\/api.w.org\/{rel}","templated":true}]}}