{"id":4967,"date":"2025-10-13T13:42:50","date_gmt":"2025-10-13T13:42:50","guid":{"rendered":"https:\/\/homix-ks.com\/?post_type=product&#038;p=4967"},"modified":"2026-01-31T10:14:26","modified_gmt":"2026-01-31T10:14:26","slug":"ndricues-gm1-10-2","status":"publish","type":"product","link":"https:\/\/homix-ks.com\/en\/product\/ndricues-gm1-10-2\/","title":{"rendered":"Ndri\u00e7ues &#8211; GM1-10"},"content":{"rendered":"<p>Nj\u00eb ndri\u00e7ues modern me dizajn elegant ndri\u00e7on nj\u00eb dhom\u00eb t\u00eb bukur me stil minimalist. Llambadari i bardh\u00eb, me form\u00eb t\u00eb rrumbullak\u00ebt dhe drit\u00eb t\u00eb but\u00eb, krijon nj\u00eb atmosfer\u00eb t\u00eb ngroht\u00eb dhe relaksuese. Hap\u00ebsira p\u00ebrreth \u00ebsht\u00eb e rregullt dhe e ndri\u00e7uar natyralisht, me mobilie n\u00eb nuanca neutrale q\u00eb i japin ambientit nj\u00eb ndjesi qet\u00ebsie dhe elegance moderne.<\/p>","protected":false},"excerpt":{"rendered":"<p>Ky ndri\u00e7ues modern me form\u00eb rrethore sjell eleganc\u00eb dhe ngroht\u00ebsi n\u00eb \u00e7do ambient. Drita e but\u00eb dhe dizajni minimalist krijojn\u00eb nj\u00eb atmosfer\u00eb komode dhe bashk\u00ebkohore, ideale p\u00ebr dhoma ndenjeje ose ambiente luksoze.<\/p>","protected":false},"featured_media":4968,"comment_status":"open","ping_status":"closed","template":"","meta":{"_eb_attr":"","content-type":""},"etheme_brands":[],"product_brand":[77],"product_cat":[76],"product_tag":[],"class_list":{"0":"post-4967","1":"product","2":"type-product","3":"status-publish","4":"has-post-thumbnail","6":"product_brand-homix","7":"product_cat-ndricim","9":"first","10":"instock","11":"sale","12":"shipping-taxable","13":"purchasable","14":"product-type-simple"},"_links":{"self":[{"href":"https:\/\/homix-ks.com\/en\/wp-json\/wp\/v2\/product\/4967","targetHints":{"allow":["GET"]}}],"collection":[{"href":"https:\/\/homix-ks.com\/en\/wp-json\/wp\/v2\/product"}],"about":[{"href":"https:\/\/homix-ks.com\/en\/wp-json\/wp\/v2\/types\/product"}],"replies":[{"embeddable":true,"href":"https:\/\/homix-ks.com\/en\/wp-json\/wp\/v2\/comments?post=4967"}],"version-history":[{"count":3,"href":"https:\/\/homix-ks.com\/en\/wp-json\/wp\/v2\/product\/4967\/revisions"}],"predecessor-version":[{"id":5100,"href":"https:\/\/homix-ks.com\/en\/wp-json\/wp\/v2\/product\/4967\/revisions\/5100"}],"wp:featuredmedia":[{"embeddable":true,"href":"https:\/\/homix-ks.com\/en\/wp-json\/wp\/v2\/media\/4968"}],"wp:attachment":[{"href":"https:\/\/homix-ks.com\/en\/wp-json\/wp\/v2\/media?parent=4967"}],"wp:term":[{"taxonomy":"brand","embeddable":true,"href":"https:\/\/homix-ks.com\/en\/wp-json\/wp\/v2\/etheme_brands?post=4967"},{"taxonomy":"product_brand","embeddable":true,"href":"https:\/\/homix-ks.com\/en\/wp-json\/wp\/v2\/product_brand?post=4967"},{"taxonomy":"product_cat","embeddable":true,"href":"https:\/\/homix-ks.com\/en\/wp-json\/wp\/v2\/product_cat?post=4967"},{"taxonomy":"product_tag","embeddable":true,"href":"https:\/\/homix-ks.com\/en\/wp-json\/wp\/v2\/product_tag?post=4967"}],"curies":[{"name":"wp","href":"https:\/\/api.w.org\/{rel}","templated":true}]}}