{"id":4956,"date":"2025-10-13T13:26:26","date_gmt":"2025-10-13T13:26:26","guid":{"rendered":"https:\/\/homix-ks.com\/?post_type=product&#038;p=4956"},"modified":"2026-04-01T11:20:50","modified_gmt":"2026-04-01T11:20:50","slug":"ndricues-gm1-7","status":"publish","type":"product","link":"https:\/\/homix-ks.com\/en\/product\/ndricues-gm1-7\/","title":{"rendered":"Ndri\u00e7ues &#8211; GM1-7"},"content":{"rendered":"<p>DIZAJN MODERN DHE ELEGANT<br \/>\nNDRIQIM I BUTE DHE I KENDSHEM PER AMBIENTIN <\/p>\n<p>MADHESIA : 30CM<\/p>\n<p>IDEAL PER SALLON,DHOME  <\/p>\n<p>MATRIALI COILESOR DHE I QENDRUESHEM <\/p>\n<p>MONTIM I LEHTE NE TAVAN  <\/p>\n<p> Dizajni i tij minimalist me drit\u00eb t\u00eb bardh\u00eb t\u00eb but\u00eb shp\u00ebrndan ndri\u00e7im t\u00eb ngroht\u00eb dhe harmonik, duke krijuar nj\u00eb atmosfer\u00eb t\u00eb k\u00ebndshme n\u00eb dhom\u00ebn e ndenjjes.<br \/>\n I p\u00ebrshtatsh\u00ebm p\u00ebr ambiente moderne dhe elegante.<\/p>","protected":false},"excerpt":{"rendered":"<article class=\"text-token-text-primary w-full focus:outline-none [--shadow-height:45px] has-data-writing-block:pointer-events-none has-data-writing-block:-mt-(--shadow-height) has-data-writing-block:pt-(--shadow-height) [&amp;:has([data-writing-block])&gt;*]:pointer-events-auto [content-visibility:auto] supports-[content-visibility:auto]:[contain-intrinsic-size:auto_100lvh] scroll-mt-[calc(var(--header-height)+min(200px,max(70px,20svh)))]\" dir=\"auto\" tabindex=\"-1\" data-turn-id=\"c076a2c8-68bb-4134-821b-62098338a85d\" data-testid=\"conversation-turn-4\" data-scroll-anchor=\"true\" data-turn=\"assistant\">\n<div class=\"text-base my-auto mx-auto pb-10 [--thread-content-margin:--spacing(4)] thread-sm:[--thread-content-margin:--spacing(6)] thread-lg:[--thread-content-margin:--spacing(16)] px-(--thread-content-margin)\">\n<div class=\"[--thread-content-max-width:40rem] thread-lg:[--thread-content-max-width:48rem] mx-auto max-w-(--thread-content-max-width) flex-1 group\/turn-messages focus-visible:outline-hidden relative flex w-full min-w-0 flex-col agent-turn\" tabindex=\"-1\">\n<div class=\"flex max-w-full flex-col grow\">\n<div class=\"min-h-8 text-message relative flex w-full flex-col items-end gap-2 text-start break-words whitespace-normal [.text-message+&amp;]:mt-1\" dir=\"auto\" data-message-author-role=\"assistant\" data-message-id=\"b19ba058-8bc3-4976-b376-fc92b806b64d\" data-message-model-slug=\"gpt-5\">\n<div class=\"flex w-full flex-col gap-1 empty:hidden first:pt-[1px]\">\n<div class=\"markdown prose dark:prose-invert w-full break-words light markdown-new-styling\">\n<p data-start=\"0\" data-end=\"191\" data-is-last-node=\"\" data-is-only-node=\"\">Nj\u00eb ndri\u00e7ues elegant me dizajn modern q\u00eb sjell ngroht\u00ebsi dhe stil n\u00eb \u00e7do ambient. Drita e but\u00eb krijon nj\u00eb atmosfer\u00eb relaksuese, perfekte p\u00ebr dhoma ndenjeje me pamje t\u00eb past\u00ebr dhe minimaliste.<\/p>\n<\/div>\n<\/div>\n<\/div>\n<\/div>\n<\/div>\n<\/div>\n<\/article>\n","protected":false},"featured_media":4960,"comment_status":"open","ping_status":"closed","template":"","meta":{"_eb_attr":"","content-type":""},"etheme_brands":[],"product_brand":[77],"product_cat":[76],"product_tag":[],"class_list":{"0":"post-4956","1":"product","2":"type-product","3":"status-publish","4":"has-post-thumbnail","6":"product_brand-homix","7":"product_cat-ndricim","9":"first","10":"instock","11":"sale","12":"shipping-taxable","13":"purchasable","14":"product-type-simple"},"_links":{"self":[{"href":"https:\/\/homix-ks.com\/en\/wp-json\/wp\/v2\/product\/4956","targetHints":{"allow":["GET"]}}],"collection":[{"href":"https:\/\/homix-ks.com\/en\/wp-json\/wp\/v2\/product"}],"about":[{"href":"https:\/\/homix-ks.com\/en\/wp-json\/wp\/v2\/types\/product"}],"replies":[{"embeddable":true,"href":"https:\/\/homix-ks.com\/en\/wp-json\/wp\/v2\/comments?post=4956"}],"version-history":[{"count":4,"href":"https:\/\/homix-ks.com\/en\/wp-json\/wp\/v2\/product\/4956\/revisions"}],"predecessor-version":[{"id":7087,"href":"https:\/\/homix-ks.com\/en\/wp-json\/wp\/v2\/product\/4956\/revisions\/7087"}],"wp:featuredmedia":[{"embeddable":true,"href":"https:\/\/homix-ks.com\/en\/wp-json\/wp\/v2\/media\/4960"}],"wp:attachment":[{"href":"https:\/\/homix-ks.com\/en\/wp-json\/wp\/v2\/media?parent=4956"}],"wp:term":[{"taxonomy":"brand","embeddable":true,"href":"https:\/\/homix-ks.com\/en\/wp-json\/wp\/v2\/etheme_brands?post=4956"},{"taxonomy":"product_brand","embeddable":true,"href":"https:\/\/homix-ks.com\/en\/wp-json\/wp\/v2\/product_brand?post=4956"},{"taxonomy":"product_cat","embeddable":true,"href":"https:\/\/homix-ks.com\/en\/wp-json\/wp\/v2\/product_cat?post=4956"},{"taxonomy":"product_tag","embeddable":true,"href":"https:\/\/homix-ks.com\/en\/wp-json\/wp\/v2\/product_tag?post=4956"}],"curies":[{"name":"wp","href":"https:\/\/api.w.org\/{rel}","templated":true}]}}