{"id":4942,"date":"2025-10-13T12:58:44","date_gmt":"2025-10-13T12:58:44","guid":{"rendered":"https:\/\/homix-ks.com\/?post_type=product&#038;p=4942"},"modified":"2026-02-12T19:41:51","modified_gmt":"2026-02-12T19:41:51","slug":"ndricues-gm1-10","status":"publish","type":"product","link":"https:\/\/homix-ks.com\/en\/product\/ndricues-gm1-10\/","title":{"rendered":"Ndri\u00e7ues &#8211; GM3-5"},"content":{"rendered":"<h6 class=\"sr-only\"><span style=\"font-size: 16px;\">Ky ndri\u00e7ues modern vjen me nj\u00eb dizajn rrethor elegant, i varur n\u00eb m\u00ebnyr\u00eb t\u00eb rafinuar nga tavani me fije t\u00eb holla metalike. Korniza e tij me vij\u00ebzime vertikale i jep nj\u00eb prekje arkitekturore dhe moderne, nd\u00ebrsa drita e bardh\u00eb e ngroht\u00eb krijon nj\u00eb atmosfer\u00eb t\u00eb but\u00eb dhe harmonike.<\/span><\/h6>","protected":false},"excerpt":{"rendered":"<h6 class=\"sr-only\"><span style=\"font-size: 16px;\">Ndri\u00e7ues elegant modern me form\u00eb rrethore q\u00eb sjell drit\u00eb t\u00eb ngroht\u00eb dhe atmosfer\u00eb luksoze n\u00eb \u00e7do ambient. Dizajni i tij minimalist me reflektim t\u00eb but\u00eb \u00ebsht\u00eb ideal p\u00ebr dhoma ndenjeje apo ambiente pritjeje, duke kombinuar stilin bashk\u00ebkohor me ndjesin\u00eb e rehatis\u00eb dhe eleganc\u00ebs.<\/span><\/h6>","protected":false},"featured_media":4943,"comment_status":"open","ping_status":"closed","template":"","meta":{"_eb_attr":"","content-type":""},"etheme_brands":[],"product_brand":[77],"product_cat":[76],"product_tag":[],"class_list":{"0":"post-4942","1":"product","2":"type-product","3":"status-publish","4":"has-post-thumbnail","6":"product_brand-homix","7":"product_cat-ndricim","9":"first","10":"instock","11":"sale","12":"shipping-taxable","13":"purchasable","14":"product-type-simple"},"_links":{"self":[{"href":"https:\/\/homix-ks.com\/en\/wp-json\/wp\/v2\/product\/4942","targetHints":{"allow":["GET"]}}],"collection":[{"href":"https:\/\/homix-ks.com\/en\/wp-json\/wp\/v2\/product"}],"about":[{"href":"https:\/\/homix-ks.com\/en\/wp-json\/wp\/v2\/types\/product"}],"replies":[{"embeddable":true,"href":"https:\/\/homix-ks.com\/en\/wp-json\/wp\/v2\/comments?post=4942"}],"version-history":[{"count":4,"href":"https:\/\/homix-ks.com\/en\/wp-json\/wp\/v2\/product\/4942\/revisions"}],"predecessor-version":[{"id":5103,"href":"https:\/\/homix-ks.com\/en\/wp-json\/wp\/v2\/product\/4942\/revisions\/5103"}],"wp:featuredmedia":[{"embeddable":true,"href":"https:\/\/homix-ks.com\/en\/wp-json\/wp\/v2\/media\/4943"}],"wp:attachment":[{"href":"https:\/\/homix-ks.com\/en\/wp-json\/wp\/v2\/media?parent=4942"}],"wp:term":[{"taxonomy":"brand","embeddable":true,"href":"https:\/\/homix-ks.com\/en\/wp-json\/wp\/v2\/etheme_brands?post=4942"},{"taxonomy":"product_brand","embeddable":true,"href":"https:\/\/homix-ks.com\/en\/wp-json\/wp\/v2\/product_brand?post=4942"},{"taxonomy":"product_cat","embeddable":true,"href":"https:\/\/homix-ks.com\/en\/wp-json\/wp\/v2\/product_cat?post=4942"},{"taxonomy":"product_tag","embeddable":true,"href":"https:\/\/homix-ks.com\/en\/wp-json\/wp\/v2\/product_tag?post=4942"}],"curies":[{"name":"wp","href":"https:\/\/api.w.org\/{rel}","templated":true}]}}