{"id":4928,"date":"2025-10-13T11:26:18","date_gmt":"2025-10-13T11:26:18","guid":{"rendered":"https:\/\/homix-ks.com\/?post_type=product&#038;p=4928"},"modified":"2026-02-12T19:43:09","modified_gmt":"2026-02-12T19:43:09","slug":"ndricues-gm5-5","status":"publish","type":"product","link":"https:\/\/homix-ks.com\/en\/product\/ndricues-gm5-5\/","title":{"rendered":"Ndri\u00e7ues &#8211; GM5-5"},"content":{"rendered":"<p>Ndri\u00e7im modern me dizajn elegant \u2013 ndriques me forma gjetheje q\u00eb shk\u00eblqen me drit\u00eb t\u00eb art\u00eb t\u00eb ngroht\u00eb, duke i dh\u00ebn\u00eb ambientit tuaj nj\u00eb prekje luksi dhe rafinimi. Ideal p\u00ebr dhoma ndenjeje, ambiente hoteli apo hap\u00ebsira elegante q\u00eb k\u00ebrkojn\u00eb stil dhe ndri\u00e7im mahnit\u00ebs<\/p>","protected":false},"excerpt":{"rendered":"<p>\ud83d\udca1 <strong data-start=\"302\" data-end=\"370\" data-is-last-node=\"\">Eleganc\u00eb, ngroht\u00ebsi dhe dizajn unik \u2013 p\u00ebr sht\u00ebpin\u00eb tuaj moderne!<\/strong><\/p>","protected":false},"featured_media":4931,"comment_status":"open","ping_status":"closed","template":"","meta":{"_eb_attr":"","content-type":""},"etheme_brands":[],"product_brand":[77],"product_cat":[76],"product_tag":[],"class_list":{"0":"post-4928","1":"product","2":"type-product","3":"status-publish","4":"has-post-thumbnail","6":"product_brand-homix","7":"product_cat-ndricim","9":"first","10":"instock","11":"sale","12":"shipping-taxable","13":"purchasable","14":"product-type-simple"},"_links":{"self":[{"href":"https:\/\/homix-ks.com\/en\/wp-json\/wp\/v2\/product\/4928","targetHints":{"allow":["GET"]}}],"collection":[{"href":"https:\/\/homix-ks.com\/en\/wp-json\/wp\/v2\/product"}],"about":[{"href":"https:\/\/homix-ks.com\/en\/wp-json\/wp\/v2\/types\/product"}],"replies":[{"embeddable":true,"href":"https:\/\/homix-ks.com\/en\/wp-json\/wp\/v2\/comments?post=4928"}],"version-history":[{"count":3,"href":"https:\/\/homix-ks.com\/en\/wp-json\/wp\/v2\/product\/4928\/revisions"}],"predecessor-version":[{"id":5105,"href":"https:\/\/homix-ks.com\/en\/wp-json\/wp\/v2\/product\/4928\/revisions\/5105"}],"wp:featuredmedia":[{"embeddable":true,"href":"https:\/\/homix-ks.com\/en\/wp-json\/wp\/v2\/media\/4931"}],"wp:attachment":[{"href":"https:\/\/homix-ks.com\/en\/wp-json\/wp\/v2\/media?parent=4928"}],"wp:term":[{"taxonomy":"brand","embeddable":true,"href":"https:\/\/homix-ks.com\/en\/wp-json\/wp\/v2\/etheme_brands?post=4928"},{"taxonomy":"product_brand","embeddable":true,"href":"https:\/\/homix-ks.com\/en\/wp-json\/wp\/v2\/product_brand?post=4928"},{"taxonomy":"product_cat","embeddable":true,"href":"https:\/\/homix-ks.com\/en\/wp-json\/wp\/v2\/product_cat?post=4928"},{"taxonomy":"product_tag","embeddable":true,"href":"https:\/\/homix-ks.com\/en\/wp-json\/wp\/v2\/product_tag?post=4928"}],"curies":[{"name":"wp","href":"https:\/\/api.w.org\/{rel}","templated":true}]}}