{"id":4913,"date":"2025-10-13T10:27:13","date_gmt":"2025-10-13T10:27:13","guid":{"rendered":"https:\/\/homix-ks.com\/?post_type=product&#038;p=4913"},"modified":"2026-04-15T12:37:17","modified_gmt":"2026-04-15T12:37:17","slug":"ndricues-gm5-1","status":"publish","type":"product","link":"https:\/\/homix-ks.com\/en\/product\/ndricues-gm5-1\/","title":{"rendered":"Ndri\u00e7ues &#8211; GM5-1"},"content":{"rendered":"<p>Ky ndri\u00e7ues modern \u00ebsht\u00eb nj\u00eb kombinim perfekt i eleganc\u00ebs dhe minimalizmit. Me form\u00ebn e tij unike rrethore t\u00eb nd\u00ebrthurur dhe drit\u00ebn LED t\u00eb ngroht\u00eb, ai krijon nj\u00eb atmosfer\u00eb t\u00eb but\u00eb dhe luksoze n\u00eb \u00e7do ambient.<\/p>","protected":false},"excerpt":{"rendered":"<h6 class=\"sr-only\"><span style=\"font-size: 16px;\">Ky ndri\u00e7ues modern me form\u00eb unike rrethore sjell eleganc\u00eb dhe stil n\u00eb \u00e7do ambient.<\/span><\/h6>","protected":false},"featured_media":4920,"comment_status":"open","ping_status":"closed","template":"","meta":{"_eb_attr":"","content-type":""},"etheme_brands":[],"product_brand":[77],"product_cat":[76],"product_tag":[],"class_list":{"0":"post-4913","1":"product","2":"type-product","3":"status-publish","4":"has-post-thumbnail","6":"product_brand-homix","7":"product_cat-ndricim","9":"first","10":"instock","11":"sale","12":"shipping-taxable","13":"purchasable","14":"product-type-simple"},"_links":{"self":[{"href":"https:\/\/homix-ks.com\/en\/wp-json\/wp\/v2\/product\/4913","targetHints":{"allow":["GET"]}}],"collection":[{"href":"https:\/\/homix-ks.com\/en\/wp-json\/wp\/v2\/product"}],"about":[{"href":"https:\/\/homix-ks.com\/en\/wp-json\/wp\/v2\/types\/product"}],"replies":[{"embeddable":true,"href":"https:\/\/homix-ks.com\/en\/wp-json\/wp\/v2\/comments?post=4913"}],"version-history":[{"count":3,"href":"https:\/\/homix-ks.com\/en\/wp-json\/wp\/v2\/product\/4913\/revisions"}],"predecessor-version":[{"id":5107,"href":"https:\/\/homix-ks.com\/en\/wp-json\/wp\/v2\/product\/4913\/revisions\/5107"}],"wp:featuredmedia":[{"embeddable":true,"href":"https:\/\/homix-ks.com\/en\/wp-json\/wp\/v2\/media\/4920"}],"wp:attachment":[{"href":"https:\/\/homix-ks.com\/en\/wp-json\/wp\/v2\/media?parent=4913"}],"wp:term":[{"taxonomy":"brand","embeddable":true,"href":"https:\/\/homix-ks.com\/en\/wp-json\/wp\/v2\/etheme_brands?post=4913"},{"taxonomy":"product_brand","embeddable":true,"href":"https:\/\/homix-ks.com\/en\/wp-json\/wp\/v2\/product_brand?post=4913"},{"taxonomy":"product_cat","embeddable":true,"href":"https:\/\/homix-ks.com\/en\/wp-json\/wp\/v2\/product_cat?post=4913"},{"taxonomy":"product_tag","embeddable":true,"href":"https:\/\/homix-ks.com\/en\/wp-json\/wp\/v2\/product_tag?post=4913"}],"curies":[{"name":"wp","href":"https:\/\/api.w.org\/{rel}","templated":true}]}}