{"id":4906,"date":"2025-10-13T09:59:56","date_gmt":"2025-10-13T09:59:56","guid":{"rendered":"https:\/\/homix-ks.com\/?post_type=product&#038;p=4906"},"modified":"2026-01-31T10:27:15","modified_gmt":"2026-01-31T10:27:15","slug":"ndricues-gm4-13","status":"publish","type":"product","link":"https:\/\/homix-ks.com\/en\/product\/ndricues-gm4-13\/","title":{"rendered":"Ndri\u00e7ues &#8211; GM5-11"},"content":{"rendered":"<p>Ky ndriques modern me dizajn spiral t\u00eb dyfisht\u00eb \u00ebsht\u00eb nj\u00eb kryevep\u00ebr ndri\u00e7imi q\u00eb sjell luks dhe eleganc\u00eb n\u00eb \u00e7do ambient. I punuar me kristale premium q\u00eb reflektojn\u00eb drit\u00ebn e art\u00eb, ai krijon nj\u00eb atmosfer\u00eb t\u00eb ngroht\u00eb dhe magjike. Me linja t\u00eb pastra dhe stil bashk\u00ebkohor, ky llambadar \u00ebsht\u00eb zgjedhja ideale p\u00ebr dhoma ndenjeje, ambiente moderne apo hap\u00ebsira luksoze.<\/p>","protected":false},"excerpt":{"rendered":"<h6 class=\"sr-only\"><span style=\"font-size: 16px;\">Llambadar modern me kristale shk\u00eblqyese dhe drit\u00eb luksoze.<\/span><\/h6>","protected":false},"featured_media":4907,"comment_status":"open","ping_status":"closed","template":"","meta":{"_eb_attr":"","content-type":""},"etheme_brands":[],"product_brand":[77],"product_cat":[76],"product_tag":[],"class_list":{"0":"post-4906","1":"product","2":"type-product","3":"status-publish","4":"has-post-thumbnail","6":"product_brand-homix","7":"product_cat-ndricim","9":"first","10":"instock","11":"sale","12":"shipping-taxable","13":"purchasable","14":"product-type-simple"},"_links":{"self":[{"href":"https:\/\/homix-ks.com\/en\/wp-json\/wp\/v2\/product\/4906","targetHints":{"allow":["GET"]}}],"collection":[{"href":"https:\/\/homix-ks.com\/en\/wp-json\/wp\/v2\/product"}],"about":[{"href":"https:\/\/homix-ks.com\/en\/wp-json\/wp\/v2\/types\/product"}],"replies":[{"embeddable":true,"href":"https:\/\/homix-ks.com\/en\/wp-json\/wp\/v2\/comments?post=4906"}],"version-history":[{"count":5,"href":"https:\/\/homix-ks.com\/en\/wp-json\/wp\/v2\/product\/4906\/revisions"}],"predecessor-version":[{"id":5368,"href":"https:\/\/homix-ks.com\/en\/wp-json\/wp\/v2\/product\/4906\/revisions\/5368"}],"wp:featuredmedia":[{"embeddable":true,"href":"https:\/\/homix-ks.com\/en\/wp-json\/wp\/v2\/media\/4907"}],"wp:attachment":[{"href":"https:\/\/homix-ks.com\/en\/wp-json\/wp\/v2\/media?parent=4906"}],"wp:term":[{"taxonomy":"brand","embeddable":true,"href":"https:\/\/homix-ks.com\/en\/wp-json\/wp\/v2\/etheme_brands?post=4906"},{"taxonomy":"product_brand","embeddable":true,"href":"https:\/\/homix-ks.com\/en\/wp-json\/wp\/v2\/product_brand?post=4906"},{"taxonomy":"product_cat","embeddable":true,"href":"https:\/\/homix-ks.com\/en\/wp-json\/wp\/v2\/product_cat?post=4906"},{"taxonomy":"product_tag","embeddable":true,"href":"https:\/\/homix-ks.com\/en\/wp-json\/wp\/v2\/product_tag?post=4906"}],"curies":[{"name":"wp","href":"https:\/\/api.w.org\/{rel}","templated":true}]}}