{"id":4900,"date":"2025-10-13T09:39:38","date_gmt":"2025-10-13T09:39:38","guid":{"rendered":"https:\/\/homix-ks.com\/?post_type=product&#038;p=4900"},"modified":"2026-04-15T12:35:33","modified_gmt":"2026-04-15T12:35:33","slug":"ndriques-gm5-11","status":"publish","type":"product","link":"https:\/\/homix-ks.com\/en\/product\/ndriques-gm5-11\/","title":{"rendered":"Ndri\u00e7ues &#8211; GM4-13"},"content":{"rendered":"<p>Kjo llambadar moderne me tre unaza kristali ofron nj\u00eb ndri\u00e7im elegant dhe luksoz. Dritat LED t\u00eb integruara n\u00eb secil\u00ebn unaz\u00eb krijojn\u00eb nj\u00eb shk\u00eblqim t\u00eb ngroht\u00eb dhe t\u00eb art\u00eb q\u00eb pasqyron rafinimin dhe stilin bashk\u00ebkohor.<\/p>","protected":false},"excerpt":{"rendered":"<p>Kjo llambadar moderne me tre unaza kristali ofron nj\u00eb ndri\u00e7im elegant dhe luksoz.<\/p>","protected":false},"featured_media":4901,"comment_status":"open","ping_status":"closed","template":"","meta":{"_eb_attr":"","content-type":""},"etheme_brands":[],"product_brand":[77],"product_cat":[76],"product_tag":[],"class_list":{"0":"post-4900","1":"product","2":"type-product","3":"status-publish","4":"has-post-thumbnail","6":"product_brand-homix","7":"product_cat-ndricim","9":"first","10":"instock","11":"sale","12":"shipping-taxable","13":"purchasable","14":"product-type-simple"},"_links":{"self":[{"href":"https:\/\/homix-ks.com\/en\/wp-json\/wp\/v2\/product\/4900","targetHints":{"allow":["GET"]}}],"collection":[{"href":"https:\/\/homix-ks.com\/en\/wp-json\/wp\/v2\/product"}],"about":[{"href":"https:\/\/homix-ks.com\/en\/wp-json\/wp\/v2\/types\/product"}],"replies":[{"embeddable":true,"href":"https:\/\/homix-ks.com\/en\/wp-json\/wp\/v2\/comments?post=4900"}],"version-history":[{"count":4,"href":"https:\/\/homix-ks.com\/en\/wp-json\/wp\/v2\/product\/4900\/revisions"}],"predecessor-version":[{"id":5367,"href":"https:\/\/homix-ks.com\/en\/wp-json\/wp\/v2\/product\/4900\/revisions\/5367"}],"wp:featuredmedia":[{"embeddable":true,"href":"https:\/\/homix-ks.com\/en\/wp-json\/wp\/v2\/media\/4901"}],"wp:attachment":[{"href":"https:\/\/homix-ks.com\/en\/wp-json\/wp\/v2\/media?parent=4900"}],"wp:term":[{"taxonomy":"brand","embeddable":true,"href":"https:\/\/homix-ks.com\/en\/wp-json\/wp\/v2\/etheme_brands?post=4900"},{"taxonomy":"product_brand","embeddable":true,"href":"https:\/\/homix-ks.com\/en\/wp-json\/wp\/v2\/product_brand?post=4900"},{"taxonomy":"product_cat","embeddable":true,"href":"https:\/\/homix-ks.com\/en\/wp-json\/wp\/v2\/product_cat?post=4900"},{"taxonomy":"product_tag","embeddable":true,"href":"https:\/\/homix-ks.com\/en\/wp-json\/wp\/v2\/product_tag?post=4900"}],"curies":[{"name":"wp","href":"https:\/\/api.w.org\/{rel}","templated":true}]}}