{"id":4894,"date":"2025-10-13T09:16:00","date_gmt":"2025-10-13T09:16:00","guid":{"rendered":"https:\/\/homix-ks.com\/?post_type=product&#038;p=4894"},"modified":"2026-04-15T12:38:08","modified_gmt":"2026-04-15T12:38:08","slug":"ndriques-gm4-ndricues","status":"publish","type":"product","link":"https:\/\/homix-ks.com\/en\/product\/ndriques-gm4-ndricues\/","title":{"rendered":"Ndri\u00e7ues &#8211; GM5-3"},"content":{"rendered":"<p>Ky ndriques modern me unaza LED t\u00eb ndritshme sjell nj\u00eb pamje luksoze dhe elegante n\u00eb \u00e7do ambient. Dizajni i saj i rrethave t\u00eb nd\u00ebrlidhura me kristale t\u00eb ndritshme krijon nj\u00eb ndri\u00e7im t\u00eb but\u00eb e magjeps\u00ebs, perfekt p\u00ebr dhoma ndenjeje ose ambiente moderne.<\/p>","protected":false},"excerpt":{"rendered":"<p>Ndriques modern me unaza kristali, ndri\u00e7im i ngroht\u00eb dhe elegant p\u00ebr ambiente luksoze e moderne.<\/p>","protected":false},"featured_media":4896,"comment_status":"open","ping_status":"closed","template":"","meta":{"_eb_attr":"","content-type":""},"etheme_brands":[],"product_brand":[77],"product_cat":[76],"product_tag":[],"class_list":{"0":"post-4894","1":"product","2":"type-product","3":"status-publish","4":"has-post-thumbnail","6":"product_brand-homix","7":"product_cat-ndricim","9":"first","10":"instock","11":"sale","12":"shipping-taxable","13":"purchasable","14":"product-type-simple"},"_links":{"self":[{"href":"https:\/\/homix-ks.com\/en\/wp-json\/wp\/v2\/product\/4894","targetHints":{"allow":["GET"]}}],"collection":[{"href":"https:\/\/homix-ks.com\/en\/wp-json\/wp\/v2\/product"}],"about":[{"href":"https:\/\/homix-ks.com\/en\/wp-json\/wp\/v2\/types\/product"}],"replies":[{"embeddable":true,"href":"https:\/\/homix-ks.com\/en\/wp-json\/wp\/v2\/comments?post=4894"}],"version-history":[{"count":4,"href":"https:\/\/homix-ks.com\/en\/wp-json\/wp\/v2\/product\/4894\/revisions"}],"predecessor-version":[{"id":5125,"href":"https:\/\/homix-ks.com\/en\/wp-json\/wp\/v2\/product\/4894\/revisions\/5125"}],"wp:featuredmedia":[{"embeddable":true,"href":"https:\/\/homix-ks.com\/en\/wp-json\/wp\/v2\/media\/4896"}],"wp:attachment":[{"href":"https:\/\/homix-ks.com\/en\/wp-json\/wp\/v2\/media?parent=4894"}],"wp:term":[{"taxonomy":"brand","embeddable":true,"href":"https:\/\/homix-ks.com\/en\/wp-json\/wp\/v2\/etheme_brands?post=4894"},{"taxonomy":"product_brand","embeddable":true,"href":"https:\/\/homix-ks.com\/en\/wp-json\/wp\/v2\/product_brand?post=4894"},{"taxonomy":"product_cat","embeddable":true,"href":"https:\/\/homix-ks.com\/en\/wp-json\/wp\/v2\/product_cat?post=4894"},{"taxonomy":"product_tag","embeddable":true,"href":"https:\/\/homix-ks.com\/en\/wp-json\/wp\/v2\/product_tag?post=4894"}],"curies":[{"name":"wp","href":"https:\/\/api.w.org\/{rel}","templated":true}]}}