{"id":4888,"date":"2025-10-13T08:57:49","date_gmt":"2025-10-13T08:57:49","guid":{"rendered":"https:\/\/homix-ks.com\/?post_type=product&#038;p=4888"},"modified":"2026-04-15T12:33:55","modified_gmt":"2026-04-15T12:33:55","slug":"ndricues-gm4-4","status":"publish","type":"product","link":"https:\/\/homix-ks.com\/en\/product\/ndricues-gm4-4\/","title":{"rendered":"Ndri\u00e7ues &#8211; GM4-4"},"content":{"rendered":"<article class=\"text-token-text-primary w-full focus:outline-none [--shadow-height:45px] has-data-writing-block:pointer-events-none has-data-writing-block:-mt-(--shadow-height) has-data-writing-block:pt-(--shadow-height) [&amp;:has([data-writing-block])&gt;*]:pointer-events-auto [content-visibility:auto] supports-[content-visibility:auto]:[contain-intrinsic-size:auto_100lvh] scroll-mt-[calc(var(--header-height)+min(200px,max(70px,20svh)))]\" dir=\"auto\" tabindex=\"-1\" data-turn-id=\"request-WEB:da83ffde-f895-4546-aa8e-291aab37f73f-3\" data-testid=\"conversation-turn-8\" data-scroll-anchor=\"true\" data-turn=\"assistant\">\n<div class=\"text-base my-auto mx-auto pb-10 [--thread-content-margin:--spacing(4)] thread-sm:[--thread-content-margin:--spacing(6)] thread-lg:[--thread-content-margin:--spacing(16)] px-(--thread-content-margin)\">\n<div class=\"[--thread-content-max-width:40rem] thread-lg:[--thread-content-max-width:48rem] mx-auto max-w-(--thread-content-max-width) flex-1 group\/turn-messages focus-visible:outline-hidden relative flex w-full min-w-0 flex-col agent-turn\" tabindex=\"-1\">\n<div class=\"flex max-w-full flex-col grow\">\n<div class=\"min-h-8 text-message relative flex w-full flex-col items-end gap-2 text-start break-words whitespace-normal [.text-message+&amp;]:mt-1\" dir=\"auto\" data-message-author-role=\"assistant\" data-message-id=\"ff435a9a-e6fc-4d19-b49a-1b45e0540fa4\" data-message-model-slug=\"gpt-5\">\n<div class=\"flex w-full flex-col gap-1 empty:hidden first:pt-[1px]\">\n<div class=\"markdown prose dark:prose-invert w-full break-words light markdown-new-styling\">\n<p data-start=\"0\" data-end=\"161\" data-is-last-node=\"\" data-is-only-node=\"\">Drit\u00eb moderne pezull n\u00eb kuzhin\u00eb elegante, me dizajn minimalist dhe ndri\u00e7im t\u00eb ngroht\u00eb LED. Kombinohet n\u00eb m\u00ebnyr\u00eb perfekte, duke krijuar nj\u00eb ambient luksoz, t\u00eb past\u00ebr dhe bashk\u00ebkohor \u2014 ideal p\u00ebr ambiente moderne t\u00eb sht\u00ebpis\u00eb.<\/p>\n<\/div>\n<\/div>\n<\/div>\n<\/div>\n<div class=\"z-0 flex min-h-[46px] justify-start\">\n<article class=\"text-token-text-primary w-full focus:outline-none [--shadow-height:45px] has-data-writing-block:pointer-events-none has-data-writing-block:-mt-(--shadow-height) has-data-writing-block:pt-(--shadow-height) [&amp;:has([data-writing-block])&gt;*]:pointer-events-auto [content-visibility:auto] supports-[content-visibility:auto]:[contain-intrinsic-size:auto_100lvh] scroll-mt-[calc(var(--header-height)+min(200px,max(70px,20svh)))]\" dir=\"auto\" tabindex=\"-1\" data-turn-id=\"89c55b9f-bfdd-4ffd-a6fa-af23a1c22935\" data-testid=\"conversation-turn-4\" data-scroll-anchor=\"true\" data-turn=\"assistant\">\n<div class=\"text-base my-auto mx-auto pb-10 [--thread-content-margin:--spacing(4)] thread-sm:[--thread-content-margin:--spacing(6)] thread-lg:[--thread-content-margin:--spacing(16)] px-(--thread-content-margin)\">\n<div class=\"[--thread-content-max-width:40rem] thread-lg:[--thread-content-max-width:48rem] mx-auto max-w-(--thread-content-max-width) flex-1 group\/turn-messages focus-visible:outline-hidden relative flex w-full min-w-0 flex-col agent-turn\" tabindex=\"-1\">\n<div class=\"z-0 flex min-h-[46px] justify-start\"><\/div>\n<div class=\"mt-3 w-full empty:hidden\">\n<div class=\"text-center\"><\/div>\n<\/div>\n<\/div>\n<\/div>\n<\/article>\n<div class=\"pointer-events-none h-px w-px\" aria-hidden=\"true\" data-edge=\"true\"><\/div>\n<\/div>\n<\/div>\n<\/div>\n<\/article>\n","protected":false},"excerpt":{"rendered":"<p>Ndri\u00e7ues modern linear me drit\u00eb t\u00eb ngroht\u00eb LED \u2014 dizajn minimalist dhe elegant, perfekt p\u00ebr ambiente bashk\u00ebkohore. Shton stil dhe ndri\u00e7im luksoz n\u00eb \u00e7do hap\u00ebsir\u00eb.<\/p>","protected":false},"featured_media":4891,"comment_status":"open","ping_status":"closed","template":"","meta":{"_eb_attr":"","content-type":""},"etheme_brands":[],"product_brand":[77],"product_cat":[76],"product_tag":[],"class_list":{"0":"post-4888","1":"product","2":"type-product","3":"status-publish","4":"has-post-thumbnail","6":"product_brand-homix","7":"product_cat-ndricim","9":"first","10":"instock","11":"sale","12":"shipping-taxable","13":"purchasable","14":"product-type-simple"},"_links":{"self":[{"href":"https:\/\/homix-ks.com\/en\/wp-json\/wp\/v2\/product\/4888","targetHints":{"allow":["GET"]}}],"collection":[{"href":"https:\/\/homix-ks.com\/en\/wp-json\/wp\/v2\/product"}],"about":[{"href":"https:\/\/homix-ks.com\/en\/wp-json\/wp\/v2\/types\/product"}],"replies":[{"embeddable":true,"href":"https:\/\/homix-ks.com\/en\/wp-json\/wp\/v2\/comments?post=4888"}],"version-history":[{"count":3,"href":"https:\/\/homix-ks.com\/en\/wp-json\/wp\/v2\/product\/4888\/revisions"}],"predecessor-version":[{"id":5111,"href":"https:\/\/homix-ks.com\/en\/wp-json\/wp\/v2\/product\/4888\/revisions\/5111"}],"wp:featuredmedia":[{"embeddable":true,"href":"https:\/\/homix-ks.com\/en\/wp-json\/wp\/v2\/media\/4891"}],"wp:attachment":[{"href":"https:\/\/homix-ks.com\/en\/wp-json\/wp\/v2\/media?parent=4888"}],"wp:term":[{"taxonomy":"brand","embeddable":true,"href":"https:\/\/homix-ks.com\/en\/wp-json\/wp\/v2\/etheme_brands?post=4888"},{"taxonomy":"product_brand","embeddable":true,"href":"https:\/\/homix-ks.com\/en\/wp-json\/wp\/v2\/product_brand?post=4888"},{"taxonomy":"product_cat","embeddable":true,"href":"https:\/\/homix-ks.com\/en\/wp-json\/wp\/v2\/product_cat?post=4888"},{"taxonomy":"product_tag","embeddable":true,"href":"https:\/\/homix-ks.com\/en\/wp-json\/wp\/v2\/product_tag?post=4888"}],"curies":[{"name":"wp","href":"https:\/\/api.w.org\/{rel}","templated":true}]}}