{"id":4875,"date":"2025-10-10T13:39:53","date_gmt":"2025-10-10T13:39:53","guid":{"rendered":"https:\/\/homix-ks.com\/?post_type=product&#038;p=4875"},"modified":"2026-01-31T10:28:15","modified_gmt":"2026-01-31T10:28:15","slug":"ndricues-gm5-10","status":"publish","type":"product","link":"https:\/\/homix-ks.com\/en\/product\/ndricues-gm5-10\/","title":{"rendered":"Ndri\u00e7ues &#8211; GM5-10"},"content":{"rendered":"<div class=\"text-base my-auto mx-auto pb-10 [--thread-content-margin:--spacing(4)] thread-sm:[--thread-content-margin:--spacing(6)] thread-lg:[--thread-content-margin:--spacing(16)] px-(--thread-content-margin)\">\n<div class=\"[--thread-content-max-width:40rem] thread-lg:[--thread-content-max-width:48rem] mx-auto max-w-(--thread-content-max-width) flex-1 group\/turn-messages focus-visible:outline-hidden relative flex w-full min-w-0 flex-col agent-turn\" tabindex=\"-1\">\n<div class=\"flex max-w-full flex-col grow\">\n<div class=\"min-h-8 text-message relative flex w-full flex-col items-end gap-2 text-start break-words whitespace-normal [.text-message+&amp;]:mt-5\" dir=\"auto\" data-message-author-role=\"assistant\" data-message-id=\"9e3c0e95-a831-4136-9fe7-3e799613ffd9\" data-message-model-slug=\"gpt-5\">\n<div class=\"flex w-full flex-col gap-1 empty:hidden first:pt-[1px]\">\n<div class=\"markdown prose dark:prose-invert w-full break-words light markdown-new-styling\">\n<p data-start=\"0\" data-end=\"158\" data-is-last-node=\"\" data-is-only-node=\"\">Ndriques elegant kristali ndri\u00e7on bukur dhom\u00ebn moderne, duke i dh\u00ebn\u00eb ambientit nj\u00eb pamje luksoze dhe t\u00eb ngroht\u00eb<\/p>\n<\/div>\n<\/div>\n<\/div>\n<\/div>\n<\/div>\n<\/div>\n","protected":false},"excerpt":{"rendered":"<h6 class=\"sr-only\"><span style=\"font-size: 16px;\">Ndriques elegant q\u00eb sjell ndri\u00e7im luksoz dhe atmosfer\u00eb t\u00eb ngroht\u00eb<\/span><\/h6>","protected":false},"featured_media":4878,"comment_status":"open","ping_status":"closed","template":"","meta":{"_eb_attr":"","content-type":""},"etheme_brands":[],"product_brand":[77],"product_cat":[76],"product_tag":[],"class_list":{"0":"post-4875","1":"product","2":"type-product","3":"status-publish","4":"has-post-thumbnail","6":"product_brand-homix","7":"product_cat-ndricim","9":"first","10":"instock","11":"sale","12":"shipping-taxable","13":"purchasable","14":"product-type-simple"},"_links":{"self":[{"href":"https:\/\/homix-ks.com\/en\/wp-json\/wp\/v2\/product\/4875","targetHints":{"allow":["GET"]}}],"collection":[{"href":"https:\/\/homix-ks.com\/en\/wp-json\/wp\/v2\/product"}],"about":[{"href":"https:\/\/homix-ks.com\/en\/wp-json\/wp\/v2\/types\/product"}],"replies":[{"embeddable":true,"href":"https:\/\/homix-ks.com\/en\/wp-json\/wp\/v2\/comments?post=4875"}],"version-history":[{"count":3,"href":"https:\/\/homix-ks.com\/en\/wp-json\/wp\/v2\/product\/4875\/revisions"}],"predecessor-version":[{"id":5113,"href":"https:\/\/homix-ks.com\/en\/wp-json\/wp\/v2\/product\/4875\/revisions\/5113"}],"wp:featuredmedia":[{"embeddable":true,"href":"https:\/\/homix-ks.com\/en\/wp-json\/wp\/v2\/media\/4878"}],"wp:attachment":[{"href":"https:\/\/homix-ks.com\/en\/wp-json\/wp\/v2\/media?parent=4875"}],"wp:term":[{"taxonomy":"brand","embeddable":true,"href":"https:\/\/homix-ks.com\/en\/wp-json\/wp\/v2\/etheme_brands?post=4875"},{"taxonomy":"product_brand","embeddable":true,"href":"https:\/\/homix-ks.com\/en\/wp-json\/wp\/v2\/product_brand?post=4875"},{"taxonomy":"product_cat","embeddable":true,"href":"https:\/\/homix-ks.com\/en\/wp-json\/wp\/v2\/product_cat?post=4875"},{"taxonomy":"product_tag","embeddable":true,"href":"https:\/\/homix-ks.com\/en\/wp-json\/wp\/v2\/product_tag?post=4875"}],"curies":[{"name":"wp","href":"https:\/\/api.w.org\/{rel}","templated":true}]}}