{"id":4868,"date":"2025-10-10T13:18:30","date_gmt":"2025-10-10T13:18:30","guid":{"rendered":"https:\/\/homix-ks.com\/?post_type=product&#038;p=4868"},"modified":"2026-04-15T12:36:18","modified_gmt":"2026-04-15T12:36:18","slug":"ndriques-gm4-5","status":"publish","type":"product","link":"https:\/\/homix-ks.com\/en\/product\/ndriques-gm4-5\/","title":{"rendered":"Ndri\u00e7ues &#8211; GM4-5"},"content":{"rendered":"<p>Ky llambadar elegant kombinon dizajnin bashk\u00ebkohor me ndri\u00e7im t\u00eb ngroht\u00eb dhe luksoz. Struktura e tij rrethore me detaje kristali ofron nj\u00eb shk\u00eblqim t\u00eb but\u00eb dhe t\u00ebrheq\u00ebs, duke e b\u00ebr\u00eb t\u00eb p\u00ebrsosur p\u00ebr ambiente moderne si dhoma ndenjeje, sallone, restorante apo zyra.<\/p>","protected":false},"excerpt":{"rendered":"<p>Dizajn modern, ndri\u00e7im perfekt!<\/p>","protected":false},"featured_media":4871,"comment_status":"open","ping_status":"closed","template":"","meta":{"_eb_attr":"","content-type":""},"etheme_brands":[],"product_brand":[77],"product_cat":[76],"product_tag":[],"class_list":{"0":"post-4868","1":"product","2":"type-product","3":"status-publish","4":"has-post-thumbnail","6":"product_brand-homix","7":"product_cat-ndricim","9":"first","10":"instock","11":"sale","12":"shipping-taxable","13":"purchasable","14":"product-type-simple"},"_links":{"self":[{"href":"https:\/\/homix-ks.com\/en\/wp-json\/wp\/v2\/product\/4868","targetHints":{"allow":["GET"]}}],"collection":[{"href":"https:\/\/homix-ks.com\/en\/wp-json\/wp\/v2\/product"}],"about":[{"href":"https:\/\/homix-ks.com\/en\/wp-json\/wp\/v2\/types\/product"}],"replies":[{"embeddable":true,"href":"https:\/\/homix-ks.com\/en\/wp-json\/wp\/v2\/comments?post=4868"}],"version-history":[{"count":3,"href":"https:\/\/homix-ks.com\/en\/wp-json\/wp\/v2\/product\/4868\/revisions"}],"predecessor-version":[{"id":5114,"href":"https:\/\/homix-ks.com\/en\/wp-json\/wp\/v2\/product\/4868\/revisions\/5114"}],"wp:featuredmedia":[{"embeddable":true,"href":"https:\/\/homix-ks.com\/en\/wp-json\/wp\/v2\/media\/4871"}],"wp:attachment":[{"href":"https:\/\/homix-ks.com\/en\/wp-json\/wp\/v2\/media?parent=4868"}],"wp:term":[{"taxonomy":"brand","embeddable":true,"href":"https:\/\/homix-ks.com\/en\/wp-json\/wp\/v2\/etheme_brands?post=4868"},{"taxonomy":"product_brand","embeddable":true,"href":"https:\/\/homix-ks.com\/en\/wp-json\/wp\/v2\/product_brand?post=4868"},{"taxonomy":"product_cat","embeddable":true,"href":"https:\/\/homix-ks.com\/en\/wp-json\/wp\/v2\/product_cat?post=4868"},{"taxonomy":"product_tag","embeddable":true,"href":"https:\/\/homix-ks.com\/en\/wp-json\/wp\/v2\/product_tag?post=4868"}],"curies":[{"name":"wp","href":"https:\/\/api.w.org\/{rel}","templated":true}]}}