{"id":4861,"date":"2025-10-10T12:59:27","date_gmt":"2025-10-10T12:59:27","guid":{"rendered":"https:\/\/homix-ks.com\/?post_type=product&#038;p=4861"},"modified":"2026-03-05T21:29:26","modified_gmt":"2026-03-05T21:29:26","slug":"ndriques-gm5-9","status":"publish","type":"product","link":"https:\/\/homix-ks.com\/en\/product\/ndriques-gm5-9\/","title":{"rendered":"Ndri\u00e7ues &#8211; GM5-9"},"content":{"rendered":"<p>Dizajn rrethor me kristale t\u00eb akullta dhe ndri\u00e7im t\u00eb bardh\u00eb t\u00eb ftoht\u00eb.<br data-start=\"269\" data-end=\"272\" \/>Kombinon stilin futurist me drit\u00eb t\u00eb past\u00ebr dhe harmonike.<br data-start=\"332\" data-end=\"335\" \/>Ideal p\u00ebr ambiente moderne dhe interiere minimaliste.<\/p>","protected":false},"excerpt":{"rendered":"<p>Dizajn rrethor me kristale t\u00eb akullta dhe ndri\u00e7im t\u00eb bardh\u00eb t\u00eb ftoht\u00eb.Kombinon stilin futurist me drit\u00eb t\u00eb past\u00ebr dhe harmonike.Ideal p\u00ebr ambiente moderne dhe interiere&#8230;<\/p>","protected":false},"featured_media":4862,"comment_status":"open","ping_status":"closed","template":"","meta":{"_eb_attr":"","content-type":""},"etheme_brands":[],"product_brand":[77],"product_cat":[76],"product_tag":[],"class_list":{"0":"post-4861","1":"product","2":"type-product","3":"status-publish","4":"has-post-thumbnail","6":"product_brand-homix","7":"product_cat-ndricim","9":"first","10":"instock","11":"sale","12":"shipping-taxable","13":"purchasable","14":"product-type-simple"},"_links":{"self":[{"href":"https:\/\/homix-ks.com\/en\/wp-json\/wp\/v2\/product\/4861","targetHints":{"allow":["GET"]}}],"collection":[{"href":"https:\/\/homix-ks.com\/en\/wp-json\/wp\/v2\/product"}],"about":[{"href":"https:\/\/homix-ks.com\/en\/wp-json\/wp\/v2\/types\/product"}],"replies":[{"embeddable":true,"href":"https:\/\/homix-ks.com\/en\/wp-json\/wp\/v2\/comments?post=4861"}],"version-history":[{"count":3,"href":"https:\/\/homix-ks.com\/en\/wp-json\/wp\/v2\/product\/4861\/revisions"}],"predecessor-version":[{"id":5115,"href":"https:\/\/homix-ks.com\/en\/wp-json\/wp\/v2\/product\/4861\/revisions\/5115"}],"wp:featuredmedia":[{"embeddable":true,"href":"https:\/\/homix-ks.com\/en\/wp-json\/wp\/v2\/media\/4862"}],"wp:attachment":[{"href":"https:\/\/homix-ks.com\/en\/wp-json\/wp\/v2\/media?parent=4861"}],"wp:term":[{"taxonomy":"brand","embeddable":true,"href":"https:\/\/homix-ks.com\/en\/wp-json\/wp\/v2\/etheme_brands?post=4861"},{"taxonomy":"product_brand","embeddable":true,"href":"https:\/\/homix-ks.com\/en\/wp-json\/wp\/v2\/product_brand?post=4861"},{"taxonomy":"product_cat","embeddable":true,"href":"https:\/\/homix-ks.com\/en\/wp-json\/wp\/v2\/product_cat?post=4861"},{"taxonomy":"product_tag","embeddable":true,"href":"https:\/\/homix-ks.com\/en\/wp-json\/wp\/v2\/product_tag?post=4861"}],"curies":[{"name":"wp","href":"https:\/\/api.w.org\/{rel}","templated":true}]}}