{"id":4853,"date":"2025-10-10T10:00:40","date_gmt":"2025-10-10T10:00:40","guid":{"rendered":"https:\/\/homix-ks.com\/?post_type=product&#038;p=4853"},"modified":"2026-04-14T20:24:50","modified_gmt":"2026-04-14T20:24:50","slug":"ndriques-gm5-4","status":"publish","type":"product","link":"https:\/\/homix-ks.com\/en\/product\/ndriques-gm5-4\/","title":{"rendered":"Ndri\u00e7ues &#8211; GM5-4"},"content":{"rendered":"<p><strong data-start=\"469\" data-end=\"505\">Eleganc\u00eb q\u00eb ndri\u00e7on \u00e7do hap\u00ebsir\u00eb<\/strong><br data-start=\"505\" data-end=\"508\" \/>Kandil modern me unaza ari dhe kristale t\u00eb ndritshme.<br data-start=\"566\" data-end=\"569\" \/>Ndri\u00e7im i but\u00eb LED q\u00eb krijon atmosfer\u00eb t\u00eb ngroht\u00eb dhe luksoze.<br data-start=\"633\" data-end=\"636\" \/>Perfekt p\u00ebr \u00e7do ambient modern.<\/p>","protected":false},"excerpt":{"rendered":"<p>Drit\u00eb q\u00eb flet me eleganc\u00eb.<\/p>","protected":false},"featured_media":4855,"comment_status":"open","ping_status":"closed","template":"","meta":{"_eb_attr":"","content-type":""},"etheme_brands":[],"product_brand":[77],"product_cat":[76],"product_tag":[],"class_list":{"0":"post-4853","1":"product","2":"type-product","3":"status-publish","4":"has-post-thumbnail","6":"product_brand-homix","7":"product_cat-ndricim","9":"first","10":"instock","11":"sale","12":"shipping-taxable","13":"purchasable","14":"product-type-simple"},"_links":{"self":[{"href":"https:\/\/homix-ks.com\/en\/wp-json\/wp\/v2\/product\/4853","targetHints":{"allow":["GET"]}}],"collection":[{"href":"https:\/\/homix-ks.com\/en\/wp-json\/wp\/v2\/product"}],"about":[{"href":"https:\/\/homix-ks.com\/en\/wp-json\/wp\/v2\/types\/product"}],"replies":[{"embeddable":true,"href":"https:\/\/homix-ks.com\/en\/wp-json\/wp\/v2\/comments?post=4853"}],"version-history":[{"count":2,"href":"https:\/\/homix-ks.com\/en\/wp-json\/wp\/v2\/product\/4853\/revisions"}],"predecessor-version":[{"id":5116,"href":"https:\/\/homix-ks.com\/en\/wp-json\/wp\/v2\/product\/4853\/revisions\/5116"}],"wp:featuredmedia":[{"embeddable":true,"href":"https:\/\/homix-ks.com\/en\/wp-json\/wp\/v2\/media\/4855"}],"wp:attachment":[{"href":"https:\/\/homix-ks.com\/en\/wp-json\/wp\/v2\/media?parent=4853"}],"wp:term":[{"taxonomy":"brand","embeddable":true,"href":"https:\/\/homix-ks.com\/en\/wp-json\/wp\/v2\/etheme_brands?post=4853"},{"taxonomy":"product_brand","embeddable":true,"href":"https:\/\/homix-ks.com\/en\/wp-json\/wp\/v2\/product_brand?post=4853"},{"taxonomy":"product_cat","embeddable":true,"href":"https:\/\/homix-ks.com\/en\/wp-json\/wp\/v2\/product_cat?post=4853"},{"taxonomy":"product_tag","embeddable":true,"href":"https:\/\/homix-ks.com\/en\/wp-json\/wp\/v2\/product_tag?post=4853"}],"curies":[{"name":"wp","href":"https:\/\/api.w.org\/{rel}","templated":true}]}}