{"id":4846,"date":"2025-10-09T11:35:35","date_gmt":"2025-10-09T11:35:35","guid":{"rendered":"https:\/\/homix-ks.com\/?post_type=product&#038;p=4846"},"modified":"2026-03-05T21:27:45","modified_gmt":"2026-03-05T21:27:45","slug":"emd-professional-trimer","status":"publish","type":"product","link":"https:\/\/homix-ks.com\/en\/product\/emd-professional-trimer\/","title":{"rendered":"EMD &#8211; Professional Trimer"},"content":{"rendered":"<h2 data-start=\"68\" data-end=\"134\"><strong data-start=\"71\" data-end=\"134\">Specifikime Teknike \u2013 Hair Clippers &amp; Beard Trimmer for Men<\/strong><\/h2>\n<ul data-start=\"136\" data-end=\"536\">\n<li data-start=\"136\" data-end=\"203\">\n<p data-start=\"138\" data-end=\"203\"><strong data-start=\"138\" data-end=\"167\">Motor i fuqish\u00ebm &amp; i qet\u00eb<\/strong><\/p>\n<\/li>\n<li data-start=\"204\" data-end=\"277\">\n<p data-start=\"206\" data-end=\"277\"><strong data-start=\"206\" data-end=\"229\">Teh T-Form\u00eb R-Shape<\/strong> \u2013 i mpreht\u00eb, preciz dhe i sigurt p\u00ebr l\u00ebkur\u00ebn.<\/p>\n<\/li>\n<li data-start=\"278\" data-end=\"346\">\n<p data-start=\"280\" data-end=\"346\"><strong data-start=\"280\" data-end=\"296\">Trup metalik<\/strong> me dizajn antirr\u00ebshqit\u00ebs dhe gdhendje elegante.<\/p>\n<\/li>\n<li data-start=\"347\" data-end=\"434\">\n<p data-start=\"349\" data-end=\"434\"><strong data-start=\"349\" data-end=\"380\">Pa kabllo &amp; i rikarikuesh\u00ebm<\/strong> \u2013 bateri 1200mAh, 2 or\u00eb p\u00ebrdorim pas 2 or\u00eb karikim.<\/p>\n<\/li>\n<li data-start=\"435\" data-end=\"487\">\n<p data-start=\"437\" data-end=\"487\"><strong data-start=\"437\" data-end=\"460\">Rezistent ndaj ujit<\/strong> \u2013 teh i larsh\u00ebm n\u00ebn uj\u00eb.<\/p>\n<\/li>\n<li data-start=\"488\" data-end=\"509\">\n<p data-start=\"490\" data-end=\"509\"><strong data-start=\"490\" data-end=\"501\">Ngjyra:<\/strong> Bronz<\/p>\n<\/li>\n<li data-start=\"510\" data-end=\"536\">\n<p data-start=\"512\" data-end=\"536\"><strong data-start=\"512\" data-end=\"522\">Fuqia:<\/strong> 3W<\/p>\n<\/li>\n<li data-start=\"510\" data-end=\"536\"><strong>Travel Size<\/strong><\/li>\n<\/ul>\n<p data-start=\"538\" data-end=\"646\"><strong data-start=\"538\" data-end=\"563\">P\u00ebrmbajtja e paket\u00ebs:<\/strong><br data-start=\"563\" data-end=\"566\" \/>1\u00d7 Trimmer, 4\u00d7 Krehra, 1\u00d7 Kabllo USB, 1\u00d7 Fur\u00e7\u00eb.<\/p>","protected":false},"excerpt":{"rendered":"<p>Trimmer profesional p\u00ebr flok\u00eb dhe mjek\u00ebr me motor t\u00eb fuqish\u00ebm, teh T-form\u00eb t\u00eb mpreht\u00eb dhe trup metalik elegant. Pa kabllo, i qet\u00eb dhe rezistent ndaj ujit, ideal p\u00ebr prerje t\u00eb shpejt\u00eb dhe t\u00eb sakt\u00eb n\u00eb sht\u00ebpi apo udh\u00ebtim.<\/p>","protected":false},"featured_media":5343,"comment_status":"open","ping_status":"closed","template":"","meta":{"_eb_attr":"","content-type":""},"etheme_brands":[],"product_brand":[],"product_cat":[15],"product_tag":[],"class_list":{"0":"post-4846","1":"product","2":"type-product","3":"status-publish","4":"has-post-thumbnail","6":"product_cat-uncategorized","8":"first","9":"instock","10":"sale","11":"shipping-taxable","12":"purchasable","13":"product-type-simple"},"_links":{"self":[{"href":"https:\/\/homix-ks.com\/en\/wp-json\/wp\/v2\/product\/4846","targetHints":{"allow":["GET"]}}],"collection":[{"href":"https:\/\/homix-ks.com\/en\/wp-json\/wp\/v2\/product"}],"about":[{"href":"https:\/\/homix-ks.com\/en\/wp-json\/wp\/v2\/types\/product"}],"replies":[{"embeddable":true,"href":"https:\/\/homix-ks.com\/en\/wp-json\/wp\/v2\/comments?post=4846"}],"version-history":[{"count":2,"href":"https:\/\/homix-ks.com\/en\/wp-json\/wp\/v2\/product\/4846\/revisions"}],"predecessor-version":[{"id":4852,"href":"https:\/\/homix-ks.com\/en\/wp-json\/wp\/v2\/product\/4846\/revisions\/4852"}],"wp:featuredmedia":[{"embeddable":true,"href":"https:\/\/homix-ks.com\/en\/wp-json\/wp\/v2\/media\/5343"}],"wp:attachment":[{"href":"https:\/\/homix-ks.com\/en\/wp-json\/wp\/v2\/media?parent=4846"}],"wp:term":[{"taxonomy":"brand","embeddable":true,"href":"https:\/\/homix-ks.com\/en\/wp-json\/wp\/v2\/etheme_brands?post=4846"},{"taxonomy":"product_brand","embeddable":true,"href":"https:\/\/homix-ks.com\/en\/wp-json\/wp\/v2\/product_brand?post=4846"},{"taxonomy":"product_cat","embeddable":true,"href":"https:\/\/homix-ks.com\/en\/wp-json\/wp\/v2\/product_cat?post=4846"},{"taxonomy":"product_tag","embeddable":true,"href":"https:\/\/homix-ks.com\/en\/wp-json\/wp\/v2\/product_tag?post=4846"}],"curies":[{"name":"wp","href":"https:\/\/api.w.org\/{rel}","templated":true}]}}