{"id":4807,"date":"2025-10-08T13:00:34","date_gmt":"2025-10-08T13:00:34","guid":{"rendered":"https:\/\/homix-ks.com\/?post_type=product&#038;p=4807"},"modified":"2025-11-13T18:48:49","modified_gmt":"2025-11-13T18:48:49","slug":"fshese-me-korrent-2500w-e-bardhe-dessini-ds-777","status":"publish","type":"product","link":"https:\/\/homix-ks.com\/en\/product\/fshese-me-korrent-2500w-e-bardhe-dessini-ds-777\/","title":{"rendered":"Fshes\u00eb me Korrent, 2500W, e bardhe &#8211; DESSINI DS-777"},"content":{"rendered":"<p data-start=\"620\" data-end=\"643\"><strong data-start=\"620\" data-end=\"643\">Specifikat:<\/strong><\/p>\n<ul data-start=\"644\" data-end=\"1100\">\n<li data-start=\"644\" data-end=\"669\">\n<p data-start=\"646\" data-end=\"669\">Fuqi maksimale: 2500W<\/p>\n<\/li>\n<li data-start=\"670\" data-end=\"693\">\n<p data-start=\"672\" data-end=\"693\">Fuqi thith\u00ebse: 550W<\/p>\n<\/li>\n<li data-start=\"694\" data-end=\"729\">\n<p data-start=\"696\" data-end=\"729\">Ekran LED p\u00ebr kontroll t\u00eb leht\u00eb<\/p>\n<\/li>\n<li data-start=\"730\" data-end=\"789\">\n<p data-start=\"732\" data-end=\"789\">Filtrim i ajrit me <strong data-start=\"751\" data-end=\"766\">filt\u00ebr HEPA<\/strong> (n\u00eb hyrje dhe dalje)<\/p>\n<\/li>\n<li data-start=\"790\" data-end=\"825\">\n<p data-start=\"792\" data-end=\"825\">Sistem filtrimi me <strong data-start=\"811\" data-end=\"823\">6 nivele<\/strong><\/p>\n<\/li>\n<li data-start=\"826\" data-end=\"874\">\n<p data-start=\"828\" data-end=\"874\">Distanca maksimale e funksionimit: 7.5 metra<\/p>\n<\/li>\n<li data-start=\"875\" data-end=\"906\">\n<p data-start=\"877\" data-end=\"906\">Gjat\u00ebsia e kabllos: 5 metra<\/p>\n<\/li>\n<li data-start=\"907\" data-end=\"944\">\n<p data-start=\"909\" data-end=\"944\">Mb\u00ebshtjellje automatike e kabllos<\/p>\n<\/li>\n<li data-start=\"945\" data-end=\"978\">\n<p data-start=\"947\" data-end=\"978\">Gyp i fort\u00eb dhe i q\u00ebndruesh\u00ebm<\/p>\n<\/li>\n<li data-start=\"979\" data-end=\"1029\">\n<p data-start=\"981\" data-end=\"1029\">Qese e lar\u00eb <strong data-start=\"993\" data-end=\"1005\">Hygiene+<\/strong> me mbyllje automatike<\/p>\n<\/li>\n<\/ul>","protected":false},"excerpt":{"rendered":"<p>Fshesa me korrent <strong data-start=\"267\" data-end=\"285\">DESSINI DS777N<\/strong> kombinon fuqi t\u00eb lart\u00eb thith\u00ebse me teknologji t\u00eb avancuar p\u00ebr kursim energjie. Me motorin e ri <strong data-start=\"381\" data-end=\"393\">EffiTech<\/strong>, sistem filtrimi HEPA me 6 nivele dhe qese t\u00eb lar\u00eb <strong data-start=\"445\" data-end=\"457\">Hygiene+<\/strong>, kjo fshes\u00eb ofron pastrim t\u00eb thell\u00eb dhe higjien\u00eb maksimale.<\/p>","protected":false},"featured_media":5257,"comment_status":"open","ping_status":"closed","template":"","meta":{"_eb_attr":"","content-type":""},"etheme_brands":[],"product_brand":[],"product_cat":[92,74,72],"product_tag":[],"class_list":{"0":"post-4807","1":"product","2":"type-product","3":"status-publish","4":"has-post-thumbnail","6":"product_cat-hapja-e-madhe","7":"product_cat-pajisje-pastrimi","8":"product_cat-pajisje-per-shtepi","10":"first","11":"instock","12":"sale","13":"shipping-taxable","14":"purchasable","15":"product-type-simple"},"_links":{"self":[{"href":"https:\/\/homix-ks.com\/en\/wp-json\/wp\/v2\/product\/4807","targetHints":{"allow":["GET"]}}],"collection":[{"href":"https:\/\/homix-ks.com\/en\/wp-json\/wp\/v2\/product"}],"about":[{"href":"https:\/\/homix-ks.com\/en\/wp-json\/wp\/v2\/types\/product"}],"replies":[{"embeddable":true,"href":"https:\/\/homix-ks.com\/en\/wp-json\/wp\/v2\/comments?post=4807"}],"version-history":[{"count":2,"href":"https:\/\/homix-ks.com\/en\/wp-json\/wp\/v2\/product\/4807\/revisions"}],"predecessor-version":[{"id":4813,"href":"https:\/\/homix-ks.com\/en\/wp-json\/wp\/v2\/product\/4807\/revisions\/4813"}],"wp:featuredmedia":[{"embeddable":true,"href":"https:\/\/homix-ks.com\/en\/wp-json\/wp\/v2\/media\/5257"}],"wp:attachment":[{"href":"https:\/\/homix-ks.com\/en\/wp-json\/wp\/v2\/media?parent=4807"}],"wp:term":[{"taxonomy":"brand","embeddable":true,"href":"https:\/\/homix-ks.com\/en\/wp-json\/wp\/v2\/etheme_brands?post=4807"},{"taxonomy":"product_brand","embeddable":true,"href":"https:\/\/homix-ks.com\/en\/wp-json\/wp\/v2\/product_brand?post=4807"},{"taxonomy":"product_cat","embeddable":true,"href":"https:\/\/homix-ks.com\/en\/wp-json\/wp\/v2\/product_cat?post=4807"},{"taxonomy":"product_tag","embeddable":true,"href":"https:\/\/homix-ks.com\/en\/wp-json\/wp\/v2\/product_tag?post=4807"}],"curies":[{"name":"wp","href":"https:\/\/api.w.org\/{rel}","templated":true}]}}