{"id":4616,"date":"2025-10-04T10:25:41","date_gmt":"2025-10-04T10:25:41","guid":{"rendered":"https:\/\/homix-ks.com\/?post_type=product&#038;p=4616"},"modified":"2026-02-04T09:25:44","modified_gmt":"2026-02-04T09:25:44","slug":"aparat-kafeje-marado-ma-1688","status":"publish","type":"product","link":"https:\/\/homix-ks.com\/en\/product\/aparat-kafeje-marado-ma-1688\/","title":{"rendered":"Aparat per Kafe Turke- MARADO MA-1688"},"content":{"rendered":"<p>Specifikat:<\/p>\n<p>Fuqia: 220V, 50-60Hz, 600W<br \/>\nKapaciteti: 1-4 filxhan\u00eb (70-280ml)<br \/>\nFunksionet: Sensor kunder derdhjes, sistem sigurie, sinjal z\u00ebri p\u00ebr p\u00ebrfundimin e p\u00ebrgaditjes.<\/p>","protected":false},"excerpt":{"rendered":"<p>Aparat kafeje MARADO &#8211; kafe perfekte \u00e7do her\u00eb!<\/p>\n<p>Kapacitet p\u00ebr 1-4 filxhan\u00eb, me sensor kunder derdhjes de sistem sigurie p\u00ebr p\u00ebrdorim t\u00eb thjesht\u00eb dhe t\u00eb sigurt\u00eb.<\/p>","protected":false},"featured_media":6752,"comment_status":"open","ping_status":"closed","template":"","meta":{"_eb_attr":"","content-type":""},"etheme_brands":[],"product_brand":[],"product_cat":[73],"product_tag":[],"class_list":{"0":"post-4616","1":"product","2":"type-product","3":"status-publish","4":"has-post-thumbnail","6":"product_cat-pajisje-kuzhine","8":"first","9":"outofstock","10":"sale","11":"shipping-taxable","12":"purchasable","13":"product-type-simple"},"_links":{"self":[{"href":"https:\/\/homix-ks.com\/en\/wp-json\/wp\/v2\/product\/4616","targetHints":{"allow":["GET"]}}],"collection":[{"href":"https:\/\/homix-ks.com\/en\/wp-json\/wp\/v2\/product"}],"about":[{"href":"https:\/\/homix-ks.com\/en\/wp-json\/wp\/v2\/types\/product"}],"replies":[{"embeddable":true,"href":"https:\/\/homix-ks.com\/en\/wp-json\/wp\/v2\/comments?post=4616"}],"version-history":[{"count":4,"href":"https:\/\/homix-ks.com\/en\/wp-json\/wp\/v2\/product\/4616\/revisions"}],"predecessor-version":[{"id":4814,"href":"https:\/\/homix-ks.com\/en\/wp-json\/wp\/v2\/product\/4616\/revisions\/4814"}],"wp:featuredmedia":[{"embeddable":true,"href":"https:\/\/homix-ks.com\/en\/wp-json\/wp\/v2\/media\/6752"}],"wp:attachment":[{"href":"https:\/\/homix-ks.com\/en\/wp-json\/wp\/v2\/media?parent=4616"}],"wp:term":[{"taxonomy":"brand","embeddable":true,"href":"https:\/\/homix-ks.com\/en\/wp-json\/wp\/v2\/etheme_brands?post=4616"},{"taxonomy":"product_brand","embeddable":true,"href":"https:\/\/homix-ks.com\/en\/wp-json\/wp\/v2\/product_brand?post=4616"},{"taxonomy":"product_cat","embeddable":true,"href":"https:\/\/homix-ks.com\/en\/wp-json\/wp\/v2\/product_cat?post=4616"},{"taxonomy":"product_tag","embeddable":true,"href":"https:\/\/homix-ks.com\/en\/wp-json\/wp\/v2\/product_tag?post=4616"}],"curies":[{"name":"wp","href":"https:\/\/api.w.org\/{rel}","templated":true}]}}